{"id":5026,"date":"2025-09-10T13:11:30","date_gmt":"2025-09-10T16:11:30","guid":{"rendered":"https:\/\/isef2-caba.infd.edu.ar\/sitio\/?page_id=5026"},"modified":"2025-09-10T13:38:30","modified_gmt":"2025-09-10T16:38:30","slug":"consejos","status":"publish","type":"page","link":"https:\/\/isef2-caba.infd.edu.ar\/sitio\/consejos\/","title":{"rendered":"Consejo"},"content":{"rendered":"\n<div class=\"wp-block-columns alignwide is-layout-flex wp-container-5\" style=\"margin-bottom:0\">\n<div class=\"wp-block-column has-text-color has-background has-link-color wp-elements-ab66918bfc587d5289b798f664f50ed9 is-layout-flow\" style=\"color:#000000;background-color:#ffe97d;padding-top:2em;padding-right:2em;padding-bottom:2em;padding-left:2em\">\n<h2 class=\"wp-block-heading\" id=\"single\" style=\"font-size:40px\"><strong>Consejo Directivo<\/strong><\/h2>\n\n\n\n<p class=\"has-normal-font-size\" style=\"line-height:1.5\"><\/p>\n\n\n\n<hr class=\"wp-block-separator has-text-color has-css-opacity has-background is-style-wide\" style=\"background-color:#000000;color:#000000\"\/>\n\n\n\n<ul class=\"has-normal-font-size\">\n<li>En el siguiente <a rel=\"noreferrer noopener\" href=\"https:\/\/isef2-caba.infd.edu.ar\/sitio\/consejo-directivo\/\" target=\"_blank\"><strong>link<\/strong><\/a> podr\u00e1s acceder a toda la informaci\u00f3n relativa al Consejo Directivo de nuestra instituci\u00f3n<\/li>\n<\/ul>\n\n\n\n<div class=\"wp-block-buttons alignfull is-horizontal is-content-justification-center is-layout-flex wp-container-1\"><\/div>\n<\/div>\n\n\n\n<div class=\"wp-block-column has-text-color has-background has-link-color wp-elements-8d2eb9769b775a7740b9a6bbe0b7eec1 is-layout-flow\" style=\"color:#000000;background-color:#d1d1e1;padding-top:2em;padding-right:2em;padding-bottom:2em;padding-left:2em\">\n<h2 class=\"wp-block-heading\" id=\"family\" style=\"font-size:40px\"><strong>Consejo Acad\u00e9mico<\/strong><\/h2>\n\n\n\n<p class=\"has-normal-font-size\" style=\"line-height:1.5\"><\/p>\n\n\n\n<hr class=\"wp-block-separator has-css-opacity is-style-wide\"\/>\n\n\n\n<ul class=\"has-normal-font-size\">\n<li><a href=\"https:\/\/drive.google.com\/file\/d\/1l5OkM1uQoVouT_l_Wc384ZzcfNA6pawt\/view?usp=sharing\" target=\"_blank\" rel=\"noreferrer noopener\">Reglamento Consejo Acad\u00e9mico 2025<\/a><\/li>\n<\/ul>\n\n\n\n<div class=\"wp-block-buttons alignfull is-horizontal is-content-justification-center is-layout-flex wp-container-3\"><\/div>\n<\/div>\n<\/div>\n","protected":false},"excerpt":{"rendered":"<p>Consejo Directivo Consejo Acad\u00e9mico<\/p>\n","protected":false},"author":1468,"featured_media":0,"parent":0,"menu_order":0,"comment_status":"closed","ping_status":"closed","template":"","meta":[],"acf":[],"_links":{"self":[{"href":"https:\/\/isef2-caba.infd.edu.ar\/sitio\/wp-json\/wp\/v2\/pages\/5026"}],"collection":[{"href":"https:\/\/isef2-caba.infd.edu.ar\/sitio\/wp-json\/wp\/v2\/pages"}],"about":[{"href":"https:\/\/isef2-caba.infd.edu.ar\/sitio\/wp-json\/wp\/v2\/types\/page"}],"author":[{"embeddable":true,"href":"https:\/\/isef2-caba.infd.edu.ar\/sitio\/wp-json\/wp\/v2\/users\/1468"}],"replies":[{"embeddable":true,"href":"https:\/\/isef2-caba.infd.edu.ar\/sitio\/wp-json\/wp\/v2\/comments?post=5026"}],"version-history":[{"count":6,"href":"https:\/\/isef2-caba.infd.edu.ar\/sitio\/wp-json\/wp\/v2\/pages\/5026\/revisions"}],"predecessor-version":[{"id":5036,"href":"https:\/\/isef2-caba.infd.edu.ar\/sitio\/wp-json\/wp\/v2\/pages\/5026\/revisions\/5036"}],"wp:attachment":[{"href":"https:\/\/isef2-caba.infd.edu.ar\/sitio\/wp-json\/wp\/v2\/media?parent=5026"}],"curies":[{"name":"wp","href":"https:\/\/api.w.org\/{rel}","templated":true}]}}