{"id":4993,"date":"2025-08-20T12:48:57","date_gmt":"2025-08-20T15:48:57","guid":{"rendered":"https:\/\/isef2-caba.infd.edu.ar\/sitio\/?page_id=4993"},"modified":"2025-08-20T12:48:58","modified_gmt":"2025-08-20T15:48:58","slug":"siu-guarani","status":"publish","type":"page","link":"https:\/\/isef2-caba.infd.edu.ar\/sitio\/siu-guarani\/","title":{"rendered":"SIU-Guaran\u00ed"},"content":{"rendered":"\n<p>Les informamos que  disponen del SIU-GUARAN\u00cd para la gesti\u00f3n de su cursada. Podr\u00e1n consultar historia acad\u00e9mica, solicitar constancias, inscribirse a cursadas y examenes finales.<\/p>\n\n\n\n<p>La Instituci\u00f3n necesita verificar la informaci\u00f3n all\u00ed migrada ya que pueden aparecer errores y en el caso que asi sea te pedimos que te acerques a Bedelia para rectificar la historia acad\u00e9mica&nbsp;<\/p>\n\n\n\n<p>INSTRUCTIVO SIU\u00a0<a href=\"https:\/\/drive.google.com\/file\/d\/1ufNR6WKt2gpATQXnjjhoFkiSJ74caTPr\/view?usp=sharing\" target=\"_blank\" rel=\"noreferrer noopener\">CLICK AQUI<\/a>\u00a0<\/p>\n\n\n\n<p>PARA INGRESAR AL SIU HAGA&nbsp;<a rel=\"noreferrer noopener\" href=\"https:\/\/guarani-autogestionfdocente.bue.edu.ar\/\" target=\"_blank\">CLICK AQUI<\/a><\/p>\n","protected":false},"excerpt":{"rendered":"<p>Les informamos que disponen del SIU-GUARAN\u00cd para la gesti\u00f3n de su cursada. Podr\u00e1n consultar historia acad\u00e9mica, solicitar constancias, inscribirse a cursadas y examenes finales. La Instituci\u00f3n necesita verificar la informaci\u00f3n all\u00ed migrada ya que pueden aparecer errores y en el caso que asi sea te pedimos que te acerques a Bedelia para rectificar la historia &#8230; <a title=\"SIU-Guaran\u00ed\" class=\"read-more\" href=\"https:\/\/isef2-caba.infd.edu.ar\/sitio\/siu-guarani\/\" aria-label=\"More on SIU-Guaran\u00ed\">[+]<\/a><\/p>\n","protected":false},"author":1587,"featured_media":0,"parent":0,"menu_order":0,"comment_status":"closed","ping_status":"closed","template":"","meta":[],"acf":[],"_links":{"self":[{"href":"https:\/\/isef2-caba.infd.edu.ar\/sitio\/wp-json\/wp\/v2\/pages\/4993"}],"collection":[{"href":"https:\/\/isef2-caba.infd.edu.ar\/sitio\/wp-json\/wp\/v2\/pages"}],"about":[{"href":"https:\/\/isef2-caba.infd.edu.ar\/sitio\/wp-json\/wp\/v2\/types\/page"}],"author":[{"embeddable":true,"href":"https:\/\/isef2-caba.infd.edu.ar\/sitio\/wp-json\/wp\/v2\/users\/1587"}],"replies":[{"embeddable":true,"href":"https:\/\/isef2-caba.infd.edu.ar\/sitio\/wp-json\/wp\/v2\/comments?post=4993"}],"version-history":[{"count":3,"href":"https:\/\/isef2-caba.infd.edu.ar\/sitio\/wp-json\/wp\/v2\/pages\/4993\/revisions"}],"predecessor-version":[{"id":4998,"href":"https:\/\/isef2-caba.infd.edu.ar\/sitio\/wp-json\/wp\/v2\/pages\/4993\/revisions\/4998"}],"wp:attachment":[{"href":"https:\/\/isef2-caba.infd.edu.ar\/sitio\/wp-json\/wp\/v2\/media?parent=4993"}],"curies":[{"name":"wp","href":"https:\/\/api.w.org\/{rel}","templated":true}]}}