{"id":4911,"date":"2025-08-20T11:25:38","date_gmt":"2025-08-20T14:25:38","guid":{"rendered":"https:\/\/isef2-caba.infd.edu.ar\/sitio\/?page_id=4911"},"modified":"2025-08-20T11:29:25","modified_gmt":"2025-08-20T14:29:25","slug":"publicaciones-de-investigaciones-realizadas","status":"publish","type":"page","link":"https:\/\/isef2-caba.infd.edu.ar\/sitio\/publicaciones-de-investigaciones-realizadas\/","title":{"rendered":"Publicaciones de investigaciones realizadas"},"content":{"rendered":"\n<p>Art\u00edculo en revista. Citaci\u00f3n: Mariel Ruiz, Karina Fins &amp; Mariano Alu (2024). \u201cLos afectos en la formaci\u00f3n de profesores de educaci\u00f3n f\u00edsica. Una revisi\u00f3n de la literatura sobre emocionalidad y afectividad en las relaciones pedag\u00f3gicas\u201d. EFEI (Educaci\u00f3n F\u00edsica Experiencias E Investigaciones), 13(12). Recuperado a partir de https:\/\/revele.uncoma.edu.ar\/index.php\/revistaefei\/article\/view\/5844.<\/p>\n\n\n\n<p>Art\u00edculo en revista. Citaci\u00f3n: Mariel Ruiz, Karina Fins, Sebasti\u00e1n Klein &amp; Cristian Maidana (2023). \u201cA forma\u00e7\u00e3o inicial de professores em Educa\u00e7\u00e3o F\u00edsica no contexto da excepcionalidade (COVID-19). O caso do Instituto Superior de Educa\u00e7\u00e3o F\u00edsica No. 2 Prof. Frederick Williams Dickens\u201d. Revista Fluminense de Educa\u00e7\u00e3o F\u00edsica. Pesquisas e experi\u00eancias interrogam o hegemonicamente associado \u00e0 Educa\u00e7\u00e3o F\u00edsica. Vol. 04, n.1, maio de 2023. https:\/\/periodicos.uff.br\/edfisica-fluminense\/article\/view\/57937.<\/p>\n\n\n\n<p>Art\u00edculo en revista. Citaci\u00f3n: Mariel Ruiz &amp; Karina Fins (2023). \u201cUn Estudio Exploratorio sobre las Pr\u00e1cticas de la Ense\u00f1anza en Pandemia. El Caso del Instituto Superior de Educaci\u00f3n F\u00edsica N\u00ba 2 \u201cFederico W. Dickens\u201d (2020-2021)\u201d. EFEI (Educaci\u00f3n F\u00edsica Experiencias E Investigaciones), 12(11). Recuperado a partir de https:\/\/revele.uncoma.edu.ar\/index.php\/revistaefei\/article\/view\/5116.<\/p>\n","protected":false},"excerpt":{"rendered":"<p>Art\u00edculo en revista. Citaci\u00f3n: Mariel Ruiz, Karina Fins &amp; Mariano Alu (2024). \u201cLos afectos en la formaci\u00f3n de profesores de educaci\u00f3n f\u00edsica. Una revisi\u00f3n de la literatura sobre emocionalidad y afectividad en las relaciones pedag\u00f3gicas\u201d. EFEI (Educaci\u00f3n F\u00edsica Experiencias E Investigaciones), 13(12). Recuperado a partir de https:\/\/revele.uncoma.edu.ar\/index.php\/revistaefei\/article\/view\/5844. Art\u00edculo en revista. Citaci\u00f3n: Mariel Ruiz, Karina Fins, &#8230; <a title=\"Publicaciones de investigaciones realizadas\" class=\"read-more\" href=\"https:\/\/isef2-caba.infd.edu.ar\/sitio\/publicaciones-de-investigaciones-realizadas\/\" aria-label=\"More on Publicaciones de investigaciones realizadas\">[+]<\/a><\/p>\n","protected":false},"author":7261,"featured_media":0,"parent":0,"menu_order":0,"comment_status":"closed","ping_status":"closed","template":"","meta":[],"acf":[],"_links":{"self":[{"href":"https:\/\/isef2-caba.infd.edu.ar\/sitio\/wp-json\/wp\/v2\/pages\/4911"}],"collection":[{"href":"https:\/\/isef2-caba.infd.edu.ar\/sitio\/wp-json\/wp\/v2\/pages"}],"about":[{"href":"https:\/\/isef2-caba.infd.edu.ar\/sitio\/wp-json\/wp\/v2\/types\/page"}],"author":[{"embeddable":true,"href":"https:\/\/isef2-caba.infd.edu.ar\/sitio\/wp-json\/wp\/v2\/users\/7261"}],"replies":[{"embeddable":true,"href":"https:\/\/isef2-caba.infd.edu.ar\/sitio\/wp-json\/wp\/v2\/comments?post=4911"}],"version-history":[{"count":1,"href":"https:\/\/isef2-caba.infd.edu.ar\/sitio\/wp-json\/wp\/v2\/pages\/4911\/revisions"}],"predecessor-version":[{"id":4912,"href":"https:\/\/isef2-caba.infd.edu.ar\/sitio\/wp-json\/wp\/v2\/pages\/4911\/revisions\/4912"}],"wp:attachment":[{"href":"https:\/\/isef2-caba.infd.edu.ar\/sitio\/wp-json\/wp\/v2\/media?parent=4911"}],"curies":[{"name":"wp","href":"https:\/\/api.w.org\/{rel}","templated":true}]}}