{"id":4848,"date":"2025-07-07T12:57:59","date_gmt":"2025-07-07T15:57:59","guid":{"rendered":"https:\/\/isef2-caba.infd.edu.ar\/sitio\/?page_id=4848"},"modified":"2025-07-07T15:34:34","modified_gmt":"2025-07-07T18:34:34","slug":"equipo-representativo-de-handball","status":"publish","type":"page","link":"https:\/\/isef2-caba.infd.edu.ar\/sitio\/equipo-representativo-de-handball\/","title":{"rendered":"Equipo representativo de Handball"},"content":{"rendered":"\n<div class=\"wp-block-group alignfull has-background is-layout-flow\" style=\"background-color:#f2f0e9\"><div class=\"wp-block-group__inner-container\">\n<div style=\"height:70px\" aria-hidden=\"true\" class=\"wp-block-spacer\"><\/div>\n\n\n\n<div class=\"wp-block-columns alignwide are-vertically-aligned-center is-layout-flex wp-container-3\">\n<div class=\"wp-block-column is-layout-flow\" style=\"flex-basis:50%\">\n<p class=\"has-text-color\" style=\"color:#000000;font-size:30px;line-height:1.1\"><strong>Breve rese\u00f1a hist\u00f3rica<\/strong><\/p>\n<\/div>\n\n\n\n<div class=\"wp-block-column is-layout-flow\" style=\"flex-basis:50%\">\n<hr class=\"wp-block-separator has-text-color has-css-opacity has-background is-style-wide\" style=\"background-color:#000000;color:#000000\"\/>\n<\/div>\n<\/div>\n\n\n\n<div class=\"wp-block-columns alignwide is-layout-flex wp-container-7\">\n<div class=\"wp-block-column is-layout-flow\">\n<figure class=\"wp-block-image size-full\"><img decoding=\"async\" loading=\"lazy\" width=\"1024\" height=\"1536\" src=\"https:\/\/isef2-caba.infd.edu.ar\/sitio\/wp-content\/uploads\/2025\/07\/ChatGPT-Image-7-jul-2025-12_55_17.png\" alt=\"\" class=\"wp-image-4849\" srcset=\"https:\/\/isef2-caba.infd.edu.ar\/sitio\/wp-content\/uploads\/2025\/07\/ChatGPT-Image-7-jul-2025-12_55_17.png 1024w, https:\/\/isef2-caba.infd.edu.ar\/sitio\/wp-content\/uploads\/2025\/07\/ChatGPT-Image-7-jul-2025-12_55_17-667x1000.png 667w, https:\/\/isef2-caba.infd.edu.ar\/sitio\/wp-content\/uploads\/2025\/07\/ChatGPT-Image-7-jul-2025-12_55_17-768x1152.png 768w\" sizes=\"(max-width: 1024px) 100vw, 1024px\" \/><\/figure>\n<\/div>\n\n\n\n<div class=\"wp-block-column is-layout-flow\">\n<p>Los Equipos Representativos de Handball, surgen en su inicio a trav\u00e9s de la inquietud de un grupo de estudiantes, quienes adem\u00e1s de cursar el Deporte como una Unidad Curricular propia dentro de la carrera, sintieron la necesidad de tener un mayor v\u00ednculo con la disciplina.<\/p>\n\n\n\n<p>En primera instancia, en el a\u00f1o 1994 y a trav\u00e9s del Profesor Enzo Di Fraia, se inicia el proceso de creaci\u00f3n del equipo representativo Femenino, luego continuado durante muchos a\u00f1os por el Prof. &nbsp;Jorge Duhau.<\/p>\n\n\n\n<p>El equipo masculino comienza los entrenamientos durante el a\u00f1o 1998, tambi\u00e9n a instancias del Profesor Enzo Di Fraia, quien luego de algunos a\u00f1os le da continuidad al&nbsp; proyecto fue el Profesor Juan Martin Bertaina.<\/p>\n<\/div>\n\n\n\n<div class=\"wp-block-column is-layout-flow\">\n<p>El espacio de los Equipos Representativos siempre fue un lugar de encuentro para estudiantes y egresados de nuestra casa de estudios, desde donde, muchos jugadores y ex jugadores encontraron refugio para continuar su desarrollo deportivo. Adem\u00e1s los equipos representativos brindaron la posibilidad de que muchos estudiantes y egresados se incorporen a la practica deportiva, en muchos casos, sin ninguna experiencia, entendi\u00e9ndolo a ese espacio \u00a0como una extensi\u00f3n en su formaci\u00f3n docente, como una forma de capacitaci\u00f3n permanente, que les brindara la chance de recibir m\u00e1s herramientas al momento de una futura b\u00fasqueda laboral.<\/p>\n\n\n\n<p>Significativo es el caso del Profesor Federico Brhel, quien nos acerca con claridad la esencia de los Equipos Representativos Institucionales, comenz\u00f3 como estudiante del Instituto y sin experiencia previa en el deporte, con 19 a\u00f1os se incorpor\u00f3 a las filas del equipo de Dickens, luego de varios a\u00f1os representando al Instituto, continuo su carrera deportiva en el Club Ferrocarril Oeste consiguiendo logros deportivos significativos.&nbsp; <\/p>\n<\/div>\n<\/div>\n\n\n\n<p>Una vez recibido y con el titulo de Profesor de Educaci\u00f3n F\u00edsica en mano, decidi\u00f3 presentarse y concursar para dictar clases en el Dickens como docente en la asignatura Handball 1 y 2, lugar en el cual se encuentra hasta el d\u00eda de la fecha.<\/p>\n\n\n\n<p>Otro caso emblem\u00e1tico es el de Florencia Bericio quien adem\u00e1s de estudiar y recibirse de Profesora de Educaci\u00f3n F\u00edsica en nuestro Instituto, tambi\u00e9n fue jugadora y nos represento durante muchos a\u00f1os en el &nbsp;equipo Femenino. En su caso, el hecho m\u00e1s significativo fue el de tener la posibilidad de formar parte de un hist\u00f3rico proceso en la selecci\u00f3n de Beach Handball, representando a la Argentina en una gran cantidad de torneos y obteniendo logros deportivos hist\u00f3ricos, que le dieron visibilidad a un deporte que hasta ese momento no contaba la difusi\u00f3n necesaria para desarrollarse. En la actualidad el Instituto Dickens con 2 planteles femeninos a cargo de los profesores Martin Duhau y Micaela Balea, participando en diferentes divisionales de la FeMeBal (Federaci\u00f3n metropolitana de Balonmano)<\/p>\n\n\n\n<p><strong>Los horarios de entrenamiento son los siguientes:<\/strong><\/p>\n\n\n\n<p><strong>Handball Intermedia:<\/strong> Prof. Balea, Martes y Jueves de 18.30 a 20.00hs.<\/p>\n\n\n\n<p>Contacto: micaela.balea@bue.edu.ar<\/p>\n\n\n\n<p><strong>Handball Federativo: <\/strong>Prof. Duhau, martes y viernes de 20 a 21.30hs.<\/p>\n\n\n\n<p>Contacto: duhaumartin@institutodickens.edu.ar<\/p>\n\n\n\n<figure class=\"wp-block-gallery has-nested-images columns-default is-cropped wp-block-gallery-8 is-layout-flex\">\n<figure class=\"wp-block-image size-large\"><img decoding=\"async\" loading=\"lazy\" width=\"1080\" height=\"718\" src=\"https:\/\/isef2-caba.infd.edu.ar\/sitio\/wp-content\/uploads\/2025\/07\/Promocional-2018.jpeg\" alt=\"\" class=\"wp-image-4860\" srcset=\"https:\/\/isef2-caba.infd.edu.ar\/sitio\/wp-content\/uploads\/2025\/07\/Promocional-2018.jpeg 1080w, https:\/\/isef2-caba.infd.edu.ar\/sitio\/wp-content\/uploads\/2025\/07\/Promocional-2018-1000x665.jpeg 1000w, https:\/\/isef2-caba.infd.edu.ar\/sitio\/wp-content\/uploads\/2025\/07\/Promocional-2018-768x511.jpeg 768w\" sizes=\"(max-width: 1080px) 100vw, 1080px\" \/><\/figure>\n\n\n\n<figure class=\"wp-block-image size-large\"><img decoding=\"async\" loading=\"lazy\" width=\"1024\" height=\"768\" src=\"https:\/\/isef2-caba.infd.edu.ar\/sitio\/wp-content\/uploads\/2025\/07\/Promocional-2019.jpeg\" alt=\"\" class=\"wp-image-4855\" srcset=\"https:\/\/isef2-caba.infd.edu.ar\/sitio\/wp-content\/uploads\/2025\/07\/Promocional-2019.jpeg 1024w, https:\/\/isef2-caba.infd.edu.ar\/sitio\/wp-content\/uploads\/2025\/07\/Promocional-2019-1000x750.jpeg 1000w, https:\/\/isef2-caba.infd.edu.ar\/sitio\/wp-content\/uploads\/2025\/07\/Promocional-2019-768x576.jpeg 768w\" sizes=\"(max-width: 1024px) 100vw, 1024px\" \/><\/figure>\n\n\n\n<figure class=\"wp-block-image size-large\"><img decoding=\"async\" loading=\"lazy\" width=\"1080\" height=\"810\" src=\"https:\/\/isef2-caba.infd.edu.ar\/sitio\/wp-content\/uploads\/2025\/07\/Campeon-Clausura-2011.jpeg\" alt=\"\" class=\"wp-image-4853\" srcset=\"https:\/\/isef2-caba.infd.edu.ar\/sitio\/wp-content\/uploads\/2025\/07\/Campeon-Clausura-2011.jpeg 1080w, https:\/\/isef2-caba.infd.edu.ar\/sitio\/wp-content\/uploads\/2025\/07\/Campeon-Clausura-2011-1000x750.jpeg 1000w, https:\/\/isef2-caba.infd.edu.ar\/sitio\/wp-content\/uploads\/2025\/07\/Campeon-Clausura-2011-768x576.jpeg 768w\" sizes=\"(max-width: 1080px) 100vw, 1080px\" \/><\/figure>\n\n\n\n<figure class=\"wp-block-image size-large\"><img decoding=\"async\" loading=\"lazy\" width=\"600\" height=\"441\" src=\"https:\/\/isef2-caba.infd.edu.ar\/sitio\/wp-content\/uploads\/2025\/07\/ANO-2008.jpeg\" alt=\"\" class=\"wp-image-4852\"\/><\/figure>\n\n\n\n<figure class=\"wp-block-image size-large\"><img decoding=\"async\" loading=\"lazy\" width=\"600\" height=\"431\" src=\"https:\/\/isef2-caba.infd.edu.ar\/sitio\/wp-content\/uploads\/2025\/07\/Ano-2008-1.jpeg\" alt=\"\" class=\"wp-image-4854\"\/><\/figure>\n\n\n\n<figure class=\"wp-block-image size-large\"><img decoding=\"async\" loading=\"lazy\" width=\"604\" height=\"407\" src=\"https:\/\/isef2-caba.infd.edu.ar\/sitio\/wp-content\/uploads\/2025\/07\/Ano-2002.jpeg\" alt=\"\" class=\"wp-image-4861\"\/><\/figure>\n\n\n\n<figure class=\"wp-block-image size-large\"><img decoding=\"async\" loading=\"lazy\" width=\"604\" height=\"453\" src=\"https:\/\/isef2-caba.infd.edu.ar\/sitio\/wp-content\/uploads\/2025\/07\/Ano-2004.jpeg\" alt=\"\" class=\"wp-image-4856\"\/><\/figure>\n\n\n\n<figure class=\"wp-block-image size-large\"><img decoding=\"async\" loading=\"lazy\" width=\"720\" height=\"540\" src=\"https:\/\/isef2-caba.infd.edu.ar\/sitio\/wp-content\/uploads\/2025\/07\/Viaje-Mendoza-2010.jpeg\" alt=\"\" class=\"wp-image-4857\"\/><\/figure>\n\n\n\n<figure class=\"wp-block-image size-large\"><img decoding=\"async\" loading=\"lazy\" width=\"1152\" height=\"864\" src=\"https:\/\/isef2-caba.infd.edu.ar\/sitio\/wp-content\/uploads\/2025\/07\/Ano-2009.jpeg\" alt=\"\" class=\"wp-image-4858\" srcset=\"https:\/\/isef2-caba.infd.edu.ar\/sitio\/wp-content\/uploads\/2025\/07\/Ano-2009.jpeg 1152w, https:\/\/isef2-caba.infd.edu.ar\/sitio\/wp-content\/uploads\/2025\/07\/Ano-2009-1000x750.jpeg 1000w, https:\/\/isef2-caba.infd.edu.ar\/sitio\/wp-content\/uploads\/2025\/07\/Ano-2009-768x576.jpeg 768w\" sizes=\"(max-width: 1152px) 100vw, 1152px\" \/><\/figure>\n\n\n\n<figure class=\"wp-block-image size-large\"><img decoding=\"async\" loading=\"lazy\" width=\"1024\" height=\"711\" src=\"https:\/\/isef2-caba.infd.edu.ar\/sitio\/wp-content\/uploads\/2025\/07\/ANO2020.jpeg\" alt=\"\" class=\"wp-image-4859\" srcset=\"https:\/\/isef2-caba.infd.edu.ar\/sitio\/wp-content\/uploads\/2025\/07\/ANO2020.jpeg 1024w, https:\/\/isef2-caba.infd.edu.ar\/sitio\/wp-content\/uploads\/2025\/07\/ANO2020-1000x694.jpeg 1000w, https:\/\/isef2-caba.infd.edu.ar\/sitio\/wp-content\/uploads\/2025\/07\/ANO2020-768x533.jpeg 768w\" sizes=\"(max-width: 1024px) 100vw, 1024px\" \/><\/figure>\n\n\n\n<figure class=\"wp-block-image size-large\"><img decoding=\"async\" loading=\"lazy\" width=\"960\" height=\"1280\" src=\"https:\/\/isef2-caba.infd.edu.ar\/sitio\/wp-content\/uploads\/2025\/07\/Ano-2019.jpeg\" alt=\"\" class=\"wp-image-4871\" srcset=\"https:\/\/isef2-caba.infd.edu.ar\/sitio\/wp-content\/uploads\/2025\/07\/Ano-2019.jpeg 960w, https:\/\/isef2-caba.infd.edu.ar\/sitio\/wp-content\/uploads\/2025\/07\/Ano-2019-750x1000.jpeg 750w, https:\/\/isef2-caba.infd.edu.ar\/sitio\/wp-content\/uploads\/2025\/07\/Ano-2019-768x1024.jpeg 768w\" sizes=\"(max-width: 960px) 100vw, 960px\" \/><\/figure>\n\n\n\n<figure class=\"wp-block-image size-large\"><img decoding=\"async\" loading=\"lazy\" width=\"1396\" height=\"1022\" src=\"https:\/\/isef2-caba.infd.edu.ar\/sitio\/wp-content\/uploads\/2025\/07\/Equipo-ano-99.jpg\" alt=\"\" class=\"wp-image-4862\" srcset=\"https:\/\/isef2-caba.infd.edu.ar\/sitio\/wp-content\/uploads\/2025\/07\/Equipo-ano-99.jpg 1396w, https:\/\/isef2-caba.infd.edu.ar\/sitio\/wp-content\/uploads\/2025\/07\/Equipo-ano-99-1000x732.jpg 1000w, https:\/\/isef2-caba.infd.edu.ar\/sitio\/wp-content\/uploads\/2025\/07\/Equipo-ano-99-768x562.jpg 768w\" sizes=\"(max-width: 1396px) 100vw, 1396px\" \/><\/figure>\n\n\n\n<figure class=\"wp-block-image size-large\"><img decoding=\"async\" loading=\"lazy\" width=\"1405\" height=\"1030\" src=\"https:\/\/isef2-caba.infd.edu.ar\/sitio\/wp-content\/uploads\/2025\/07\/Equipo-2005.jpg\" alt=\"\" class=\"wp-image-4864\" srcset=\"https:\/\/isef2-caba.infd.edu.ar\/sitio\/wp-content\/uploads\/2025\/07\/Equipo-2005.jpg 1405w, https:\/\/isef2-caba.infd.edu.ar\/sitio\/wp-content\/uploads\/2025\/07\/Equipo-2005-1000x733.jpg 1000w, https:\/\/isef2-caba.infd.edu.ar\/sitio\/wp-content\/uploads\/2025\/07\/Equipo-2005-768x563.jpg 768w\" sizes=\"(max-width: 1405px) 100vw, 1405px\" \/><\/figure>\n\n\n\n<figure class=\"wp-block-image size-large\"><img decoding=\"async\" loading=\"lazy\" width=\"960\" height=\"720\" src=\"https:\/\/isef2-caba.infd.edu.ar\/sitio\/wp-content\/uploads\/2025\/07\/Equipo-2004.jpg\" alt=\"\" class=\"wp-image-4863\" srcset=\"https:\/\/isef2-caba.infd.edu.ar\/sitio\/wp-content\/uploads\/2025\/07\/Equipo-2004.jpg 960w, https:\/\/isef2-caba.infd.edu.ar\/sitio\/wp-content\/uploads\/2025\/07\/Equipo-2004-768x576.jpg 768w\" sizes=\"(max-width: 960px) 100vw, 960px\" \/><\/figure>\n\n\n\n<figure class=\"wp-block-image size-large\"><img decoding=\"async\" loading=\"lazy\" width=\"1412\" height=\"1038\" src=\"https:\/\/isef2-caba.infd.edu.ar\/sitio\/wp-content\/uploads\/2025\/07\/Equipo-2003-Campeon-Torneo-preparacion-y-Ascenso-a-1ra.jpg\" alt=\"\" class=\"wp-image-4865\" srcset=\"https:\/\/isef2-caba.infd.edu.ar\/sitio\/wp-content\/uploads\/2025\/07\/Equipo-2003-Campeon-Torneo-preparacion-y-Ascenso-a-1ra.jpg 1412w, https:\/\/isef2-caba.infd.edu.ar\/sitio\/wp-content\/uploads\/2025\/07\/Equipo-2003-Campeon-Torneo-preparacion-y-Ascenso-a-1ra-1000x735.jpg 1000w, https:\/\/isef2-caba.infd.edu.ar\/sitio\/wp-content\/uploads\/2025\/07\/Equipo-2003-Campeon-Torneo-preparacion-y-Ascenso-a-1ra-768x565.jpg 768w\" sizes=\"(max-width: 1412px) 100vw, 1412px\" \/><\/figure>\n\n\n\n<figure class=\"wp-block-image size-large\"><img decoding=\"async\" loading=\"lazy\" width=\"1413\" height=\"1081\" src=\"https:\/\/isef2-caba.infd.edu.ar\/sitio\/wp-content\/uploads\/2025\/07\/equipo-2004-1.jpg\" alt=\"\" class=\"wp-image-4866\" srcset=\"https:\/\/isef2-caba.infd.edu.ar\/sitio\/wp-content\/uploads\/2025\/07\/equipo-2004-1.jpg 1413w, https:\/\/isef2-caba.infd.edu.ar\/sitio\/wp-content\/uploads\/2025\/07\/equipo-2004-1-1000x765.jpg 1000w, https:\/\/isef2-caba.infd.edu.ar\/sitio\/wp-content\/uploads\/2025\/07\/equipo-2004-1-768x588.jpg 768w\" sizes=\"(max-width: 1413px) 100vw, 1413px\" \/><\/figure>\n\n\n\n<figure class=\"wp-block-image size-large\"><img decoding=\"async\" loading=\"lazy\" width=\"1401\" height=\"1159\" src=\"https:\/\/isef2-caba.infd.edu.ar\/sitio\/wp-content\/uploads\/2025\/07\/Equipo-2004-1-1.jpg\" alt=\"\" class=\"wp-image-4867\" srcset=\"https:\/\/isef2-caba.infd.edu.ar\/sitio\/wp-content\/uploads\/2025\/07\/Equipo-2004-1-1.jpg 1401w, https:\/\/isef2-caba.infd.edu.ar\/sitio\/wp-content\/uploads\/2025\/07\/Equipo-2004-1-1-1000x827.jpg 1000w, https:\/\/isef2-caba.infd.edu.ar\/sitio\/wp-content\/uploads\/2025\/07\/Equipo-2004-1-1-768x635.jpg 768w\" sizes=\"(max-width: 1401px) 100vw, 1401px\" \/><\/figure>\n\n\n\n<figure class=\"wp-block-image size-large\"><img decoding=\"async\" loading=\"lazy\" width=\"720\" height=\"708\" src=\"https:\/\/isef2-caba.infd.edu.ar\/sitio\/wp-content\/uploads\/2025\/07\/WhatsApp-Image-2025-06-19-at-22.18.48.jpeg\" alt=\"\" class=\"wp-image-4869\"\/><\/figure>\n\n\n\n<figure class=\"wp-block-image size-large\"><img decoding=\"async\" loading=\"lazy\" width=\"720\" height=\"898\" src=\"https:\/\/isef2-caba.infd.edu.ar\/sitio\/wp-content\/uploads\/2025\/07\/WhatsApp-Image-2025-06-19-at-22.19.01.jpeg\" alt=\"\" class=\"wp-image-4868\"\/><\/figure>\n\n\n\n<figure class=\"wp-block-image size-large\"><img decoding=\"async\" loading=\"lazy\" width=\"720\" height=\"616\" src=\"https:\/\/isef2-caba.infd.edu.ar\/sitio\/wp-content\/uploads\/2025\/07\/WhatsApp-Image-2025-06-19-at-22.19.43.jpeg\" alt=\"\" class=\"wp-image-4870\"\/><\/figure>\n\n\n\n<figure class=\"wp-block-image size-large\"><img decoding=\"async\" loading=\"lazy\" width=\"720\" height=\"920\" src=\"https:\/\/isef2-caba.infd.edu.ar\/sitio\/wp-content\/uploads\/2025\/07\/WhatsApp-Image-2025-06-19-at-22.20.02.jpeg\" alt=\"\" class=\"wp-image-4872\"\/><\/figure>\n<\/figure>\n<\/div><\/div>\n","protected":false},"excerpt":{"rendered":"<p>Breve rese\u00f1a hist\u00f3rica Los Equipos Representativos de Handball, surgen en su inicio a trav\u00e9s de la inquietud de un grupo de estudiantes, quienes adem\u00e1s de cursar el Deporte como una Unidad Curricular propia dentro de la carrera, sintieron la necesidad de tener un mayor v\u00ednculo con la disciplina. En primera instancia, en el a\u00f1o 1994 &#8230; <a title=\"Equipo representativo de Handball\" class=\"read-more\" href=\"https:\/\/isef2-caba.infd.edu.ar\/sitio\/equipo-representativo-de-handball\/\" aria-label=\"More on Equipo representativo de Handball\">[+]<\/a><\/p>\n","protected":false},"author":1468,"featured_media":0,"parent":0,"menu_order":0,"comment_status":"closed","ping_status":"closed","template":"","meta":[],"acf":[],"_links":{"self":[{"href":"https:\/\/isef2-caba.infd.edu.ar\/sitio\/wp-json\/wp\/v2\/pages\/4848"}],"collection":[{"href":"https:\/\/isef2-caba.infd.edu.ar\/sitio\/wp-json\/wp\/v2\/pages"}],"about":[{"href":"https:\/\/isef2-caba.infd.edu.ar\/sitio\/wp-json\/wp\/v2\/types\/page"}],"author":[{"embeddable":true,"href":"https:\/\/isef2-caba.infd.edu.ar\/sitio\/wp-json\/wp\/v2\/users\/1468"}],"replies":[{"embeddable":true,"href":"https:\/\/isef2-caba.infd.edu.ar\/sitio\/wp-json\/wp\/v2\/comments?post=4848"}],"version-history":[{"count":4,"href":"https:\/\/isef2-caba.infd.edu.ar\/sitio\/wp-json\/wp\/v2\/pages\/4848\/revisions"}],"predecessor-version":[{"id":4879,"href":"https:\/\/isef2-caba.infd.edu.ar\/sitio\/wp-json\/wp\/v2\/pages\/4848\/revisions\/4879"}],"wp:attachment":[{"href":"https:\/\/isef2-caba.infd.edu.ar\/sitio\/wp-json\/wp\/v2\/media?parent=4848"}],"curies":[{"name":"wp","href":"https:\/\/api.w.org\/{rel}","templated":true}]}}