{"id":4818,"date":"2025-06-19T09:20:39","date_gmt":"2025-06-19T12:20:39","guid":{"rendered":"https:\/\/isef2-caba.infd.edu.ar\/sitio\/?page_id=4818"},"modified":"2025-06-19T09:44:47","modified_gmt":"2025-06-19T12:44:47","slug":"convocatoria-proyecto-praxis-corporales-comunitarias","status":"publish","type":"page","link":"https:\/\/isef2-caba.infd.edu.ar\/sitio\/convocatoria-proyecto-praxis-corporales-comunitarias\/","title":{"rendered":"Convocatoria proyecto praxis corporales comunitarias"},"content":{"rendered":"\n<div class=\"wp-block-group alignfull has-base-3-background-color has-background is-layout-flow\" style=\"padding-top:6vw;padding-right:6vw;padding-bottom:6vw;padding-left:6vw\"><div class=\"wp-block-group__inner-container\">\n<div class=\"wp-block-group is-vertical is-nowrap is-layout-flex wp-container-1\" style=\"padding-right:0;padding-left:0\">\n<h6 class=\"wp-block-heading has-text-color\" id=\"ecosystem\" style=\"color:#000000;font-size:16px\">PRAXIS CORPORALES COMUNITARIAS<\/h6>\n\n\n\n<p class=\"has-text-color\" style=\"color:#000000;font-size:6vw;font-style:normal;font-weight:700;letter-spacing:0px;line-height:0.9;text-decoration:none;text-transform:none\">Convocatoria<\/p>\n<\/div>\n\n\n\n<p><\/p>\n\n\n\n<div style=\"height:1vw\" aria-hidden=\"true\" class=\"wp-block-spacer\"><\/div>\n\n\n\n<div class=\"wp-block-group alignwide is-vertical is-nowrap is-layout-flex wp-container-9\" style=\"padding-top:0;padding-right:0;padding-bottom:0;padding-left:0\">\n<div class=\"wp-block-columns alignwide is-layout-flex wp-container-5\">\n<div class=\"wp-block-column is-layout-flow\" style=\"flex-basis:33.38%\">\n<p class=\"has-medium-font-size\">\u00bfTe interesa conocer espacios donde la Educaci\u00f3n F\u00edsica transforma vidas? Esta propuesta te invita a participar en actividades comunitarias en barrios, villas, hospitales, comedores y otros espacios donde la Educaci\u00f3n F\u00edsica es una herramienta de inclusi\u00f3n y derechos.<br>Si queres sumarte, cont\u00e1ctate con:<br>Mart\u00edn: 11-5895-7389<br>Hugo: 11-6510-7700<\/p>\n\n\n\n<p class=\"has-text-color\" style=\"color:#000000;font-size:17px\"><\/p>\n<\/div>\n\n\n\n<div class=\"wp-block-column is-layout-flow\" style=\"flex-basis:33%\">\n<div style=\"height:2vw\" aria-hidden=\"true\" class=\"wp-block-spacer\"><\/div>\n\n\n\n<figure class=\"wp-block-image size-full is-resized\"><img decoding=\"async\" loading=\"lazy\" src=\"https:\/\/isef2-caba.infd.edu.ar\/sitio\/wp-content\/uploads\/2025\/06\/Praxis-comunitarias-Presentacion.jpeg\" alt=\"\" class=\"wp-image-4807\" width=\"312\" height=\"391\" srcset=\"https:\/\/isef2-caba.infd.edu.ar\/sitio\/wp-content\/uploads\/2025\/06\/Praxis-comunitarias-Presentacion.jpeg 1080w, https:\/\/isef2-caba.infd.edu.ar\/sitio\/wp-content\/uploads\/2025\/06\/Praxis-comunitarias-Presentacion-800x1000.jpeg 800w, https:\/\/isef2-caba.infd.edu.ar\/sitio\/wp-content\/uploads\/2025\/06\/Praxis-comunitarias-Presentacion-768x960.jpeg 768w\" sizes=\"(max-width: 312px) 100vw, 312px\" \/><\/figure>\n<\/div>\n\n\n\n<div class=\"wp-block-column is-layout-flow\" style=\"flex-basis:33.62%\">\n<figure class=\"wp-block-image size-full is-resized\"><img decoding=\"async\" loading=\"lazy\" src=\"https:\/\/isef2-caba.infd.edu.ar\/sitio\/wp-content\/uploads\/2025\/06\/Praxis-comunitarias-2.png\" alt=\"\" class=\"wp-image-4821\" width=\"347\" height=\"348\" srcset=\"https:\/\/isef2-caba.infd.edu.ar\/sitio\/wp-content\/uploads\/2025\/06\/Praxis-comunitarias-2.png 861w, https:\/\/isef2-caba.infd.edu.ar\/sitio\/wp-content\/uploads\/2025\/06\/Praxis-comunitarias-2-500x500.png 500w, https:\/\/isef2-caba.infd.edu.ar\/sitio\/wp-content\/uploads\/2025\/06\/Praxis-comunitarias-2-768x772.png 768w\" sizes=\"(max-width: 347px) 100vw, 347px\" \/><\/figure>\n<\/div>\n<\/div>\n\n\n\n<div class=\"wp-block-columns alignwide is-layout-flex wp-container-8\">\n<div class=\"wp-block-column is-vertically-aligned-center is-layout-flow\" style=\"flex-basis:69%\">\n<figure class=\"wp-block-image size-full is-resized\"><img decoding=\"async\" loading=\"lazy\" src=\"https:\/\/isef2-caba.infd.edu.ar\/sitio\/wp-content\/uploads\/2025\/06\/Trascarton.jpg\" alt=\"\" class=\"wp-image-4822\" width=\"675\" height=\"321\"\/><\/figure>\n<\/div>\n\n\n\n<div class=\"wp-block-column is-vertically-aligned-center is-layout-flow\" style=\"flex-basis:33%\">\n<p><strong>TRASCART\u00d3N &#8211; Polideportivo Don Pepe (Barracas) Horario: 18.30 a 20.00 hs<\/strong><\/p>\n\n\n\n<p>El proyecto solidario y comunitario llamado \u201cTrascart\u00f3n\u201d surge en el a\u00f1o 2013 y tiene como objetivo el cuidado de ni\u00f1os, ni\u00f1as y adolescentes de familias cartoneras que trabajan por la tarde\/noche en el sistema de reciclado del gobierno de la ciudad. En este proyecto espec\u00edfico se reciben a aproximadamente 40 ni\u00f1os, ni\u00f1as y adolescentes de entre 10 y 15 a\u00f1os, se les da la merienda, diversas actividades recreativas y educativas y la cena. A partir del a\u00f1o pasado (2024) comenzamos a hacer, con profes voluntarias, un taller de f\u00fatbol ya que era lo m\u00e1s demandado por el piber\u00edo del espacio en t\u00e9rminos de sus intereses. Conocimos las canchitas del polideportivo \u00abDon Pepe\u00bb y nos parecieron el lugar m\u00e1s apropiado de la zona para<br>desarrollar esa actividad, ya que, cuenta con el espacio f\u00edsico adecuado. As\u00ed se viene sosteniendo este espacio, con el principal objetivo de contribuir a garantizar los derechos de estas infancias en situaci\u00f3n de vulnerabilidad social, en especial del acceso al deporte.<\/p>\n<\/div>\n<\/div>\n<\/div>\n\n\n\n<div class=\"wp-block-columns is-layout-flex wp-container-12\">\n<div class=\"wp-block-column is-layout-flow\" style=\"flex-basis:33.33%\">\n<p>A<strong>ctividad F\u00edsica y Salud Mental &#8211; Hospital Pi\u00f1ero (Flores)<br>Mi\u00e9rcoles de 15.00 a 15.45 hs, Varela 1301<\/strong><\/p>\n\n\n\n<p><br>El Hospital General de Agudos P.Pi\u00f1ero, brinda salud p\u00fablica a m\u00e1s de mil personas semanalmente.<br>En el pabell\u00f3n 2 Gabriel, paciente actual del Hospital sostiene un espacio de actividad f\u00edsica para otrxs pacientes que al igual que el acuden al \u00e1rea de salud mental.<\/p>\n<\/div>\n\n\n\n<div class=\"wp-block-column is-layout-flow\" style=\"flex-basis:66.66%\">\n<figure class=\"wp-block-image size-full is-resized\"><img decoding=\"async\" loading=\"lazy\" src=\"https:\/\/isef2-caba.infd.edu.ar\/sitio\/wp-content\/uploads\/2025\/06\/Hosp-Pineiro-2.jpg\" alt=\"\" class=\"wp-image-4829\" width=\"663\" height=\"415\"\/><\/figure>\n<\/div>\n<\/div>\n\n\n\n<div class=\"wp-block-columns is-layout-flex wp-container-15\">\n<div class=\"wp-block-column is-layout-flow\" style=\"flex-basis:66.66%\">\n<figure class=\"wp-block-image size-full is-resized\"><img decoding=\"async\" loading=\"lazy\" src=\"https:\/\/isef2-caba.infd.edu.ar\/sitio\/wp-content\/uploads\/2025\/06\/Ed-Fisica-Social.jpg\" alt=\"\" class=\"wp-image-4832\" width=\"653\" height=\"353\"\/><\/figure>\n<\/div>\n\n\n\n<div class=\"wp-block-column is-layout-flow\" style=\"flex-basis:33.33%\">\n<p><strong>Educaci\u00f3n F\u00edsica Social &#8211; Escuela Isauro Arancibia (San Telmo) Viernes de 10.00 a 15.00 hs, Av. Paseo Col\u00f3n 1318<\/strong><\/p>\n\n\n\n<p>Es una escuela con m\u00e1s de 20 a\u00f1os para j\u00f3venes y adultos que han sido exclu\u00eddos del sistema educativo y sufren extrema vulneraci\u00f3n de sus derechos.<br>La escuela brinda un espacio donde pueden acceder a educaci\u00f3n primaria, secundaria y talleres de oficio. Los d\u00edas viernes funciona el taller de Educaci\u00f3n F\u00edsica Social donde se encuentran estudiantes y docentes para compartir.<\/p>\n<\/div>\n<\/div>\n\n\n\n<div class=\"wp-block-columns is-layout-flex wp-container-18\">\n<div class=\"wp-block-column is-layout-flow\" style=\"flex-basis:33.33%\">\n<p><strong>Club de J\u00f3venes &#8211; La Boca<br>S\u00e1bados de 13.00 a 17.00 hs, Palos 210<\/strong><br><\/p>\n\n\n\n<p>Destinado a adolescentes entre 12 y 18 a\u00f1os los Clubes de J\u00f3venes y los Centros de Actividades Juveniles ofrecen distintas actividades art\u00edsticas, l\u00fadicas, deportivas y recreativas para<br>fortalecer las trayectorias educativas. Cuentan con espacios educativos donde se promueve el desarrollo de habilidades socioemocionales y los aprendizajes fundacionales, que tienen<br>significancia en la permanencia y finalizaci\u00f3n de la escuela secundaria. Adem\u00e1s, en estos clubes, se ofrecen distintos talleres en pos de lograr la formaci\u00f3n de sujetos cr\u00edticos con herramientas para la construcci\u00f3n de su propio proyecto de vida.<\/p>\n<\/div>\n\n\n\n<div class=\"wp-block-column is-layout-flow\" style=\"flex-basis:66.66%\">\n<figure class=\"wp-block-image size-full is-resized\"><img decoding=\"async\" loading=\"lazy\" src=\"https:\/\/isef2-caba.infd.edu.ar\/sitio\/wp-content\/uploads\/2025\/06\/La-Boca.jpg\" alt=\"\" class=\"wp-image-4833\" width=\"658\" height=\"470\"\/><\/figure>\n<\/div>\n<\/div>\n\n\n\n<div class=\"wp-block-columns is-layout-flex wp-container-20\">\n<div class=\"wp-block-column is-layout-flow\">\n<p class=\"has-text-align-center has-large-font-size\"><strong>Calendario semanal<\/strong><\/p>\n\n\n\n<p>El calendario semanal servir\u00e1 para orientar la oferta de los espacios disponibles. Para coordinar una visita comunicarse con Hugo o Mart\u00edn. Para coordinar una visita comunicarse con Hugo o con Mart\u00edn.<\/p>\n\n\n\n<figure class=\"wp-block-image size-full is-resized\"><img decoding=\"async\" loading=\"lazy\" src=\"https:\/\/isef2-caba.infd.edu.ar\/sitio\/wp-content\/uploads\/2025\/06\/Calendario.jpg\" alt=\"\" class=\"wp-image-4834\" width=\"1020\" height=\"603\"\/><\/figure>\n<\/div>\n<\/div>\n<\/div><\/div>\n","protected":false},"excerpt":{"rendered":"<p>PRAXIS CORPORALES COMUNITARIAS Convocatoria \u00bfTe interesa conocer espacios donde la Educaci\u00f3n F\u00edsica transforma vidas? Esta propuesta te invita a participar en actividades comunitarias en barrios, villas, hospitales, comedores y otros espacios donde la Educaci\u00f3n F\u00edsica es una herramienta de inclusi\u00f3n y derechos.Si queres sumarte, cont\u00e1ctate con:Mart\u00edn: 11-5895-7389Hugo: 11-6510-7700 TRASCART\u00d3N &#8211; Polideportivo Don Pepe (Barracas) Horario: &#8230; <a title=\"Convocatoria proyecto praxis corporales comunitarias\" class=\"read-more\" href=\"https:\/\/isef2-caba.infd.edu.ar\/sitio\/convocatoria-proyecto-praxis-corporales-comunitarias\/\" aria-label=\"More on Convocatoria proyecto praxis corporales comunitarias\">[+]<\/a><\/p>\n","protected":false},"author":1468,"featured_media":0,"parent":0,"menu_order":0,"comment_status":"closed","ping_status":"closed","template":"","meta":[],"acf":[],"_links":{"self":[{"href":"https:\/\/isef2-caba.infd.edu.ar\/sitio\/wp-json\/wp\/v2\/pages\/4818"}],"collection":[{"href":"https:\/\/isef2-caba.infd.edu.ar\/sitio\/wp-json\/wp\/v2\/pages"}],"about":[{"href":"https:\/\/isef2-caba.infd.edu.ar\/sitio\/wp-json\/wp\/v2\/types\/page"}],"author":[{"embeddable":true,"href":"https:\/\/isef2-caba.infd.edu.ar\/sitio\/wp-json\/wp\/v2\/users\/1468"}],"replies":[{"embeddable":true,"href":"https:\/\/isef2-caba.infd.edu.ar\/sitio\/wp-json\/wp\/v2\/comments?post=4818"}],"version-history":[{"count":6,"href":"https:\/\/isef2-caba.infd.edu.ar\/sitio\/wp-json\/wp\/v2\/pages\/4818\/revisions"}],"predecessor-version":[{"id":4838,"href":"https:\/\/isef2-caba.infd.edu.ar\/sitio\/wp-json\/wp\/v2\/pages\/4818\/revisions\/4838"}],"wp:attachment":[{"href":"https:\/\/isef2-caba.infd.edu.ar\/sitio\/wp-json\/wp\/v2\/media?parent=4818"}],"curies":[{"name":"wp","href":"https:\/\/api.w.org\/{rel}","templated":true}]}}