{"id":4745,"date":"2025-05-23T08:43:07","date_gmt":"2025-05-23T11:43:07","guid":{"rendered":"https:\/\/isef2-caba.infd.edu.ar\/sitio\/?page_id=4745"},"modified":"2026-04-30T10:26:25","modified_gmt":"2026-04-30T13:26:25","slug":"reglamentacion-y-cobertura-de-catedras","status":"publish","type":"page","link":"https:\/\/isef2-caba.infd.edu.ar\/sitio\/reglamentacion-y-cobertura-de-catedras\/","title":{"rendered":"Reglamentaci\u00f3n y cobertura de cargos"},"content":{"rendered":"\n<div class=\"wp-block-columns alignwide is-layout-flex wp-container-5\" style=\"margin-bottom:0\">\n<div class=\"wp-block-column has-text-color has-background has-link-color wp-elements-e2ec57936936c937470e89078093c43d is-layout-flow\" style=\"color:#000000;background-color:#ffe97d;padding-top:2em;padding-right:2em;padding-bottom:2em;padding-left:2em\">\n<h2 class=\"wp-block-heading has-text-align-center\" id=\"single\" style=\"font-size:30px\">Orden de m\u00e9rito para cargos interinos y suplentes<\/h2>\n\n\n\n<p class=\"has-normal-font-size\" style=\"line-height:1.5\">En esta secci\u00f3n encontrar\u00e1 el orden de merito surgido de las diferentes selecci\u00f3nes de antecedentes docentes para todos los espacios de nuestra instituci\u00f3n.<\/p>\n\n\n\n<hr class=\"wp-block-separator has-css-opacity is-style-wide\"\/>\n\n\n\n<ul>\n<li>Para visualizar los diferentes \u00f3rdenes de m\u00e9rito vigentes hacer <a href=\"https:\/\/docs.google.com\/spreadsheets\/d\/e\/2PACX-1vTJ18c0DtCeDmeKZIwxgege0QqCI275F4GHwKt6anwakzExvLJiIH_u5TAKAF-pqY3RuAFnnU6B4emC\/pubhtml\" target=\"_blank\" rel=\"noreferrer noopener\">click aqu\u00ed<\/a>.<\/li>\n<\/ul>\n<\/div>\n\n\n\n<div class=\"wp-block-column has-text-color has-background has-link-color wp-elements-d571047b60b92f1a07502c86cd746d96 is-layout-flow\" style=\"color:#000000;background-color:#d1d1e1;padding-top:2em;padding-right:2em;padding-bottom:2em;padding-left:2em\">\n<h2 class=\"wp-block-heading has-text-align-center\" id=\"family\" style=\"font-size:29px\">Llamados a<strong> selecci\u00f3n de antecedentes<\/strong><\/h2>\n\n\n\n<p class=\"has-text-align-center has-normal-font-size\" style=\"line-height:1.5\">Para acceder a los llamados de selecci\u00f3n de antecedentes que se encuentran en proceso al d\u00eda de hoy, haga <a rel=\"noreferrer noopener\" href=\"https:\/\/drive.google.com\/drive\/folders\/1PU-ORKdxtshVnJAH8z-k_OlMIEBiMBkb?usp=sharing\" target=\"_blank\">click aqui.<\/a><\/p>\n\n\n\n<hr class=\"wp-block-separator has-css-opacity is-style-wide\"\/>\n\n\n\n<ul>\n<li><a href=\"https:\/\/docs.google.com\/spreadsheets\/d\/e\/2PACX-1vRHIcQEgGYqr4mSVWFoVS6MC7hboD3L-3pgfzxs-SR21Oed243p_WXgBoWqGIM-DA1Zidh-ZBVqef8R\/pubhtml?gid=0&amp;single=true\" target=\"_blank\" rel=\"noreferrer noopener\">Para acceder a los llamados de selecci\u00f3n de antecedentes que se encuentran en proceso al d\u00eda de hoy, haga click aqui.<\/a><\/li>\n<\/ul>\n\n\n\n<p><\/p>\n\n\n\n<ul>\n<li><a href=\"https:\/\/buenosaires.gob.ar\/gcaba_historico\/cobertura-de-catedras\" target=\"_blank\" rel=\"noreferrer noopener\">Cartelera llamado activos de<\/a><a href=\"https:\/\/script.google.com\/a\/macros\/bue.edu.ar\/s\/AKfycbzMFNfUQzkewr0tXJ1lZzDuBDV7zuiHAY7LPoGZBO4heKL5NWWBqzvU79x_ksKjpGtN\/exec?vista=cartelera\" target=\"_blank\" rel=\"noreferrer noopener\"> la D.G.S.F.D.<\/a><\/li>\n<\/ul>\n<\/div>\n\n\n\n<div class=\"wp-block-column has-text-color has-background has-link-color wp-elements-a0d6cb91f7f88d98753b87216244a1a9 is-layout-flow\" style=\"color:#000000;background-color:#d1d1e1;padding-top:2em;padding-right:2em;padding-bottom:2em;padding-left:2em\">\n<h2 class=\"wp-block-heading has-text-align-center\" id=\"family\" style=\"font-size:30px\">Situaci\u00f3n de llamados<\/h2>\n\n\n\n<p class=\"has-text-align-center has-normal-font-size\" style=\"line-height:1.5\"><\/p>\n\n\n\n<hr class=\"wp-block-separator has-css-opacity is-style-wide\"\/>\n\n\n\n<ul>\n<li>Para conocer la situaci\u00f3n actual de los llamados a selecci\u00f3n de antecedentes de los espacios curriculares y otros cargos hacer <a href=\"https:\/\/docs.google.com\/spreadsheets\/d\/e\/2PACX-1vToeckSpYp3Tlm2Gk4WGeUYUWtUvNRfqZv_dV3LBqi0BjDB5W8DP6J66v1E29jgvQ\/pubhtml\">click aqu\u00ed<\/a><\/li>\n<\/ul>\n<\/div>\n\n\n\n<div class=\"wp-block-column has-text-color has-background has-link-color wp-elements-76edab176c97a90f5966d3babc899ee9 is-layout-flow\" style=\"color:#000000;background-color:#c0ebf1;padding-top:2em;padding-right:2em;padding-bottom:2em;padding-left:2em\">\n<h2 class=\"wp-block-heading has-text-align-center\" id=\"patron\" style=\"font-size:30px\"><strong>Reglament<\/strong>os<\/h2>\n\n\n\n<p class=\"has-text-align-center has-normal-font-size\"><\/p>\n\n\n\n<hr class=\"wp-block-separator has-css-opacity is-style-wide\"\/>\n\n\n\n<ul class=\"has-normal-font-size\">\n<li><a href=\"https:\/\/drive.google.com\/file\/d\/1I-LZAj17eQLaC2urGRhCG4v9hlw7-kVU\/view?usp=sharing\">Reglamento<\/a><\/li>\n\n\n\n<li><a href=\"https:\/\/drive.google.com\/file\/d\/1lPeq5KDAwTcf0e6gnMhOsArf_xLdb0re\/view?usp=sharing\">Anexo 1: Normas de presentaci\u00f3n del curriculum vitae<\/a><\/li>\n\n\n\n<li><a href=\"https:\/\/drive.google.com\/file\/d\/13V8nNFgbvjE_mHNUjNWLUf4nX4NMmhSK\/view?usp=sharing\">Anexo 2:Proyecto del espacio curricular<\/a><\/li>\n\n\n\n<li><a href=\"https:\/\/drive.google.com\/file\/d\/1mONrP1j76I2NZ9P9yqEZrmmG9LiKhP-o\/view?usp=sharing\">Anexo 3: T\u00edtulos<\/a><\/li>\n\n\n\n<li><a href=\"https:\/\/isef2-caba.infd.edu.ar\/sitio\/wp-content\/uploads\/2023\/11\/IF-2023-21426627-GCABA-DGPLEDU.pdf\">Dise\u00f1o Curricular Jurisdiccional (Resoluci\u00f3n 2666-GCABA-MEDGC\/23)<\/a><\/li>\n\n\n\n<li><a href=\"https:\/\/drive.google.com\/file\/d\/1Njqr59uHX1ufn-fdE8QBHP3GG63p68U_\/view?usp=sharing\">Reglamento Marco de Selecciones de Antecedentes para la cobertura de cargos interinos y suplentes en el nivel superior<\/a><\/li>\n\n\n\n<li><a href=\"https:\/\/drive.google.com\/file\/d\/1N-W2sT4XCCZSEqIpviZAhHhwhvy6i17I\/view?usp=sharing\">Plan curricular institucional (PCI)<\/a><\/li>\n<\/ul>\n<\/div>\n<\/div>\n\n\n\n<hr class=\"wp-block-separator has-alpha-channel-opacity\"\/>\n","protected":false},"excerpt":{"rendered":"<p>Orden de m\u00e9rito para cargos interinos y suplentes En esta secci\u00f3n encontrar\u00e1 el orden de merito surgido de las diferentes selecci\u00f3nes de antecedentes docentes para todos los espacios de nuestra instituci\u00f3n. Llamados a selecci\u00f3n de antecedentes Para acceder a los llamados de selecci\u00f3n de antecedentes que se encuentran en proceso al d\u00eda de hoy, haga &#8230; <a title=\"Reglamentaci\u00f3n y cobertura de cargos\" class=\"read-more\" href=\"https:\/\/isef2-caba.infd.edu.ar\/sitio\/reglamentacion-y-cobertura-de-catedras\/\" aria-label=\"More on Reglamentaci\u00f3n y cobertura de cargos\">[+]<\/a><\/p>\n","protected":false},"author":1468,"featured_media":0,"parent":0,"menu_order":0,"comment_status":"closed","ping_status":"closed","template":"","meta":[],"acf":[],"_links":{"self":[{"href":"https:\/\/isef2-caba.infd.edu.ar\/sitio\/wp-json\/wp\/v2\/pages\/4745"}],"collection":[{"href":"https:\/\/isef2-caba.infd.edu.ar\/sitio\/wp-json\/wp\/v2\/pages"}],"about":[{"href":"https:\/\/isef2-caba.infd.edu.ar\/sitio\/wp-json\/wp\/v2\/types\/page"}],"author":[{"embeddable":true,"href":"https:\/\/isef2-caba.infd.edu.ar\/sitio\/wp-json\/wp\/v2\/users\/1468"}],"replies":[{"embeddable":true,"href":"https:\/\/isef2-caba.infd.edu.ar\/sitio\/wp-json\/wp\/v2\/comments?post=4745"}],"version-history":[{"count":20,"href":"https:\/\/isef2-caba.infd.edu.ar\/sitio\/wp-json\/wp\/v2\/pages\/4745\/revisions"}],"predecessor-version":[{"id":5409,"href":"https:\/\/isef2-caba.infd.edu.ar\/sitio\/wp-json\/wp\/v2\/pages\/4745\/revisions\/5409"}],"wp:attachment":[{"href":"https:\/\/isef2-caba.infd.edu.ar\/sitio\/wp-json\/wp\/v2\/media?parent=4745"}],"curies":[{"name":"wp","href":"https:\/\/api.w.org\/{rel}","templated":true}]}}