{"id":3379,"date":"2023-03-02T11:45:11","date_gmt":"2023-03-02T14:45:11","guid":{"rendered":"https:\/\/isef2-caba.infd.edu.ar\/sitio\/?page_id=3379"},"modified":"2026-02-10T13:55:31","modified_gmt":"2026-02-10T16:55:31","slug":"solicitud-de-pase-al-instituto","status":"publish","type":"page","link":"https:\/\/isef2-caba.infd.edu.ar\/sitio\/solicitud-de-pase-al-instituto\/","title":{"rendered":"Solicitud de pase"},"content":{"rendered":"\n<p>El per\u00edodo de solicitud de pase al Instituto ser\u00e1 del 2 al 6\/3 del a\u00f1o 2026.<\/p>\n\n\n\n<p><strong>Requisitos para solicitar el pase a este Instituto:<\/strong><\/p>\n\n\n\n<p>Formulario de solicitud de pase completo y firmado. <a href=\"https:\/\/docs.google.com\/document\/d\/18lXmnjASe50MRZB9A7aqHcSjabe8DNyg_qgyNMFbaJI\/edit?usp=share_link\" data-type=\"URL\" data-id=\"https:\/\/docs.google.com\/document\/d\/18lXmnjASe50MRZB9A7aqHcSjabe8DNyg_qgyNMFbaJI\/edit?usp=share_link\">(Descargar)<\/a><\/p>\n\n\n\n<p>Situaci\u00f3n acad\u00e9mica del Instituto de origen.<\/p>\n\n\n\n<p>Programas certificados de las materias aprobadas (S\u00f3lo para alumnos que no provengan de Instituto de GCBA)<\/p>\n\n\n\n<p><\/p>\n\n\n\n<p><strong>Aclaraci\u00f3n:<\/strong> el cumplimiento de estos requisitos no implica la aceptaci\u00f3n autom\u00e1tica del pase. Esto depender\u00e1 de las vacantes disponibles y el an\u00e1lisis individual de cada situaci\u00f3n.  Es recomendable verificar nuestro plan de estudio vigente y que coincida en la mayor parte posible con las del profesorado o Instituto de origen tanto en nombre de la c\u00e1tedra como la carga horaria. <\/p>\n\n\n\n<p><\/p>\n","protected":false},"excerpt":{"rendered":"<p>El per\u00edodo de solicitud de pase al Instituto ser\u00e1 del 2 al 6\/3 del a\u00f1o 2026. Requisitos para solicitar el pase a este Instituto: Formulario de solicitud de pase completo y firmado. (Descargar) Situaci\u00f3n acad\u00e9mica del Instituto de origen. Programas certificados de las materias aprobadas (S\u00f3lo para alumnos que no provengan de Instituto de GCBA) &#8230; <a title=\"Solicitud de pase\" class=\"read-more\" href=\"https:\/\/isef2-caba.infd.edu.ar\/sitio\/solicitud-de-pase-al-instituto\/\" aria-label=\"More on Solicitud de pase\">[+]<\/a><\/p>\n","protected":false},"author":2051,"featured_media":0,"parent":0,"menu_order":0,"comment_status":"closed","ping_status":"closed","template":"","meta":[],"acf":[],"_links":{"self":[{"href":"https:\/\/isef2-caba.infd.edu.ar\/sitio\/wp-json\/wp\/v2\/pages\/3379"}],"collection":[{"href":"https:\/\/isef2-caba.infd.edu.ar\/sitio\/wp-json\/wp\/v2\/pages"}],"about":[{"href":"https:\/\/isef2-caba.infd.edu.ar\/sitio\/wp-json\/wp\/v2\/types\/page"}],"author":[{"embeddable":true,"href":"https:\/\/isef2-caba.infd.edu.ar\/sitio\/wp-json\/wp\/v2\/users\/2051"}],"replies":[{"embeddable":true,"href":"https:\/\/isef2-caba.infd.edu.ar\/sitio\/wp-json\/wp\/v2\/comments?post=3379"}],"version-history":[{"count":10,"href":"https:\/\/isef2-caba.infd.edu.ar\/sitio\/wp-json\/wp\/v2\/pages\/3379\/revisions"}],"predecessor-version":[{"id":5241,"href":"https:\/\/isef2-caba.infd.edu.ar\/sitio\/wp-json\/wp\/v2\/pages\/3379\/revisions\/5241"}],"wp:attachment":[{"href":"https:\/\/isef2-caba.infd.edu.ar\/sitio\/wp-json\/wp\/v2\/media?parent=3379"}],"curies":[{"name":"wp","href":"https:\/\/api.w.org\/{rel}","templated":true}]}}