{"id":2682,"date":"2021-03-30T09:45:01","date_gmt":"2021-03-30T12:45:01","guid":{"rendered":"https:\/\/isef2-caba.infd.edu.ar\/sitio\/?page_id=2682"},"modified":"2025-10-06T11:55:19","modified_gmt":"2025-10-06T14:55:19","slug":"junta-electoral","status":"publish","type":"page","link":"https:\/\/isef2-caba.infd.edu.ar\/sitio\/junta-electoral\/","title":{"rendered":"Junta Electoral"},"content":{"rendered":"\n<iframe loading=\"lazy\" src=\"https:\/\/docs.google.com\/presentation\/d\/e\/2PACX-1vSuDrs9RFDebqaBtXGb3CyNYO2JsUKfdRmXZ3xLLex2Vf2jrdcoeAI1zALPDC6vmwneG3shcr6se9ob\/pubembed?start=false&#038;loop=false&#038;delayms=3000\" frameborder=\"0\" width=\"960\" height=\"569\" allowfullscreen=\"true\" mozallowfullscreen=\"true\" webkitallowfullscreen=\"true\"><\/iframe>\n\n\n\n<header class=\"entry-header\">\n<h4>&nbsp;<\/h4>\n<h4 style=\"text-align: center;\"><em><b>ELECCIONES 2025&nbsp;<\/b><\/em><\/h4>\n<p style=\"text-align: center;\"><strong>CARGOS DE CONDUCCION Y CONSEJO DIRECTIVO<\/strong><\/p>\n<h4 style=\"text-align: left;\"><em><b>1\u00ba Comunicado&nbsp;&nbsp;<\/b><\/em><\/h4>\n<ul>\n<li style=\"text-align: left;\"><a href=\"https:\/\/drive.google.com\/file\/d\/11hDORQmxsLnTAHbRNT7x_OJKdjfyo1NX\/view?usp=sharing\"><u>Disposicion<\/u><\/a><\/li>\n<\/ul>\n<h4 style=\"text-align: left;\"><b><em>Cronograma Electoral<\/em><\/b><\/h4>\n<ul>\n<li style=\"text-align: left;\"><u>Convocatoria a elecciones<\/u>: 08\/09<\/li>\n<li><u>Publicaci\u00f3n de padrones provisorios<\/u>: 08\/09<\/li>\n<li><u>Consultas e impugnaciones de los padrones electorales<\/u>: 08\/09 al 18\/09<\/li>\n<li><u>Presentaci\u00f3n de f\u00f3rmulas<\/u>: del 08\/09 de septiembre al 28\/09<\/li>\n<li><u>Resoluci\u00f3n de impugnaciones y oficializaci\u00f3n de padrones<\/u>: 19\/9 al 23\/9<\/li>\n<li><u>Publicaci\u00f3n de los padrones electorales definitivos<\/u>:&nbsp;24\/09<\/li>\n<li><u>Oficializaci\u00f3n de listas de candidatos<\/u>: 29\/09<\/li>\n<li><u>Resoluci\u00f3n de impugnaciones a los postulantes<\/u>: 02\/10<\/li>\n<li><u>Veda electoral<\/u>: (48hs. previas a la votaci\u00f3n) desde las 8:00hs. del 02\/11 hasta las 8:00hs. del 04\/11<\/li>\n<li>\n<p><u>ELECCIONES<\/u>: MARTES <strong>4\/11<\/strong> de 8:00 a 20:00hs<\/p>\n<\/li>\n<\/ul>\n<h4 style=\"text-align: left;\"><em><b>Padrones Provisorios<\/b><\/em><\/h4>\n<\/header>\n\n\n\n<ul>\n<li><a href=\"https:\/\/drive.google.com\/file\/d\/1DRCJmt8N9MXRynUg-ZSi2jRbVKyrVJPJ\/view?usp=sharing\">Estudiantes<\/a><\/li>\n\n\n\n<li><a href=\"https:\/\/drive.google.com\/file\/d\/1kJtSGKxHjfd_bt3x7A5BKMI4nAFjgTj9\/view?usp=sharing\">Docentes<\/a><\/li>\n\n\n\n<li><a href=\"https:\/\/drive.google.com\/file\/d\/1Z8Z6s_YB7em86-5aewObPcQHBLWtxUJu\/view?usp=sharing\">Docentes en tareas de apoyo<\/a><\/li>\n<\/ul>\n\n\n\n<header class=\"entry-header\">En caso de reclamos por errores en el padr\u00f3n escribir a <a href=\"mailto:juntaelectoral@institutodickens.edu.ar\">juntaelectoral@institutodickens.edu.ar<\/a>\n<p>&nbsp;<\/p>\n<p style=\"text-align: right;\">22 de noviembre de 2024<\/p>\n<p>Los d\u00edas 19 y 20 de noviembre se llevaron a cabo las elecciones de consejeros tanto para el claustro de alumnos como para el claustro de graduados, donde se obtuvieron los siguientes resultados:<br>Para el claustro de alumnos se contabilizaron 485 votos a favor de la lista 1 \u00abVera Pe\u00f1aloza\u00bb, 40 votos en blanco y 140 votos impugnados<\/p>\n<p>Integrantes de la lista Vera Pe\u00f1aloza:<\/p>\n<p>Facundo Lopez Camargo (3\u00b0B TT)<br>Giuliana De Marco (3\u00b0B TM)<br>Pablo Germ\u00e1n Palmiero (3\u00b0B TT)<br>Manuela Manunta (3\u00b0A TM)<br>Enzo Mateos Sciola (3\u00b0C TM)<br>Micaela Barrios (4\u00b0A TM)<\/p>\n<p>Valentin Klipphan (2\u00b0D TM)<br>Sofia Lamonico (2\u00b0A TM)<br>Macarena Bel\u00e9n Rodr\u00edguez (1\u00b0C TM)<\/p>\n<p>Para el claustro de egresados resultaron 2 votos a favor de la lista 1, ning\u00fan voto en blanco, ning\u00fan voto impugnado.<br>Integrantes de la lista:<br>Milagros Ludmila Mosquera<br>Milagros Mango<\/p>\n<p>Felicitamos a los ganadores y les deseamos una pr\u00f3spera y responsable gesti\u00f3n en esta labor representativa.<\/p>\n<hr>\n<p style=\"text-align: right;\">9 de octubre de 2024<\/p>\n<h4 style=\"text-align: left;\"><b>Elecciones Consejo Directivo 2024<\/b><\/h4>\n<h4 style=\"text-align: left;\"><b>Cronograma Electoral &#8211; Claustro de estudiantes y graduados&nbsp;<\/b><\/h4>\n<ul>\n<li style=\"text-align: left;\">Del 8 al 25 de octubre presentaci\u00f3n de listas de candidatos a la junta electoral. Se hace por mail a una casilla de la junta propiamente dicha. juntaelectoral@institutodickens.edu.ar, con copia a isef2_rectorado@bue.edu.ar<\/li>\n<li style=\"text-align: left;\">Del 11 al 21 de octubre publicaci\u00f3n de padrones provisorios de estudiantes.<\/li>\n<li style=\"text-align: left;\">Del 21 al 25 de octubre resoluci\u00f3n de pedidos de modificaci\u00f3n de padr\u00f3n.<\/li>\n<li style=\"text-align: left;\">Del 26 al 29 de octubre publicaci\u00f3n de candidatos y pedidos de impugnaci\u00f3n.<\/li>\n<li style=\"text-align: left;\">28 de octubre, <a href=\"https:\/\/docs.google.com\/spreadsheets\/u\/6\/d\/e\/2PACX-1vSYo3COGxMHIJqgp_snx3WKVAXLic9DxNXGBWCZGkLqLt_SvJBgRcyuZs0mmX2aen7NVAzQ-BU5zTHZ\/pubhtml?gid=1851923653&amp;single=true\">publicaci\u00f3n de padrones definitivos<\/a>.<\/li>\n<li style=\"text-align: left;\">31 de octubre presentaci\u00f3n de <a href=\"https:\/\/docs.google.com\/document\/d\/1wckV_NmI9VU0pI6xfjiIC2dJbjHuBGDAp5lAXFIDDn0\/edit?tab=t.0\">listas definitivas<\/a>.<\/li>\n<li style=\"text-align: left;\">Del 1 de noviembre al 17 de noviembre, promoci\u00f3n de candidatos.<\/li>\n<li style=\"text-align: left;\">17 de noviembre 20 hs comienzo de la veda electoral<\/li>\n<li style=\"text-align: left;\">Martes 19 y mi\u00e9rcoles 20 elecciones para claustro estudiantes y graduados.<\/li>\n<\/ul>\n<p>En caso de reclamos por errores en el padr\u00f3n escribir a <a href=\"mailto:juntaelectoral@institutodickens.edu.ar\">juntaelectoral@institutodickens.edu.ar<\/a><\/p>\n<hr>\n<p style=\"text-align: right;\">29 de septiembre de 2023<\/p>\n<h4 style=\"text-align: left;\"><b>Elecciones Consejo Directivo 2023<\/b><\/h4>\n<h4 style=\"text-align: left;\"><b>Cronograma Electoral<\/b><\/h4>\n<p style=\"text-align: left;\">&nbsp;<\/p>\n<ul>\n<li style=\"font-weight: 400;\" aria-level=\"1\"><b>FECHA DE ELECCIONES:<\/b><span style=\"font-weight: 400;\"> 2 y 3 de noviembre de 2023 <\/span>de 10:00 a 12:30 hs, de 12:30 a 15:00 y de 17:30 a 20:00 hs.<\/li>\n\n<li style=\"font-weight: 400;\" aria-level=\"1\"><b>CONSULTA DE PADRONES:<\/b><span style=\"font-weight: 400;\"> desde el mi\u00e9rcoles 04 de octubre de 2023 hasta el viernes 13 de octubre de 2023 a las 23.59 hs.<\/span><\/li>\n<\/ul>\n\n<ul>\n<li style=\"font-weight: 400;\" aria-level=\"1\"><b>INCLUSIONES, CORRECCIONES, DESVINCULACIONES Y\/O MODIFICACIONES DE PADRONES:<\/b><span style=\"font-weight: 400;\"> hasta el viernes 13 de octubre la casilla de mail de la Junta Electoral: <\/span><a href=\"mailto:juntaelectoral@institutodickens.edu.ar\"><span style=\"font-weight: 400;\">juntaelectoral@institutodickens.edu.ar<\/span><\/a><span style=\"font-weight: 400;\"> ASUNTO: SOLICITUD MODIFICACI\u00d3N DE PADR\u00d3N ELECTORAL 2023. Se solicita aclarar nombre, apellido y DNI<\/span><\/li>\n<li style=\"font-weight: 400;\" aria-level=\"1\"><b>PUBLICACI\u00d3N DE PADR\u00d3N DEFINITIVO:<\/b><span style=\"font-weight: 400;\"> desde el jueves 19 de octubre de 2023. La publicaci\u00f3n se realizar\u00e1 a trav\u00e9s de c\u00f3digo QR en las carteleras del Instituto y en los siguientes enlaces. La informaci\u00f3n en ambos espacios ser\u00e1 id\u00e9ntica.<\/span>\n<p style=\"text-align: center;\"><a href=\"https:\/\/docs.google.com\/spreadsheets\/d\/1jV1z0iOJ0E6cAo5DBCCv3_37Uj8XyTGjLAYxzzUYIvc\/edit?usp=sharing\"><span style=\"font-weight: 400;\">Padr\u00f3n alumnas\/os<\/span><\/a><\/p>\n<p style=\"text-align: center;\"><a href=\"https:\/\/docs.google.com\/spreadsheets\/d\/1kev6JuxiWKWI7G7qcgogPnyMNMVqx6Ppqwot81IPz8g\/edit?usp=sharing\"><span style=\"font-weight: 400;\">Padr\u00f3n docentes<\/span><\/a><\/p>\n<p style=\"text-align: center;\"><a href=\"https:\/\/docs.google.com\/spreadsheets\/d\/1t-gBTSoVyD9WhZ61GIYXr8E-YDyLCo27DCInAOmByDk\/edit?usp=sharing\"><span style=\"font-weight: 400;\">Padr\u00f3n docentes en tareas de apoyo<\/span><\/a><\/p>\n<\/li>\n<li style=\"font-weight: 400;\" aria-level=\"1\"><b>PRESENTACI\u00d3N DE LISTAS DE CANDIDATOS:<\/b><span style=\"font-weight: 400;\"> hasta el 19 de octubre de 2023 a las 18:00 hs a <\/span><span style=\"font-weight: 400;\">ambas<\/span><span style=\"font-weight: 400;\"> casillas de correo electr\u00f3nico:<\/span><\/li>\n<\/ul>\n<ul>\n<li style=\"font-weight: 400; text-align: left;\" aria-level=\"1\"><a href=\"mailto:isef2@bue.edu.ar\"><span style=\"font-weight: 400;\">isef2@bue.edu.ar<\/span><\/a><\/li>\n<li style=\"font-weight: 400; text-align: left;\" aria-level=\"1\"><a href=\"mailto:juntaelectoral@institutodickens.edu.ar\"><span style=\"font-weight: 400;\">juntaelectoral@institutodickens.edu.ar<\/span><\/a><\/li>\n<\/ul>\n<ul>\n<li style=\"font-weight: 400;\" aria-level=\"1\"><b>PUBLICACI\u00d3N DE CANDIDATURAS:<\/b><span style=\"font-weight: 400;\">&nbsp; 19 de octubre 2023 18:00 hs.&nbsp;<\/span><\/li>\n<li style=\"font-weight: 400;\" aria-level=\"1\"><b>IMPUGNACI\u00d3N DE LISTAS:<\/b><span style=\"font-weight: 400;\"> desde el 19\/10\/23 hasta el 20\/10\/23 a las 21:00 hs a ambas casillas de correo: <\/span>\n<ul>\n<li style=\"font-weight: 400; text-align: left;\" aria-level=\"1\"><a href=\"mailto:isef2@bue.edu.ar\"><span style=\"font-weight: 400;\">isef2@bue.edu.ar<\/span><\/a><\/li>\n<li style=\"font-weight: 400; text-align: left;\" aria-level=\"1\"><a href=\"mailto:juntaelectoral@institutodickens.edu.ar\"><span style=\"font-weight: 400;\">juntaelectoral@institutodickens.edu.ar<\/span><\/a><\/li>\n<\/ul>\n<\/li>\n\n<li style=\"font-weight: 400;\" aria-level=\"1\"><b>RESOLUCI\u00d3N DE IMPUGNACIONES Y OFICIALIZACI\u00d3N DE LAS LISTAS:<\/b><span style=\"font-weight: 400;\"> 24\/10\/23 a las 20:00 hs.<\/span><\/li>\n<\/ul>\n\n<p><strong>OFICIALIZACI\u00d3N DE LISTAS<\/strong><\/p>\n<\/header>\n\n\n\n<p>DOCENTES &#8211; ELECCIONES CONSEJO DIRECTIVO 2023<\/p>\n\n\n\n<figure class=\"wp-block-table\"><table><tbody><tr><td colspan=\"2\">LISTA 1 &#8211; COMPROMISO DICKENS &#8211;<\/td><td colspan=\"2\">LISTA 2 &#8211; IDENTIDAD Y UNIDAD DICKENS &#8211;<\/td><\/tr><tr><td>1<\/td><td>FARINOLA MARTIN<\/td><td>1<\/td><td>DUHAU MARTIN<\/td><\/tr><tr><td>2<\/td><td>MARANZANO SILVIA<\/td><td>2<\/td><td>ESPETXE CRISTINA<\/td><\/tr><tr><td>3<\/td><td>BONELLS JORGE<\/td><td>3<\/td><td>MARTIN RODRIGO<\/td><\/tr><tr><td>4<\/td><td>DARDANO PAULA<\/td><td>4<\/td><td>BOVONE CAMILA<\/td><\/tr><tr><td>5<\/td><td>ESTEBAN DIEGO<\/td><td>5<\/td><td>POGGI VALERIA<\/td><\/tr><tr><td>6<\/td><td>SGANGA MAGALI<\/td><td>6<\/td><td>ALU MARIANO<\/td><\/tr><tr><td>7<\/td><td>ABRUCHECE MAURICIO<\/td><td>7<\/td><td>GALLUZZO DANIELA<\/td><\/tr><tr><td>8<\/td><td>VILLEGAS VALERIA<\/td><td>8<\/td><td>SANCHEZ HERNANDO<\/td><\/tr><tr><td>S1<\/td><td>PEREZ FERRER PAULA<\/td><td>S1<\/td><td>SGROI GERMAN<\/td><\/tr><tr><td>S2<\/td><td>SPAGNUOLO ARIEL<\/td><td>S2<\/td><td>RODRIGUEZ MARTIN<\/td><\/tr><tr><td>S3<\/td><td>ESTEBAN GONZALO<\/td><td>S3<\/td><td>GONZALEZ MONICA<\/td><\/tr><\/tbody><\/table><\/figure>\n\n\n\n<p>DOCENTES EN TAREAS DE APOYO&nbsp; &#8211; ELECCIONES CONSEJO DIRECTIVO 2023<\/p>\n\n\n\n<figure class=\"wp-block-table\"><table><tbody><tr><td colspan=\"2\">LISTA 1<\/td><\/tr><tr><td>1<\/td><td>BONTEMPI CAROLINA MARIA<\/td><\/tr><tr><td>S<\/td><td>NOCERINO MARIA DANIELA<\/td><\/tr><\/tbody><\/table><\/figure>\n\n\n\n<p>ALUMNOS\/AS &#8211; ELECCIONES CONSEJO DIRECTIVO 2023<\/p>\n\n\n\n<figure class=\"wp-block-table\"><table><tbody><tr><td colspan=\"2\">LISTA 1 &#8211; VERA PE\u00d1ALOZA DICKENS-<\/td><\/tr><tr><td>1<\/td><td>Lucas Abalo 4\u00b0D TM<\/td><\/tr><tr><td>2<\/td><td>Sixto Bugarin 4\u00b0A TM<\/td><\/tr><tr><td>3<\/td><td>Dami\u00e1n Leyden 2\u00b0C TV<\/td><\/tr><tr><td>4<\/td><td>Giuliana De Marco 2\u00b0A TM<\/td><\/tr><tr><td>5<\/td><td>Micaela Barrios 3\u00b0C TM<\/td><\/tr><tr><td>6<\/td><td>Facundo Lopez Camargo 2\u00b0C TT<\/td><\/tr><tr><td>S1<\/td><td>Manuela Manunta 2\u00b0A TM<\/td><\/tr><\/tbody><\/table><\/figure>\n\n\n\n<p>GRADUADOS &#8211; ELECCIONES CONSEJO DIRECTIVO 2023<\/p>\n\n\n\n<figure class=\"wp-block-table\"><table><tbody><tr><td colspan=\"2\">LISTA 1<\/td><\/tr><tr><td>1<\/td><td>PRESMANES DANIELA GISELLE<\/td><\/tr><tr><td>S<\/td><td>NAVARRO GIMENEZ AGUSTIN<\/td><\/tr><\/tbody><\/table><\/figure>\n\n\n\n<header class=\"entry-header\">\n<ul>\n<li style=\"font-weight: 400;\" aria-level=\"1\"><b>INICIO DE LA VEDA:<\/b><span style=\"font-weight: 400;\"> Martes 31\/10\/23 20 hs<\/span><\/li>\n<li aria-level=\"1\"><strong><strong>RESULTADOS DEFINITIVOS<\/strong><\/strong><br>\n<table dir=\"ltr\" border=\"1\" cellspacing=\"0\" cellpadding=\"0\"><colgroup> <col width=\"195\"> <col width=\"197\"> <col width=\"70\"> <col width=\"69\"><\/colgroup>\n<tbody>\n<tr>\n<td colspan=\"4\" rowspan=\"1\" data-sheets-value=\"{&quot;1&quot;:2,&quot;2&quot;:&quot;Resultados elecciones para CD&quot;}\">Resultados elecciones para CD<\/td>\n<\/tr>\n<tr>\n<td colspan=\"2\" rowspan=\"1\">&nbsp;<\/td>\n<td data-sheets-value=\"{&quot;1&quot;:2,&quot;2&quot;:&quot;Votos&quot;}\">Votos<\/td>\n<td data-sheets-value=\"{&quot;1&quot;:2,&quot;2&quot;:&quot;Bancas&quot;}\">Bancas<\/td>\n<\/tr>\n<tr>\n<td colspan=\"1\" rowspan=\"3\" data-sheets-value=\"{&quot;1&quot;:2,&quot;2&quot;:&quot;Claustro docente&quot;}\">\n<div>Claustro docente<\/div>\n<\/td>\n<td data-sheets-value=\"{&quot;1&quot;:2,&quot;2&quot;:&quot;Lista 1 Compromiso Dickens&quot;}\">Lista 1 Compromiso Dickens<\/td>\n<td data-sheets-value=\"{&quot;1&quot;:3,&quot;3&quot;:38}\">38<\/td>\n<td data-sheets-value=\"{&quot;1&quot;:3,&quot;3&quot;:5}\">5<\/td>\n<\/tr>\n<tr>\n<td data-sheets-value=\"{&quot;1&quot;:2,&quot;2&quot;:&quot;Lista 2 Unidad Dickens&quot;}\">Lista 2 Unidad Dickens<\/td>\n<td data-sheets-value=\"{&quot;1&quot;:3,&quot;3&quot;:30}\">30<\/td>\n<td data-sheets-value=\"{&quot;1&quot;:3,&quot;3&quot;:3}\">3<\/td>\n<\/tr>\n<tr>\n<td data-sheets-value=\"{&quot;1&quot;:2,&quot;2&quot;:&quot;Blanco&quot;}\">Blanco<\/td>\n<td data-sheets-value=\"{&quot;1&quot;:3,&quot;3&quot;:4}\">4<\/td>\n<td>&nbsp;<\/td>\n<\/tr>\n<tr>\n<td colspan=\"1\" rowspan=\"3\" data-sheets-value=\"{&quot;1&quot;:2,&quot;2&quot;:&quot;Claustro estudiantes&quot;}\">\n<div>Claustro estudiantes<\/div>\n<\/td>\n<td data-sheets-value=\"{&quot;1&quot;:2,&quot;2&quot;:&quot;Lista 1&quot;}\">Lista 1<\/td>\n<td data-sheets-value=\"{&quot;1&quot;:3,&quot;3&quot;:608}\">608<\/td>\n<td data-sheets-value=\"{&quot;1&quot;:3,&quot;3&quot;:6}\">6<\/td>\n<\/tr>\n<tr>\n<td data-sheets-value=\"{&quot;1&quot;:2,&quot;2&quot;:&quot;Impugnados&quot;}\">Impugnados<\/td>\n<td data-sheets-value=\"{&quot;1&quot;:3,&quot;3&quot;:124}\">124<\/td>\n<td>&nbsp;<\/td>\n<\/tr>\n<tr>\n<td data-sheets-value=\"{&quot;1&quot;:2,&quot;2&quot;:&quot;Blanco&quot;}\">Blanco<\/td>\n<td data-sheets-value=\"{&quot;1&quot;:3,&quot;3&quot;:29}\">29<\/td>\n<td>&nbsp;<\/td>\n<\/tr>\n<tr>\n<td data-sheets-value=\"{&quot;1&quot;:2,&quot;2&quot;:&quot;Claustro docente en TA&quot;}\">Claustro docente en TA<\/td>\n<td data-sheets-value=\"{&quot;1&quot;:2,&quot;2&quot;:&quot;Lista 1&quot;}\">Lista 1<\/td>\n<td data-sheets-value=\"{&quot;1&quot;:3,&quot;3&quot;:10}\">10<\/td>\n<td data-sheets-value=\"{&quot;1&quot;:3,&quot;3&quot;:1}\">1<\/td>\n<\/tr>\n<tr>\n<td data-sheets-value=\"{&quot;1&quot;:2,&quot;2&quot;:&quot;Claustro graduados&quot;}\">Claustro graduados<\/td>\n<td data-sheets-value=\"{&quot;1&quot;:2,&quot;2&quot;:&quot;Lista 1&quot;}\">Lista 1<\/td>\n<td data-sheets-value=\"{&quot;1&quot;:3,&quot;3&quot;:4}\">4<\/td>\n<td data-sheets-value=\"{&quot;1&quot;:3,&quot;3&quot;:1}\">1<\/td>\n<\/tr>\n<\/tbody>\n<\/table>\n<\/li>\n<\/ul>\n<p>CORREO DE LA JUNTA ELECTORAL:<\/p>\n<h3 style=\"text-align: center;\"><a href=\"mailto:juntaelectoral@institutodickens.edu.ar\"><span style=\"font-weight: 400;\">juntaelectoral@institutodickens.edu.ar<\/span><\/a><\/h3>\n<\/header>\n","protected":false},"excerpt":{"rendered":"<p>&nbsp; ELECCIONES 2025&nbsp; CARGOS DE CONDUCCION Y CONSEJO DIRECTIVO 1\u00ba Comunicado&nbsp;&nbsp; Disposicion Cronograma Electoral Convocatoria a elecciones: 08\/09 Publicaci\u00f3n de padrones provisorios: 08\/09 Consultas e impugnaciones de los padrones electorales: 08\/09 al 18\/09 Presentaci\u00f3n de f\u00f3rmulas: del 08\/09 de septiembre al 28\/09 Resoluci\u00f3n de impugnaciones y oficializaci\u00f3n de padrones: 19\/9 al 23\/9 Publicaci\u00f3n de los &#8230; <a title=\"Junta Electoral\" class=\"read-more\" href=\"https:\/\/isef2-caba.infd.edu.ar\/sitio\/junta-electoral\/\" aria-label=\"More on Junta Electoral\">[+]<\/a><\/p>\n","protected":false},"author":1468,"featured_media":0,"parent":0,"menu_order":0,"comment_status":"closed","ping_status":"closed","template":"","meta":[],"acf":[],"_links":{"self":[{"href":"https:\/\/isef2-caba.infd.edu.ar\/sitio\/wp-json\/wp\/v2\/pages\/2682"}],"collection":[{"href":"https:\/\/isef2-caba.infd.edu.ar\/sitio\/wp-json\/wp\/v2\/pages"}],"about":[{"href":"https:\/\/isef2-caba.infd.edu.ar\/sitio\/wp-json\/wp\/v2\/types\/page"}],"author":[{"embeddable":true,"href":"https:\/\/isef2-caba.infd.edu.ar\/sitio\/wp-json\/wp\/v2\/users\/1468"}],"replies":[{"embeddable":true,"href":"https:\/\/isef2-caba.infd.edu.ar\/sitio\/wp-json\/wp\/v2\/comments?post=2682"}],"version-history":[{"count":31,"href":"https:\/\/isef2-caba.infd.edu.ar\/sitio\/wp-json\/wp\/v2\/pages\/2682\/revisions"}],"predecessor-version":[{"id":5071,"href":"https:\/\/isef2-caba.infd.edu.ar\/sitio\/wp-json\/wp\/v2\/pages\/2682\/revisions\/5071"}],"wp:attachment":[{"href":"https:\/\/isef2-caba.infd.edu.ar\/sitio\/wp-json\/wp\/v2\/media?parent=2682"}],"curies":[{"name":"wp","href":"https:\/\/api.w.org\/{rel}","templated":true}]}}