{"id":2655,"date":"2022-02-21T08:58:31","date_gmt":"2022-02-21T11:58:31","guid":{"rendered":"https:\/\/isef2-caba.infd.edu.ar\/sitio\/?page_id=2655"},"modified":"2024-03-04T10:29:31","modified_gmt":"2024-03-04T13:29:31","slug":"informacion-para-alumnos-cambio-de-turno","status":"publish","type":"page","link":"https:\/\/isef2-caba.infd.edu.ar\/sitio\/informacion-para-alumnos-cambio-de-turno\/","title":{"rendered":"Cambio de Turno"},"content":{"rendered":"<p><\/p>\n<p>Per\u00edodo de solicitud: 4\/3\/2024 al 8\/3\/2024<\/p>\n<p>S\u00f3lo los alumnos regulares y precursantes pueden pedir cambio de turno.<br>La solicitud del mismo no implica la obtenci\u00f3n de la vacante en el turno solicitado, sino que \u00e9sta queda a consideraci\u00f3n y debe aguardarse una respuesta.<\/p>\n<p>La matriculaci\u00f3n deber\u00e1 realizarse en el <em>turno original<\/em>. Una vez aprobado el cambio de turno lo modificaremos desde Bedel\u00eda.<\/p>\n<p style=\"text-align: center;\">Para completar el formulario:<\/p>\n\n\n<figure class=\"wp-block-image size-large is-resized\"><a href=\"https:\/\/docs.google.com\/forms\/d\/e\/1FAIpQLSfaodic87Ypc058Vdj8W1ulH0ikJxc58zrYuo7ELK3n-W7aYw\/viewform\"><img decoding=\"async\" loading=\"lazy\" src=\"https:\/\/isef2-caba.infd.edu.ar\/sitio\/wp-content\/uploads\/2022\/03\/Sin-titulo.png\" alt=\"\" class=\"wp-image-3148\" width=\"429\" height=\"169\"\/><\/a><\/figure>\n\n\n\n<p><\/p>\n","protected":false},"excerpt":{"rendered":"<p>Per\u00edodo de solicitud: 4\/3\/2024 al 8\/3\/2024 S\u00f3lo los alumnos regulares y precursantes pueden pedir cambio de turno.La solicitud del mismo no implica la obtenci\u00f3n de la vacante en el turno solicitado, sino que \u00e9sta queda a consideraci\u00f3n y debe aguardarse una respuesta. La matriculaci\u00f3n deber\u00e1 realizarse en el turno original. Una vez aprobado el cambio &#8230; <a title=\"Cambio de Turno\" class=\"read-more\" href=\"https:\/\/isef2-caba.infd.edu.ar\/sitio\/informacion-para-alumnos-cambio-de-turno\/\" aria-label=\"More on Cambio de Turno\">[+]<\/a><\/p>\n","protected":false},"author":2051,"featured_media":0,"parent":0,"menu_order":0,"comment_status":"closed","ping_status":"closed","template":"","meta":[],"acf":[],"_links":{"self":[{"href":"https:\/\/isef2-caba.infd.edu.ar\/sitio\/wp-json\/wp\/v2\/pages\/2655"}],"collection":[{"href":"https:\/\/isef2-caba.infd.edu.ar\/sitio\/wp-json\/wp\/v2\/pages"}],"about":[{"href":"https:\/\/isef2-caba.infd.edu.ar\/sitio\/wp-json\/wp\/v2\/types\/page"}],"author":[{"embeddable":true,"href":"https:\/\/isef2-caba.infd.edu.ar\/sitio\/wp-json\/wp\/v2\/users\/2051"}],"replies":[{"embeddable":true,"href":"https:\/\/isef2-caba.infd.edu.ar\/sitio\/wp-json\/wp\/v2\/comments?post=2655"}],"version-history":[{"count":11,"href":"https:\/\/isef2-caba.infd.edu.ar\/sitio\/wp-json\/wp\/v2\/pages\/2655\/revisions"}],"predecessor-version":[{"id":3813,"href":"https:\/\/isef2-caba.infd.edu.ar\/sitio\/wp-json\/wp\/v2\/pages\/2655\/revisions\/3813"}],"wp:attachment":[{"href":"https:\/\/isef2-caba.infd.edu.ar\/sitio\/wp-json\/wp\/v2\/media?parent=2655"}],"curies":[{"name":"wp","href":"https:\/\/api.w.org\/{rel}","templated":true}]}}