{"id":2596,"date":"2020-11-13T11:10:36","date_gmt":"2020-11-13T14:10:36","guid":{"rendered":"https:\/\/isef2-caba.infd.edu.ar\/sitio\/?page_id=2596"},"modified":"2020-11-18T14:35:48","modified_gmt":"2020-11-18T17:35:48","slug":"teorico","status":"publish","type":"page","link":"https:\/\/isef2-caba.infd.edu.ar\/sitio\/teorico\/","title":{"rendered":"Te\u00f3rico"},"content":{"rendered":"<ul>\n<li dir=\"ltr\"><a href=\"https:\/\/drive.google.com\/file\/d\/1oQQuRWfyaU59_HO0UeW5oaC7pyRZ-yV1\/view?usp=sharing\">Pautas generales para la evaluaci\u00f3n te\u00f3rica<\/a><\/li>\n<li dir=\"ltr\">Ponemos a su disposici\u00f3n <a href=\"https:\/\/drive.google.com\/file\/d\/124AafvtioWglDLipJzWguUn8s4q3-J2Z\/view?usp=sharing\">el material bibliogr\u00e1fico para la evaluaci\u00f3n te\u00f3rica<\/a>. Para aquel que desee contar con el material de estudio impreso, anillado y con entrega a domicilio (en CABA, en GBA a convenir), el valor del material ser\u00e1 de $600. Para ello deber\u00e1 contactarse con Marina Guzm\u00e1n, responsable de la fotocopiadora del instituto. Marina Guzm\u00e1n: 1168671162<\/li>\n<\/ul>\n","protected":false},"excerpt":{"rendered":"<p>Pautas generales para la evaluaci\u00f3n te\u00f3rica Ponemos a su disposici\u00f3n el material bibliogr\u00e1fico para la evaluaci\u00f3n te\u00f3rica. Para aquel que desee contar con el material de estudio impreso, anillado y con entrega a domicilio (en CABA, en GBA a convenir), el valor del material ser\u00e1 de $600. Para ello deber\u00e1 contactarse con Marina Guzm\u00e1n, responsable &#8230; <a title=\"Te\u00f3rico\" class=\"read-more\" href=\"https:\/\/isef2-caba.infd.edu.ar\/sitio\/teorico\/\" aria-label=\"More on Te\u00f3rico\">[+]<\/a><\/p>\n","protected":false},"author":1468,"featured_media":0,"parent":0,"menu_order":0,"comment_status":"closed","ping_status":"closed","template":"","meta":[],"acf":[],"_links":{"self":[{"href":"https:\/\/isef2-caba.infd.edu.ar\/sitio\/wp-json\/wp\/v2\/pages\/2596"}],"collection":[{"href":"https:\/\/isef2-caba.infd.edu.ar\/sitio\/wp-json\/wp\/v2\/pages"}],"about":[{"href":"https:\/\/isef2-caba.infd.edu.ar\/sitio\/wp-json\/wp\/v2\/types\/page"}],"author":[{"embeddable":true,"href":"https:\/\/isef2-caba.infd.edu.ar\/sitio\/wp-json\/wp\/v2\/users\/1468"}],"replies":[{"embeddable":true,"href":"https:\/\/isef2-caba.infd.edu.ar\/sitio\/wp-json\/wp\/v2\/comments?post=2596"}],"version-history":[{"count":3,"href":"https:\/\/isef2-caba.infd.edu.ar\/sitio\/wp-json\/wp\/v2\/pages\/2596\/revisions"}],"predecessor-version":[{"id":2609,"href":"https:\/\/isef2-caba.infd.edu.ar\/sitio\/wp-json\/wp\/v2\/pages\/2596\/revisions\/2609"}],"wp:attachment":[{"href":"https:\/\/isef2-caba.infd.edu.ar\/sitio\/wp-json\/wp\/v2\/media?parent=2596"}],"curies":[{"name":"wp","href":"https:\/\/api.w.org\/{rel}","templated":true}]}}