{"id":2586,"date":"2020-11-03T19:28:36","date_gmt":"2020-11-03T22:28:36","guid":{"rendered":"https:\/\/isef2-caba.infd.edu.ar\/sitio\/?page_id=2586"},"modified":"2021-03-10T16:19:05","modified_gmt":"2021-03-10T19:19:05","slug":"listados-provisorios","status":"publish","type":"page","link":"https:\/\/isef2-caba.infd.edu.ar\/sitio\/listados-provisorios\/","title":{"rendered":"Listados de  1\u00b0 A\u00f1o 2021"},"content":{"rendered":"<p>&nbsp;<\/p>\n<h3>LISTADOS DE MATRICULADOS PARA 1\u00b0 A\u00d1O 2021<\/h3>\n<p><a href=\"https:\/\/docs.google.com\/spreadsheets\/d\/e\/2PACX-1vS4uC13XADFXYqGQtVOWZ4HNLSe6S6s9nmyk-evPFDFZMx9Lb8V9cRctKtnVgkzRDpzPBkP9CwTh7BG\/pubhtml?gid=702053489&amp;single=true\">TURNO MA\u00d1ANA<\/a><\/p>\n<p><a href=\"https:\/\/docs.google.com\/spreadsheets\/d\/e\/2PACX-1vRznVQ-px1HGFKQytRmHdhg8PMfHmUZBfi49mTc6kci9dhVAYO2RYpgw7VzjOquYUdPd7fWv5Jzw-7B\/pubhtml?gid=1202770635&amp;single=true\">TURNO TARDE<\/a><\/p>\n<p><a href=\"https:\/\/docs.google.com\/spreadsheets\/d\/e\/2PACX-1vRVnbHSCfgPHVjAcOKsa3Rj_yXi5dOkKSUYv_gtgCFJniVwUedTlmiIBWOjturp_2NGqKjRTlbQWgnr\/pubhtml?gid=592894549&amp;single=true\">TURNO VESPERTINO<\/a><\/p>\n<p>&nbsp;<\/p>\n<ul>\n<li dir=\"ltr\"><a href=\"https:\/\/docs.google.com\/spreadsheets\/d\/1gVIj6hyWoC8-rIyxEI3O-iOuKCcnqFyeezi9I5a5p3k\/edit?usp=sharing\">Listado de n\u00famero de aspirantes provisorio<\/a> (el siguiente listado muestra la asignaci\u00f3n de los n\u00fameros de aspirantes para el INGRESO 2021. Se actualiza de forma autom\u00e1tica conforme se valida la documentaci\u00f3n.\u00a0Dicho proceso puede demorar algunos d\u00edas. Por favor, revisar con frecuencia la casilla de mail brindada en la inscripci\u00f3n).<\/li>\n<\/ul>\n<p>&nbsp;<\/p>\n","protected":false},"excerpt":{"rendered":"<p>&nbsp; LISTADOS DE MATRICULADOS PARA 1\u00b0 A\u00d1O 2021 TURNO MA\u00d1ANA TURNO TARDE TURNO VESPERTINO &nbsp; Listado de n\u00famero de aspirantes provisorio (el siguiente listado muestra la asignaci\u00f3n de los n\u00fameros de aspirantes para el INGRESO 2021. Se actualiza de forma autom\u00e1tica conforme se valida la documentaci\u00f3n.\u00a0Dicho proceso puede demorar algunos d\u00edas. Por favor, revisar con &#8230; <a title=\"Listados de  1\u00b0 A\u00f1o 2021\" class=\"read-more\" href=\"https:\/\/isef2-caba.infd.edu.ar\/sitio\/listados-provisorios\/\" aria-label=\"More on Listados de  1\u00b0 A\u00f1o 2021\">[+]<\/a><\/p>\n","protected":false},"author":1468,"featured_media":0,"parent":0,"menu_order":0,"comment_status":"closed","ping_status":"closed","template":"","meta":[],"acf":[],"_links":{"self":[{"href":"https:\/\/isef2-caba.infd.edu.ar\/sitio\/wp-json\/wp\/v2\/pages\/2586"}],"collection":[{"href":"https:\/\/isef2-caba.infd.edu.ar\/sitio\/wp-json\/wp\/v2\/pages"}],"about":[{"href":"https:\/\/isef2-caba.infd.edu.ar\/sitio\/wp-json\/wp\/v2\/types\/page"}],"author":[{"embeddable":true,"href":"https:\/\/isef2-caba.infd.edu.ar\/sitio\/wp-json\/wp\/v2\/users\/1468"}],"replies":[{"embeddable":true,"href":"https:\/\/isef2-caba.infd.edu.ar\/sitio\/wp-json\/wp\/v2\/comments?post=2586"}],"version-history":[{"count":6,"href":"https:\/\/isef2-caba.infd.edu.ar\/sitio\/wp-json\/wp\/v2\/pages\/2586\/revisions"}],"predecessor-version":[{"id":2661,"href":"https:\/\/isef2-caba.infd.edu.ar\/sitio\/wp-json\/wp\/v2\/pages\/2586\/revisions\/2661"}],"wp:attachment":[{"href":"https:\/\/isef2-caba.infd.edu.ar\/sitio\/wp-json\/wp\/v2\/media?parent=2586"}],"curies":[{"name":"wp","href":"https:\/\/api.w.org\/{rel}","templated":true}]}}