{"id":2430,"date":"2019-11-28T14:31:52","date_gmt":"2019-11-28T17:31:52","guid":{"rendered":"https:\/\/isef2-caba.infd.edu.ar\/sitio\/?page_id=2430"},"modified":"2019-12-16T08:39:40","modified_gmt":"2019-12-16T11:39:40","slug":"jur","status":"publish","type":"page","link":"https:\/\/isef2-caba.infd.edu.ar\/sitio\/jur\/","title":{"rendered":"JUR"},"content":{"rendered":"<p><img decoding=\"async\" loading=\"lazy\" class=\"aligncenter size-full wp-image-2431\" src=\"https:\/\/isef2-caba.infd.edu.ar\/sitio\/wp-content\/uploads\/2019\/11\/JUR-imagen.jpg\" alt=\"\" width=\"878\" height=\"682\" srcset=\"https:\/\/isef2-caba.infd.edu.ar\/sitio\/wp-content\/uploads\/2019\/11\/JUR-imagen.jpg 878w, https:\/\/isef2-caba.infd.edu.ar\/sitio\/wp-content\/uploads\/2019\/11\/JUR-imagen-768x597.jpg 768w\" sizes=\"(max-width: 878px) 100vw, 878px\" \/><\/p>\n<p><u>CARACTER\u00cdSTICAS DE LOS J.U.R.<\/u><\/p>\n<p><u>\u00a0<\/u><\/p>\n<ul>\n<li>Torneo anual y federal, donde participan estudiantes representantes de instituciones de educaci\u00f3n superior p\u00fablicas y privadas de la Rep\u00fablica Argentina.<\/li>\n<li>Dos etapas de competici\u00f3n: Regional y Nacional.<\/li>\n<li>Re\u00fane doce disciplinas deportivas: ajedrez, atletismo, b\u00e1squet, f\u00fatbol, futsal, handball, hockey, nataci\u00f3n, rugby, tenis, tenis de mesa y v\u00f3ley.<\/li>\n<li>Para la Final Nacional, se agregar\u00e1n las disciplinas promocionales de b\u00e1squet 3 x 3, beach handball y beach v\u00f3ley.<\/li>\n<li>La instituci\u00f3n que obtenga m\u00e1s puntos ser\u00e1 la ganadora de la Copa JUR. Los puntos se computar\u00e1n mediante la puntuaci\u00f3n del sistema ol\u00edmpico<\/li>\n<\/ul>\n<p>&nbsp;<\/p>\n<p>Durante la semana del 19 al 22 de noviembre de 2019, nuestra instituci\u00f3n particip\u00f3 en la ETAPA REGIONAL, en los siguientes deportes:<\/p>\n<p>&nbsp;<\/p>\n<ul>\n<li>Atletismo (masculino y femenino)<\/li>\n<li>B\u00e1squet masculino<\/li>\n<li>Futsal femenino<\/li>\n<li>Futsal masculino<\/li>\n<li>Handball femenino<\/li>\n<li>Handball masculino<\/li>\n<li>Hockey femenino<\/li>\n<li>Tenis masculino<\/li>\n<li>V\u00f3ley masculino<\/li>\n<li>V\u00f3ley femenino<\/li>\n<\/ul>\n<p>&nbsp;<\/p>\n<p>Los deportes y\/o deportistas que hayan obtenido medalla de plata\/oro en la Etapa Regional, participar\u00e1n de la final Nacional a realizarse durante el a\u00f1o 2020.<\/p>\n<p>Queremos hacer un muy especial reconocimiento para aquellos alumnos que tomaron la responsabilidad de seleccionar y acompa\u00f1ar a algunos equipos representativos durante los JUR:<\/p>\n<p>&nbsp;<\/p>\n<ul>\n<li>Santiago Palmas \u00a0(Futsal masculino)<\/li>\n<li>Juan Mart\u00edn Panagopoulos (F\u00fatbol 11)<\/li>\n<li>Javier Rafate \u00a0(Handball masculino)<\/li>\n<li>Vanesa Romero \u00a0(Handball femenino)<\/li>\n<li>Germ\u00e1n Alonso (Tenis masculino)<\/li>\n<\/ul>\n<p>&nbsp;<\/p>\n<p>Y agradecemos a los profesores que de manera desinteresada y voluntaria tambi\u00e9n convocaron y acompa\u00f1aron a los alumnos en los diferentes deportes:<\/p>\n<p>&nbsp;<\/p>\n<ul>\n<li>Abot B\u00e1rbara (Futsal femenino)<\/li>\n<li>Gandulfo Sebasti\u00e1n (V\u00f3ley masculino)<\/li>\n<li>Laszuk Jos\u00e9 Luis (Atletismo)<\/li>\n<li>Martin Rodrigo (V\u00f3ley femenino)<\/li>\n<li>Otero Claudia \u201cPato\u201d (Hockey femenino)<\/li>\n<li>Scappaticcio Pablo (B\u00e1squet masculino)<\/li>\n<\/ul>\n<p>&nbsp;<\/p>\n<p style=\"text-align: center;\"><em>\u201cMucha gente peque\u00f1a, en lugares peque\u00f1os, haciendo cosas peque\u00f1as, puede cambiar el mundo\u201d <\/em><\/p>\n<p style=\"text-align: center;\"><em>Eduardo Galeano<\/em><\/p>\n<hr \/>\n<table width=\"603\">\n<tbody>\n<tr>\n<td colspan=\"4\" width=\"603\">PARTICIPACI\u00d3N EN LA ETAPA REGIONAL &#8211; JUR<\/td>\n<\/tr>\n<tr>\n<td colspan=\"4\">(del 19 al 22 de noviembre de 2019)<\/td>\n<\/tr>\n<tr>\n<td><\/td>\n<td><\/td>\n<td><\/td>\n<td><\/td>\n<\/tr>\n<tr>\n<td colspan=\"4\">MEDALLERO DICKENS<\/td>\n<\/tr>\n<tr>\n<td><\/td>\n<td>BRONCE<\/td>\n<td>PLATA<\/td>\n<td>ORO<\/td>\n<\/tr>\n<tr>\n<td>B\u00e1squet masculino<\/td>\n<td>X<\/td>\n<td><\/td>\n<td><\/td>\n<\/tr>\n<tr>\n<td>Futsal femenino<\/td>\n<td>X<\/td>\n<td><\/td>\n<td><\/td>\n<\/tr>\n<tr>\n<td>Futsal masculino<\/td>\n<td><\/td>\n<td><\/td>\n<td>X<\/td>\n<\/tr>\n<tr>\n<td>Handball femenino<\/td>\n<td><\/td>\n<td><\/td>\n<td>X<\/td>\n<\/tr>\n<tr>\n<td>Handball masculino<\/td>\n<td><\/td>\n<td><\/td>\n<td><\/td>\n<\/tr>\n<tr>\n<td>Hockey femenino<\/td>\n<td>x<\/td>\n<td><\/td>\n<td><\/td>\n<\/tr>\n<tr>\n<td>Tenis masculino (dobles)<\/td>\n<td><\/td>\n<td><\/td>\n<td><\/td>\n<\/tr>\n<tr>\n<td>Tenis masculino (single)<\/td>\n<td><\/td>\n<td><\/td>\n<td>X<\/td>\n<\/tr>\n<tr>\n<td>\u00a0Voley masculino<\/td>\n<td>X<\/td>\n<td><\/td>\n<td><\/td>\n<\/tr>\n<tr>\n<td>V\u00f3ley femenino<\/td>\n<td><\/td>\n<td>X<\/td>\n<td><\/td>\n<\/tr>\n<tr>\n<td><\/td>\n<td><\/td>\n<td><\/td>\n<td><\/td>\n<\/tr>\n<tr>\n<td><\/td>\n<td><\/td>\n<td><\/td>\n<td><\/td>\n<\/tr>\n<tr>\n<td colspan=\"4\">ATLETISMO FEMENINO<\/td>\n<\/tr>\n<tr>\n<td><\/td>\n<td>BRONCE<\/td>\n<td>PLATA<\/td>\n<td>ORO<\/td>\n<\/tr>\n<tr>\n<td>DISCO<\/td>\n<td>X<\/td>\n<td>X<\/td>\n<td><\/td>\n<\/tr>\n<tr>\n<td>MARTILLO<\/td>\n<td><\/td>\n<td><\/td>\n<td>X<\/td>\n<\/tr>\n<tr>\n<td>BALA<\/td>\n<td><\/td>\n<td>X<\/td>\n<td>X<\/td>\n<\/tr>\n<tr>\n<td>JABALINA<\/td>\n<td><\/td>\n<td>X<\/td>\n<td><\/td>\n<\/tr>\n<tr>\n<td>POSTA 4 X 100<\/td>\n<td><\/td>\n<td>X<\/td>\n<td><\/td>\n<\/tr>\n<tr>\n<td>100 metros<\/td>\n<td><\/td>\n<td>X<\/td>\n<td><\/td>\n<\/tr>\n<tr>\n<td colspan=\"4\">2\u00b0 Puesto en la General<\/td>\n<\/tr>\n<tr>\n<td><\/td>\n<td><\/td>\n<td><\/td>\n<td><\/td>\n<\/tr>\n<tr>\n<td colspan=\"4\">ATLETISMO MASCULINO<\/td>\n<\/tr>\n<tr>\n<td><\/td>\n<td>BRONCE<\/td>\n<td>PLATA<\/td>\n<td>ORO<\/td>\n<\/tr>\n<tr>\n<td>JABALINA<\/td>\n<td><\/td>\n<td>X<\/td>\n<td><\/td>\n<\/tr>\n<tr>\n<td>LARGO<\/td>\n<td><\/td>\n<td><\/td>\n<td>X<\/td>\n<\/tr>\n<tr>\n<td>TRIPLE<\/td>\n<td><\/td>\n<td><\/td>\n<td>X<\/td>\n<\/tr>\n<tr>\n<td>200 metros<\/td>\n<td>X<\/td>\n<td><\/td>\n<td><\/td>\n<\/tr>\n<tr>\n<td>800 metros<\/td>\n<td>X<\/td>\n<td><\/td>\n<td><\/td>\n<\/tr>\n<tr>\n<td colspan=\"4\">3\u00b0 Puesto en la General<\/td>\n<\/tr>\n<tr>\n<td><\/td>\n<td><\/td>\n<td><\/td>\n<td><\/td>\n<\/tr>\n<tr>\n<td><\/td>\n<td><\/td>\n<td><\/td>\n<td><\/td>\n<\/tr>\n<tr>\n<td><\/td>\n<td><\/td>\n<td><\/td>\n<td><\/td>\n<\/tr>\n<tr>\n<td colspan=\"4\">MEDALLERO GENERAL ETAPA REGIONAL 2019<\/td>\n<\/tr>\n<tr>\n<td><\/td>\n<td><\/td>\n<td><\/td>\n<td><\/td>\n<\/tr>\n<tr>\n<td>INSTITUCI\u00d3N<\/td>\n<td>BRONCE<\/td>\n<td>PLATA<\/td>\n<td>ORO<\/td>\n<\/tr>\n<tr>\n<td>Universidad de Buenos Aires (UBA)<\/td>\n<td>1<\/td>\n<td>2<\/td>\n<td>14<\/td>\n<\/tr>\n<tr>\n<td>Inst. de Educ. F\u00edsica N\u00b0 2 &#8211; ISEF Dickens<\/td>\n<td>5<\/td>\n<td>2<\/td>\n<td>2<\/td>\n<\/tr>\n<tr>\n<td>Univ. Tecnol\u00f3gica Nacional (UTN)<\/td>\n<td>3<\/td>\n<td>6<\/td>\n<td>0<\/td>\n<\/tr>\n<tr>\n<td>Univ. Metrop. para la educ. y el trabajo<\/td>\n<td>1<\/td>\n<td>5<\/td>\n<td>0<\/td>\n<\/tr>\n<tr>\n<td>Instituto Superior de Deportes (ISDE)<\/td>\n<td>2<\/td>\n<td>1<\/td>\n<td>1<\/td>\n<\/tr>\n<tr>\n<td>Instituto Universitario River Plate<\/td>\n<td>0<\/td>\n<td>0<\/td>\n<td>1<\/td>\n<\/tr>\n<tr>\n<td>Universidad de la Rep\u00fablica (Uruguay)<\/td>\n<td>1<\/td>\n<td>1<\/td>\n<td>0<\/td>\n<\/tr>\n<tr>\n<td>Universidad Argentina de la Empresa<\/td>\n<td>0<\/td>\n<td>1<\/td>\n<td>0<\/td>\n<\/tr>\n<\/tbody>\n<\/table>\n<p>&nbsp;<\/p>\n<p style=\"text-align: center;\"><iframe loading=\"lazy\" src=\"https:\/\/www.youtube.com\/embed\/BpHA5YBoAqE\" width=\"1280\" height=\"720\" frameborder=\"0\" allowfullscreen=\"allowfullscreen\"><\/iframe><\/p>\n","protected":false},"excerpt":{"rendered":"<p>CARACTER\u00cdSTICAS DE LOS J.U.R. \u00a0 Torneo anual y federal, donde participan estudiantes representantes de instituciones de educaci\u00f3n superior p\u00fablicas y privadas de la Rep\u00fablica Argentina. Dos etapas de competici\u00f3n: Regional y Nacional. Re\u00fane doce disciplinas deportivas: ajedrez, atletismo, b\u00e1squet, f\u00fatbol, futsal, handball, hockey, nataci\u00f3n, rugby, tenis, tenis de mesa y v\u00f3ley. Para la Final Nacional, &#8230; <a title=\"JUR\" class=\"read-more\" href=\"https:\/\/isef2-caba.infd.edu.ar\/sitio\/jur\/\" aria-label=\"More on JUR\">[+]<\/a><\/p>\n","protected":false},"author":1468,"featured_media":0,"parent":0,"menu_order":0,"comment_status":"closed","ping_status":"closed","template":"","meta":[],"acf":[],"_links":{"self":[{"href":"https:\/\/isef2-caba.infd.edu.ar\/sitio\/wp-json\/wp\/v2\/pages\/2430"}],"collection":[{"href":"https:\/\/isef2-caba.infd.edu.ar\/sitio\/wp-json\/wp\/v2\/pages"}],"about":[{"href":"https:\/\/isef2-caba.infd.edu.ar\/sitio\/wp-json\/wp\/v2\/types\/page"}],"author":[{"embeddable":true,"href":"https:\/\/isef2-caba.infd.edu.ar\/sitio\/wp-json\/wp\/v2\/users\/1468"}],"replies":[{"embeddable":true,"href":"https:\/\/isef2-caba.infd.edu.ar\/sitio\/wp-json\/wp\/v2\/comments?post=2430"}],"version-history":[{"count":4,"href":"https:\/\/isef2-caba.infd.edu.ar\/sitio\/wp-json\/wp\/v2\/pages\/2430\/revisions"}],"predecessor-version":[{"id":2440,"href":"https:\/\/isef2-caba.infd.edu.ar\/sitio\/wp-json\/wp\/v2\/pages\/2430\/revisions\/2440"}],"wp:attachment":[{"href":"https:\/\/isef2-caba.infd.edu.ar\/sitio\/wp-json\/wp\/v2\/media?parent=2430"}],"curies":[{"name":"wp","href":"https:\/\/api.w.org\/{rel}","templated":true}]}}