{"id":1356,"date":"2018-07-01T11:16:17","date_gmt":"2018-07-01T14:16:17","guid":{"rendered":"https:\/\/isef2-caba.infd.edu.ar\/sitio\/?page_id=1356"},"modified":"2026-03-25T14:02:12","modified_gmt":"2026-03-25T17:02:12","slug":"solicitudes-inscripciones-y-notas","status":"publish","type":"page","link":"https:\/\/isef2-caba.infd.edu.ar\/sitio\/solicitudes-inscripciones-y-notas\/","title":{"rendered":"Solicitudes, inscripciones y notas"},"content":{"rendered":"\n<div class=\"wp-block-columns alignwide is-layout-flex wp-container-4\" style=\"margin-bottom:0\">\n<div class=\"wp-block-column has-text-color has-background has-link-color wp-elements-05a4848ebb4969daf1b0223ea1cabf8a is-layout-flow\" style=\"color:#000000;background-color:#ffe97d;padding-top:2em;padding-right:2em;padding-bottom:2em;padding-left:2em\">\n<h2 class=\"wp-block-heading\" id=\"single\" style=\"font-size:40px\"><a href=\"https:\/\/isef2-caba.infd.edu.ar\/sitio\/matriculacion-y-cambio-de-turno-2026\/\" target=\"_blank\" rel=\"noreferrer noopener\"><strong>Matriculaci\u00f3n y Cambio de turno 202<\/strong>6 (2\u00b0,3\u00b0, 4\u00b0 A\u00d1O)<\/a><\/h2>\n\n\n\n<p class=\"has-normal-font-size\" style=\"line-height:1.5\"><strong>Se encuentra abierta desde el d\u00eda Lunes 2\/3\/26 hasta el mi\u00e9rcoles 4\/3\/2026.<\/strong><\/p>\n\n\n\n<hr class=\"wp-block-separator has-css-opacity is-style-wide\"\/>\n\n\n\n<p>A continuaci\u00f3n tienen disponibles los listados de cursos 2026 segun matriculaci\u00f3n. Tambien estan respondidos los Cambios de turno.<\/p>\n\n\n\n<p>Falta a\u00fan definir la situaci\u00f3n de 4to TT que se est\u00e1 evaluando como resolver la cantidad de vacantes.<\/p>\n\n\n\n<ul>\n<li><a href=\"https:\/\/script.google.com\/macros\/s\/AKfycbykQq1FdZiHJJoqaI5lVHCrFI0YrqB7XGRK-5kY8vdXZiBBGWiisosUkuN4fpMtxKxxIw\/exec\" target=\"_blank\" rel=\"noreferrer noopener\"><strong>Listado de cursos 2026<\/strong><\/a><\/li>\n<\/ul>\n<\/div>\n\n\n\n<div class=\"wp-block-column has-text-color has-background has-link-color wp-elements-5cdd18d453f5bb436d6c2db24b9dafc8 is-layout-flow\" style=\"color:#000000;background-color:#d1d1e1;padding-top:2em;padding-right:2em;padding-bottom:2em;padding-left:2em\">\n<h2 class=\"wp-block-heading\" id=\"family\" style=\"font-size:40px\"><strong>Modelos de Notas<\/strong><\/h2>\n\n\n\n<p class=\"has-normal-font-size\" style=\"line-height:1.5\"><strong>Ingresar al siguiente enlace para acceder a los modelos de notas: en los siguientes enlaces:<\/strong><\/p>\n\n\n\n<hr class=\"wp-block-separator has-css-opacity is-style-wide\"\/>\n\n\n\n<ul>\n<li><a rel=\"noreferrer noopener\" href=\"https:\/\/drive.google.com\/drive\/folders\/0BytOvdH5Li4tSDdBZVhzM1RDRjg?resourcekey=0-SeYI2W37CiuJSeH40aa50A\" target=\"_blank\">Acceder a la carpeta con todos los modelos de notas aqu\u00ed<\/a>.<\/li>\n\n\n\n<li><a href=\"https:\/\/forms.gle\/e9b5eL8CfrHXhBiR9\">Inscripci\u00f3n a Mesa especial de examenes (Para aquellos estudiantes que adeuda 1 sola c\u00e1tedra para recibirse). Abierto hasta el 27\/3 a las 23,59hs)<\/a><\/li>\n<\/ul>\n<\/div>\n\n\n\n<div class=\"wp-block-column has-text-color has-background has-link-color wp-elements-4215372a94231ce2a19238ebc3823ab0 is-layout-flow\" style=\"color:#000000;background-color:#c0ebf1;padding-top:2em;padding-right:2em;padding-bottom:2em;padding-left:2em\">\n<h2 class=\"wp-block-heading\" id=\"patron\" style=\"font-size:40px\"><strong>Recursantes (2026)<\/strong><\/h2>\n\n\n\n<p>Lea atentamente y revise el formulario antes de enviarlo:<br>Para estudiantes de plan 2666\/2023 el per\u00edodo de inscripci\u00f3n por SIU es hasta el 13\/3\/26 a las 23,59hs.<\/p>\n\n\n\n<p>Para Plan de estudios 628\/17 permanecer\u00e1 abierto hasta el 15\/3 a las 23,59hs. a traves del siguiente formulario:<\/p>\n\n\n\n<p><a href=\"https:\/\/forms.gle\/qgm2KVhUcCKWhiUEA\" target=\"_blank\" rel=\"noreferrer noopener\">Inscripci\u00f3n recursantes Plan 628\/17<\/a><\/p>\n\n\n\n<hr class=\"wp-block-separator has-css-opacity is-style-wide\"\/>\n<\/div>\n<\/div>\n\n\n\n<hr class=\"wp-block-separator has-alpha-channel-opacity\"\/>\n\n\n\n<div class=\"wp-block-columns alignwide is-layout-flex wp-container-8\" style=\"margin-bottom:0\">\n<div class=\"wp-block-column has-text-color has-background has-link-color wp-elements-f08b3635060fff071c00973bf39ac258 is-layout-flow\" style=\"color:#000000;background-color:#ffe97d;padding-top:2em;padding-right:2em;padding-bottom:2em;padding-left:2em\">\n<h2 class=\"wp-block-heading\" id=\"single\" style=\"font-size:40px\"><strong><a rel=\"noreferrer noopener\" href=\"https:\/\/docs.google.com\/spreadsheets\/u\/4\/d\/e\/2PACX-1vSdGKPVpn9iX7OZcSpaADrexkEM1wtVWb_mDu0PJ92PHdXY5sxcxXvcHgiVlIqj5KTIpnOHTmHrzxN8\/pubhtml?gid=0&amp;single=true\" target=\"_blank\">Solicitud de baja<\/a><\/strong> y pases<\/h2>\n\n\n\n<p class=\"has-normal-font-size\" style=\"line-height:1.5\"><strong>Complet\u00e1 el formulario correspondiente si necesitas darte de baja como alumno\/a regular durante el actual ciclo lectivo o si vas a dejar de cursar alguna materia en particular.<\/strong> <strong>Si necesitas tramitar un pase, accede al documento para conocer los detalles.<\/strong><\/p>\n\n\n\n<hr class=\"wp-block-separator has-css-opacity is-style-wide\"\/>\n\n\n\n<ul>\n<li><a rel=\"noreferrer noopener\" href=\"https:\/\/docs.google.com\/forms\/d\/e\/1FAIpQLSfe_nh2_ZWKrm8sSUiHvVoAs4zyy5e7S8da0L2Dhosal2rUXg\/viewform\" target=\"_blank\">Accede al formulario de baja aqu\u00ed.<\/a><\/li>\n\n\n\n<li><a href=\"https:\/\/isef2-caba.infd.edu.ar\/sitio\/solicitud-de-pase-al-instituto\/\" target=\"_blank\" rel=\"noreferrer noopener\">Accede aqu\u00ed si queres tramitar un pase de instituci\u00f3n.<\/a><\/li>\n<\/ul>\n<\/div>\n\n\n\n<div class=\"wp-block-column has-text-color has-background has-link-color wp-elements-be1531a2f1999a4a997126d34a23d32e is-layout-flow\" style=\"color:#000000;background-color:#d1d1e1;padding-top:2em;padding-right:2em;padding-bottom:2em;padding-left:2em\">\n<h2 class=\"wp-block-heading\" id=\"family\" style=\"font-size:40px\"><strong>Solicitud de constancias<\/strong><\/h2>\n\n\n\n<p class=\"has-normal-font-size\" style=\"line-height:1.5\"><strong>Ingresar al siguiente enlace seg\u00fan lo que se quiera solicitar (Algunas solicitudes requieren ingresar con una cuenta de Gmail)<\/strong><\/p>\n\n\n\n<hr class=\"wp-block-separator has-css-opacity is-style-wide\"\/>\n\n\n\n<ul>\n<li><a href=\"https:\/\/isef2-caba.infd.edu.ar\/sitio\/solicitud-de-constancias\/\" target=\"_blank\" rel=\"noreferrer noopener\">Mas informaci\u00f3n aqu\u00ed<\/a><\/li>\n<\/ul>\n<\/div>\n\n\n\n<div class=\"wp-block-column has-text-color has-background has-link-color wp-elements-dc9027287e4de08b77e5b26b178d084b is-layout-flow\" style=\"color:#000000;background-color:#c0ebf1;padding-top:2em;padding-right:2em;padding-bottom:2em;padding-left:2em\">\n<h2 class=\"wp-block-heading\" id=\"patron\" style=\"font-size:40px\"><strong>Reglamentos vigentes<\/strong> para estudiantes<\/h2>\n\n\n\n<p class=\"has-normal-font-size\"><strong>Adecuaci<strong>Reglamentaci\u00f3n vigente para todos los estudiantes.<\/strong>\u00f3n entre planes de estudio vigentes<\/strong><\/p>\n\n\n\n<hr class=\"wp-block-separator has-css-opacity is-style-wide\"\/>\n\n\n\n<ul class=\"has-normal-font-size\">\n<li><a href=\"https:\/\/drive.google.com\/file\/d\/16CTnDiPwFcnnozPHfV9WWtNLLHBWFYv7\/view?usp=sharing\">Reglamento de materias precursadas<\/a><\/li>\n\n\n\n<li><a href=\"https:\/\/drive.google.com\/file\/d\/1ZCKJQKZTqA6KbjInJsLr5weZSBGgWdUD\/view?usp=sharing\">Reglamento de materias recursadas<\/a><\/li>\n\n\n\n<li><a href=\"https:\/\/drive.google.com\/file\/d\/1F2R58oQhF1UtXLkIPKWfZR3QHJJx4Y0Z\/view?usp=sharing\">Reglamento Acad\u00e9mico Institucional (RAI \u2013 2024)<\/a><\/li>\n\n\n\n<li><a href=\"https:\/\/drive.google.com\/file\/d\/1RCHXjs53sfq4vU0f0wV--cS8PnPqXaX0\/view?usp=sharing\">Reglamento Org\u00e1nico<\/a><\/li>\n\n\n\n<li><a href=\"https:\/\/drive.google.com\/drive\/folders\/14MWCul7NZhw4nhm-9xtzkQARoW2MG9gA?usp=sharing\">Contexto normativo para situaciones de violencia de g\u00e9nero<\/a><\/li>\n\n\n\n<li><a href=\"https:\/\/isef2-caba.infd.edu.ar\/sitio\/wp-content\/uploads\/2023\/11\/Regimen-de-Convivencia-Marco.pdf\">R\u00e9gimen de Convivencia Marco<\/a><\/li>\n\n\n\n<li><a href=\"https:\/\/isef2-caba.infd.edu.ar\/sitio\/plan-de-estudios-2023\/\">R\u00e9gimen de correlatividades Plan 2023<\/a><\/li>\n<\/ul>\n<\/div>\n<\/div>\n","protected":false},"excerpt":{"rendered":"<p>Matriculaci\u00f3n y Cambio de turno 2026 (2\u00b0,3\u00b0, 4\u00b0 A\u00d1O) Se encuentra abierta desde el d\u00eda Lunes 2\/3\/26 hasta el mi\u00e9rcoles 4\/3\/2026. A continuaci\u00f3n tienen disponibles los listados de cursos 2026 segun matriculaci\u00f3n. Tambien estan respondidos los Cambios de turno. Falta a\u00fan definir la situaci\u00f3n de 4to TT que se est\u00e1 evaluando como resolver la cantidad &#8230; <a title=\"Solicitudes, inscripciones y notas\" class=\"read-more\" href=\"https:\/\/isef2-caba.infd.edu.ar\/sitio\/solicitudes-inscripciones-y-notas\/\" aria-label=\"More on Solicitudes, inscripciones y notas\">[+]<\/a><\/p>\n","protected":false},"author":1468,"featured_media":0,"parent":0,"menu_order":0,"comment_status":"closed","ping_status":"closed","template":"","meta":[],"acf":[],"_links":{"self":[{"href":"https:\/\/isef2-caba.infd.edu.ar\/sitio\/wp-json\/wp\/v2\/pages\/1356"}],"collection":[{"href":"https:\/\/isef2-caba.infd.edu.ar\/sitio\/wp-json\/wp\/v2\/pages"}],"about":[{"href":"https:\/\/isef2-caba.infd.edu.ar\/sitio\/wp-json\/wp\/v2\/types\/page"}],"author":[{"embeddable":true,"href":"https:\/\/isef2-caba.infd.edu.ar\/sitio\/wp-json\/wp\/v2\/users\/1468"}],"replies":[{"embeddable":true,"href":"https:\/\/isef2-caba.infd.edu.ar\/sitio\/wp-json\/wp\/v2\/comments?post=1356"}],"version-history":[{"count":22,"href":"https:\/\/isef2-caba.infd.edu.ar\/sitio\/wp-json\/wp\/v2\/pages\/1356\/revisions"}],"predecessor-version":[{"id":5284,"href":"https:\/\/isef2-caba.infd.edu.ar\/sitio\/wp-json\/wp\/v2\/pages\/1356\/revisions\/5284"}],"wp:attachment":[{"href":"https:\/\/isef2-caba.infd.edu.ar\/sitio\/wp-json\/wp\/v2\/media?parent=1356"}],"curies":[{"name":"wp","href":"https:\/\/api.w.org\/{rel}","templated":true}]}}