{"id":1353,"date":"2018-07-01T11:13:00","date_gmt":"2018-07-01T14:13:00","guid":{"rendered":"https:\/\/isef2-caba.infd.edu.ar\/sitio\/?page_id=1353"},"modified":"2026-04-15T16:06:28","modified_gmt":"2026-04-15T19:06:28","slug":"plan-de-estudios","status":"publish","type":"page","link":"https:\/\/isef2-caba.infd.edu.ar\/sitio\/plan-de-estudios\/","title":{"rendered":"Plan de estudios y reglamentaci\u00f3n"},"content":{"rendered":"\n<p><\/p>\n\n\n\n<div class=\"wp-block-columns alignwide is-layout-flex wp-container-4\" style=\"margin-bottom:0\">\n<div class=\"wp-block-column has-text-color has-background has-link-color wp-elements-0736ff2cc158b6696877a2c1a198ec34 is-layout-flow\" style=\"color:#000000;background-color:#ffe97d;padding-top:2em;padding-right:2em;padding-bottom:2em;padding-left:2em\">\n<h2 class=\"wp-block-heading has-text-align-center\" id=\"single\" style=\"font-size:40px\"><strong><a rel=\"noreferrer noopener\" href=\"https:\/\/docs.google.com\/spreadsheets\/u\/4\/d\/e\/2PACX-1vSdGKPVpn9iX7OZcSpaADrexkEM1wtVWb_mDu0PJ92PHdXY5sxcxXvcHgiVlIqj5KTIpnOHTmHrzxN8\/pubhtml?gid=0&amp;single=true\" target=\"_blank\">Plan de estudios<\/a><\/strong><\/h2>\n\n\n\n<p class=\"has-normal-font-size\" style=\"line-height:1.5\"><strong>Plan de estudios del a\u00f1o 2017 y 2023 con su correspondiente adecuaci\u00f3n.<\/strong> <\/p>\n\n\n\n<hr class=\"wp-block-separator has-css-opacity is-style-wide\"\/>\n\n\n\n<ul>\n<li><a rel=\"noreferrer noopener\" href=\"https:\/\/docs.google.com\/spreadsheets\/u\/4\/d\/e\/2PACX-1vRme5uy_gmPIDHAsBEvQXMpUamSvsj21FP6tHpEtbbvhwh926uPjuu7DbkByoIjbu5WaIrU7JUacO9y\/pubhtml\" target=\"_blank\">Resoluci\u00f3n N\u00b02023-6321<\/a> (vigente)<\/li>\n\n\n\n<li><a href=\"https:\/\/docs.google.com\/spreadsheets\/d\/1n_Gj5pJ4hRPtUtIwtJY7Lq9HrjTuyAEysCgHSuYEV20\/edit?gid=0#gid=0\">Correlatividades Res 2023-6321<\/a><\/li>\n\n\n\n<li><a rel=\"noreferrer noopener\" href=\"https:\/\/docs.google.com\/spreadsheets\/u\/4\/d\/e\/2PACX-1vSdGKPVpn9iX7OZcSpaADrexkEM1wtVWb_mDu0PJ92PHdXY5sxcxXvcHgiVlIqj5KTIpnOHTmHrzxN8\/pubhtml?gid=0&amp;single=true\" target=\"_blank\">Resoluci\u00f3n N\u00b0628 SSPLINED\/17<\/a><\/li>\n\n\n\n<li><a href=\"https:\/\/isef2-caba.infd.edu.ar\/sitio\/adecuacion-entre-plan-628-17-y-2023-2666\/\" target=\"_blank\" rel=\"noreferrer noopener\">Adecuaci\u00f3n entre Res 628\/17 y Res 2023\/2666<\/a><\/li>\n<\/ul>\n<\/div>\n\n\n\n<div class=\"wp-block-column has-text-color has-background has-link-color wp-elements-fd23b1add8fa47e8c613e0b73cd90037 is-layout-flow\" style=\"color:#000000;background-color:#d1d1e1;padding-top:2em;padding-right:2em;padding-bottom:2em;padding-left:2em\">\n<h2 class=\"wp-block-heading has-text-align-center\" id=\"family\" style=\"font-size:40px\"><strong>Programas<\/strong><\/h2>\n\n\n\n<p class=\"has-text-align-center has-normal-font-size\" style=\"line-height:1.5\"><\/p>\n\n\n\n<hr class=\"wp-block-separator has-css-opacity is-style-wide\"\/>\n\n\n\n<ul>\n<li><a href=\"https:\/\/drive.google.com\/drive\/u\/2\/folders\/15-fvnLtgP7vSRTvXgmQAc-5kIwhs8U4M\" target=\"_blank\" rel=\"noreferrer noopener\">Plan 2666\/23 (Cohortes 2023 en adelante)<\/a><\/li>\n\n\n\n<li><a href=\"https:\/\/drive.google.com\/drive\/folders\/1Nb1gax4uDHEaYf-HONgD4LqgwNx_xsdw?usp=sharing\">Plan 628 SSPLINED \/17 (Cohortes 2015 a 2022)<\/a><\/li>\n\n\n\n<li><a href=\"https:\/\/drive.google.com\/drive\/folders\/1r0LdDyaxYCh1sbqdGTx2DNadjO0TlVB5?usp=sharing\">Plan 219\/10 (Cohortes 2009 a 2014)<\/a><\/li>\n\n\n\n<li><a href=\"https:\/\/drive.google.com\/drive\/folders\/12d8xPBHPGw_Q-VdGISG2a9wb8jsYQJn1?usp=sharing\">Plan 926\/80 (Cohortes hasta 2008)<\/a><\/li>\n\n\n\n<li><a href=\"https:\/\/docs.google.com\/document\/d\/1vEdt2l8lD2vvrSbADAIJ6nxIvWCfukG_FayyRbloryo\/edit?usp=sharing\">Certificaci\u00f3n de programas<\/a> (para solicitar la certificaci\u00f3n de los programas, ingresar al siguiente <a href=\"https:\/\/docs.google.com\/forms\/d\/1kZCaxN_9OLg0YLFAuVBgcPvQ3URXug8VIA4kT5LOwOU\/edit\" target=\"_blank\" rel=\"noreferrer noopener\">link<\/a>)<\/li>\n<\/ul>\n<\/div>\n\n\n\n<div class=\"wp-block-column has-text-color has-background has-link-color wp-elements-1044c49c199bfc8b6290cfb7f1b6aa9b is-layout-flow\" style=\"color:#000000;background-color:#c0ebf1;padding-top:2em;padding-right:2em;padding-bottom:2em;padding-left:2em\">\n<h2 class=\"wp-block-heading has-text-align-center\" id=\"patron\" style=\"font-size:40px\"><strong>Reglamentos vigentes<\/strong> para estudiantes<\/h2>\n\n\n\n<p class=\"has-text-align-center has-normal-font-size\"><\/p>\n\n\n\n<hr class=\"wp-block-separator has-css-opacity is-style-wide\"\/>\n\n\n\n<ul class=\"has-normal-font-size\">\n<li><a href=\"https:\/\/drive.google.com\/file\/d\/1F2R58oQhF1UtXLkIPKWfZR3QHJJx4Y0Z\/view?usp=sharing\">Reglamento Acad\u00e9mico Institucional (RAI \u2013 2024)<\/a><\/li>\n\n\n\n<li><a href=\"https:\/\/drive.google.com\/file\/d\/1RCHXjs53sfq4vU0f0wV--cS8PnPqXaX0\/view\" target=\"_blank\" rel=\"noreferrer noopener\">Reglamento Org\u00e1nico Institucional (ROI)<\/a><\/li>\n\n\n\n<li><a href=\"https:\/\/drive.google.com\/drive\/folders\/14MWCul7NZhw4nhm-9xtzkQARoW2MG9gA?usp=sharing\">Contexto normativo para situaciones de violencia de g\u00e9nero<\/a><\/li>\n\n\n\n<li><a href=\"https:\/\/isef2-caba.infd.edu.ar\/sitio\/wp-content\/uploads\/2023\/11\/Regimen-de-Convivencia-Marco.pdf\">R\u00e9gimen de Convivencia Marco<\/a><\/li>\n\n\n\n<li><a href=\"https:\/\/isef2-caba.infd.edu.ar\/sitio\/plan-de-estudios-2023\/\">R\u00e9gimen de correlatividades Plan 2023<\/a><\/li>\n\n\n\n<li><a href=\"https:\/\/drive.google.com\/file\/d\/1jklPXFKoKqVJJGwf_Mi3Os3YUBDrqnYm\/view?usp=sharing\">Reglamento Acad\u00e9mico plan 628\/16<\/a><\/li>\n\n\n\n<li><a href=\"https:\/\/drive.google.com\/file\/d\/1ueflttDBxwbM21TJc733qEWaW3vWa0vQ\/view?usp=sharing\">Aclaraci\u00f3n sobre r\u00e9gimen de correlatividades y formas de cursado plan 628\/17<\/a><\/li>\n<\/ul>\n<\/div>\n<\/div>\n\n\n\n<hr class=\"wp-block-separator has-alpha-channel-opacity\"\/>\n\n\n\n<div class=\"wp-block-columns alignwide is-layout-flex wp-container-7\" style=\"margin-bottom:0\">\n<div class=\"wp-block-column has-text-color has-background has-link-color wp-elements-fc30eeee6350790e283dd6d6fd08f59c is-layout-flow\" style=\"color:#000000;background-color:#ffd67d;padding-top:2em;padding-right:2em;padding-bottom:2em;padding-left:2em\">\n<h2 class=\"wp-block-heading\" id=\"single\" style=\"font-size:40px\">R\u00e9gimen de inasistencias 2026<\/h2>\n\n\n\n<p class=\"has-normal-font-size\" style=\"line-height:1.5\"><strong>R\u00e9gimen de inasistencia<\/strong>s <strong>para el<\/strong> <strong>a\u00f1o 202<\/strong>6<\/p>\n\n\n\n<hr class=\"wp-block-separator has-css-opacity is-style-wide\"\/>\n\n\n\n<ul>\n<li><a href=\"https:\/\/docs.google.com\/spreadsheets\/d\/e\/2PACX-1vT7DnwBChwX8BVrtRMUWRO3H7DcUsBOUDUo173VKpApZe6pSxrLRfIDlXb3IUGgiEAbiL8kAejJvhgv\/pubhtml?gid=0&amp;single=true\" target=\"_blank\" rel=\"noreferrer noopener\">Ver cuadro de r\u00e9gimen de inasistencias<\/a><\/li>\n<\/ul>\n<\/div>\n\n\n\n<div class=\"wp-block-column has-text-color has-background has-link-color wp-elements-8bbdeaa568860863ed8bfa01f4decec6 is-layout-flow\" style=\"color:#000000;background-color:#e0d1d9;padding-top:2em;padding-right:2em;padding-bottom:2em;padding-left:2em\">\n<h1 class=\"wp-block-heading\">Reg\u00edmenes especiales <a rel=\"noreferrer noopener\" href=\"https:\/\/isef2-caba.infd.edu.ar\/#facebook\" target=\"_blank\"><\/a><\/h1>\n\n\n\n<p class=\"has-normal-font-size\" style=\"line-height:1.5\"><strong>Reglamentaci\u00f3n vigente para inasistencias especiales.<\/strong><\/p>\n\n\n\n<hr class=\"wp-block-separator has-css-opacity is-style-wide\"\/>\n\n\n\n<ul class=\"has-normal-font-size\">\n<li>SAF de mediano y largo tratamiento (<a rel=\"noreferrer noopener\" href=\"https:\/\/isef2-caba.infd.edu.ar\/sitio\/wp-content\/uploads\/2023\/06\/CD-Regimen-de-SAF-y-RMLT.pdf\" target=\"_blank\">Ver documento<\/a>) <\/li>\n\n\n\n<li>Licencias deportivas (Ver documento)<\/li>\n<\/ul>\n<\/div>\n<\/div>\n","protected":false},"excerpt":{"rendered":"<p>Plan de estudios Plan de estudios del a\u00f1o 2017 y 2023 con su correspondiente adecuaci\u00f3n. Programas Reglamentos vigentes para estudiantes R\u00e9gimen de inasistencias 2026 R\u00e9gimen de inasistencias para el a\u00f1o 2026 Reg\u00edmenes especiales Reglamentaci\u00f3n vigente para inasistencias especiales.<\/p>\n","protected":false},"author":1468,"featured_media":0,"parent":0,"menu_order":0,"comment_status":"closed","ping_status":"closed","template":"","meta":[],"acf":[],"_links":{"self":[{"href":"https:\/\/isef2-caba.infd.edu.ar\/sitio\/wp-json\/wp\/v2\/pages\/1353"}],"collection":[{"href":"https:\/\/isef2-caba.infd.edu.ar\/sitio\/wp-json\/wp\/v2\/pages"}],"about":[{"href":"https:\/\/isef2-caba.infd.edu.ar\/sitio\/wp-json\/wp\/v2\/types\/page"}],"author":[{"embeddable":true,"href":"https:\/\/isef2-caba.infd.edu.ar\/sitio\/wp-json\/wp\/v2\/users\/1468"}],"replies":[{"embeddable":true,"href":"https:\/\/isef2-caba.infd.edu.ar\/sitio\/wp-json\/wp\/v2\/comments?post=1353"}],"version-history":[{"count":52,"href":"https:\/\/isef2-caba.infd.edu.ar\/sitio\/wp-json\/wp\/v2\/pages\/1353\/revisions"}],"predecessor-version":[{"id":5329,"href":"https:\/\/isef2-caba.infd.edu.ar\/sitio\/wp-json\/wp\/v2\/pages\/1353\/revisions\/5329"}],"wp:attachment":[{"href":"https:\/\/isef2-caba.infd.edu.ar\/sitio\/wp-json\/wp\/v2\/media?parent=1353"}],"curies":[{"name":"wp","href":"https:\/\/api.w.org\/{rel}","templated":true}]}}