{"id":1330,"date":"2018-06-29T17:21:12","date_gmt":"2018-06-29T20:21:12","guid":{"rendered":"https:\/\/isef2-caba.infd.edu.ar\/sitio\/seleccion-de-antecedentes\/"},"modified":"2025-09-15T14:47:08","modified_gmt":"2025-09-15T17:47:08","slug":"seleccion-de-antecedentes","status":"publish","type":"page","link":"https:\/\/isef2-caba.infd.edu.ar\/sitio\/seleccion-de-antecedentes\/","title":{"rendered":"Selecci\u00f3n de antecedentes"},"content":{"rendered":"\n<p class=\"has-text-align-right\">Ciudad Aut\u00f3noma de Buenos Aires, 15 de septiembre de 2025<\/p>\n\n\n\n<p><br>Llamado a Selecci\u00f3n de Antecedentes, para el Espacio Curricular EDUCACION PARA LA SALUD correspondiente al plan de estudio 2023-6321-GCABA-MEDGC para suplencias e interinatos.<\/p>\n\n\n\n<p>Llamado completo (<a href=\"https:\/\/drive.google.com\/file\/d\/1AAMqV8Am-U9h_CK5hzEVgONTYeOJCgS8\/view?usp=sharing\" target=\"_blank\" rel=\"noreferrer noopener\">clic aqu\u00ed<\/a>)<\/p>\n\n\n\n<hr class=\"wp-block-separator has-alpha-channel-opacity\"\/>\n\n\n\n<p class=\"has-text-align-right\">Ciudad Aut\u00f3noma de Buenos Aires, 15 de septiembre de 2025<\/p>\n\n\n\n<p><br>Llamado a Selecci\u00f3n de Antecedentes, para el Espacio Curricular SISTEMA E INSTITUCIONES correspondiente al plan de estudio 2023-6321-GCABA-MEDGC para suplencias e interinatos.<\/p>\n\n\n\n<p>Llamado completo (<a href=\"https:\/\/drive.google.com\/file\/d\/1ElT0jL5vI7KJvNK92jcnSSqJc9L36GY1\/view?usp=sharing\" target=\"_blank\" rel=\"noreferrer noopener\">clic aqu\u00ed<\/a>)<\/p>\n\n\n\n<hr class=\"wp-block-separator has-alpha-channel-opacity\"\/>\n\n\n\n<p class=\"has-text-align-right\">Ciudad Aut\u00f3noma de Buenos Aires, 15 de septiembre de 2025<\/p>\n\n\n\n<p><br>Llamado a Selecci\u00f3n de Antecedentes, para el Espacio Curricular LECTURA Y ESCRITURA correspondiente al plan de estudio 2023-6321-GCABA-MEDGC para suplencias e interinatos.<\/p>\n\n\n\n<p>Llamado completo (<a href=\"https:\/\/drive.google.com\/file\/d\/1dCxUp2bkv9EPo-qnyJMdzZno1r8Ar5r7\/view?usp=sharing\" target=\"_blank\" rel=\"noreferrer noopener\">clic aqu\u00ed<\/a>)<\/p>\n\n\n\n<hr class=\"wp-block-separator has-alpha-channel-opacity\"\/>\n\n\n\n<p class=\"has-text-align-right\">Ciudad Aut\u00f3noma de Buenos Aires, 5 de agosto 2025<\/p>\n\n\n\n<p>Llamado a inscripci\u00f3n, para cubrir el cargo TUTOR de acuerdo a la Resoluci\u00f3n 5485\/2007, exclusivamente para ese cargo.<\/p>\n\n\n\n<p>Llamado completo (<a href=\"https:\/\/drive.google.com\/file\/d\/11NfVU2HizvuPXADtUVlIapLCGzKy8pB1\/view?usp=sharing\" target=\"_blank\" rel=\"noreferrer noopener\">clic aqu\u00ed<\/a>)<\/p>\n\n\n\n<hr class=\"wp-block-separator has-alpha-channel-opacity\"\/>\n\n\n\n<p class=\"has-text-align-right\">Ciudad Aut\u00f3noma de Buenos Aires, 8 de Mayo de 2025<\/p>\n\n\n\n<p>Llamado a Selecci\u00f3n de Antecedentes para el cargo de BEDEL (rectificaci\u00f3n)<\/p>\n\n\n\n<p>Llamado completo (<a href=\"https:\/\/drive.google.com\/file\/d\/1NcQfkieAoJtDXWqy2a3kKOUZpXYVsDLr\/view?usp=sharing\" target=\"_blank\" rel=\"noreferrer noopener\">clic aqu<\/a>\u00ed)<\/p>\n\n\n\n<hr class=\"wp-block-separator has-alpha-channel-opacity\"\/>\n\n\n\n<p class=\"has-text-align-right\">Ciudad Aut\u00f3noma de Buenos Aires, 26 de Marzo de 2025<\/p>\n\n\n\n<p><br>Llamado a Selecci\u00f3n de Antecedentes Complementario, para el Espacio Curricular ARTE Y PATRIMONIO CULTURAL correspondiente al plan de estudio 2023-6321-GCABA-MEDGC para suplencias e interinatos.<\/p>\n\n\n\n<p>Llamado completo (<a href=\"https:\/\/drive.google.com\/file\/d\/10oxlnhKTiIYipXt_xrcDu7MG2M2cmDit\/view?usp=sharing\">clic aqu\u00ed<\/a>)<\/p>\n\n\n\n<p><\/p>\n\n\n\n<hr class=\"wp-block-separator has-alpha-channel-opacity\"\/>\n\n\n\n<p class=\"has-text-align-right\">Ciudad Aut\u00f3noma de Buenos Aires, 18 de Marzo de 2025<\/p>\n\n\n\n<p><br>Llamado a Selecci\u00f3n de Antecedentes Complementario, para el Espacio Curricular EDI 4 NUTRICION correspondiente al plan de estudio 2023-6321-GCABA-MEDGC para suplencias e interinatos.<\/p>\n\n\n\n<p>Llamado completo (<a href=\"https:\/\/drive.google.com\/file\/d\/19TnBCVCHGktZ0mUmyffVkt5gCyYJmzx2\/view?usp=sharing\">clic aqu\u00ed<\/a>)<\/p>\n\n\n\n<hr class=\"wp-block-separator has-alpha-channel-opacity\"\/>\n\n\n\n<p class=\"has-text-align-right\">Ciudad Aut\u00f3noma de Buenos Aires, 18 de Marzo de 2025<\/p>\n\n\n\n<p><br>Llamado a Selecci\u00f3n de Antecedentes Complementario, para el Espacio Curricular EDI 3 HANDBALL 2 Y SU DIDACTICA correspondiente al plan de estudio 2023-6321-GCABA-MEDGC para suplencias e interinatos.<\/p>\n\n\n\n<p>Llamado completo (<a href=\"https:\/\/drive.google.com\/file\/d\/1ySF14t2_VWiK5legdRX5Ksh2TklqA4BS\/view?usp=sharing\">clic aqu\u00ed<\/a>)<\/p>\n\n\n\n<hr class=\"wp-block-separator has-alpha-channel-opacity\"\/>\n\n\n\n<p class=\"has-text-align-right\">Ciudad Aut\u00f3noma de Buenos Aires, 18 de Marzo de 2025<\/p>\n\n\n\n<p class=\"has-text-align-left\"><br>Llamado a Selecci\u00f3n de Antecedentes Complementario, para el Espacio Curricular HANDBALL Y SU DIDACTICA correspondiente al plan de estudio 2023-6321-GCABA-MEDGC para suplencias e interinatos.<\/p>\n\n\n\n<p>Llamado completo (<a href=\"https:\/\/drive.google.com\/file\/d\/1s5QfcjX8EJLOXnRwVAKLLAWqL3wqltNj\/view?usp=sharing\">clic aqu\u00ed<\/a>)<\/p>\n\n\n\n<hr class=\"wp-block-separator has-alpha-channel-opacity\"\/>\n\n\n\n<p class=\"has-text-align-right\">Ciudad Aut\u00f3noma de Buenos Aires, 18 de Marzo de 2025<\/p>\n\n\n\n<p><br>Llamado a Selecci\u00f3n de Antecedentes Complementario, para el Espacio Curricular TEOR\u00cdA Y PRODUCCI\u00d3N DE CONOCIMEINTO EN EDUCACION FISICA correspondiente al plan de estudio 2023-6321-GCABA-MEDGC para suplencias e interinatos.<\/p>\n\n\n\n<p>Llamado completo (<a href=\"https:\/\/drive.google.com\/file\/d\/1fHLq8sc_anm_zO_MQApHqSAQvtMPJ-4o\/view?usp=sharing\">clic aqu\u00ed<\/a>)<\/p>\n\n\n\n<hr class=\"wp-block-separator has-alpha-channel-opacity\"\/>\n\n\n\n<p class=\"has-text-align-right\">Ciudad Aut\u00f3noma de Buenos Aires, 18 de Marzo de 2025<\/p>\n\n\n\n<p><br>Llamado a Selecci\u00f3n de Antecedentes Complementario, para el Espacio Curricular EDI 2 DIAGNOSTICO Y SEGUIMIENTO DE LAS CAPACIDADES MOTORAS correspondiente al plan de estudio 2023-6321-GCABA-MEDGC para suplencias e interinatos.<\/p>\n\n\n\n<p>Llamado completo (<a href=\"https:\/\/drive.google.com\/file\/d\/1LiFdQQKoeatHAywm073qin7fDfwEal3c\/view?usp=sharing\">clic aqu\u00ed<\/a>)<\/p>\n\n\n\n<hr class=\"wp-block-separator has-alpha-channel-opacity\"\/>\n\n\n\n<p><\/p>\n","protected":false},"excerpt":{"rendered":"<p>Ciudad Aut\u00f3noma de Buenos Aires, 15 de septiembre de 2025 Llamado a Selecci\u00f3n de Antecedentes, para el Espacio Curricular EDUCACION PARA LA SALUD correspondiente al plan de estudio 2023-6321-GCABA-MEDGC para suplencias e interinatos. Llamado completo (clic aqu\u00ed) Ciudad Aut\u00f3noma de Buenos Aires, 15 de septiembre de 2025 Llamado a Selecci\u00f3n de Antecedentes, para el Espacio &#8230; <a title=\"Selecci\u00f3n de antecedentes\" class=\"read-more\" href=\"https:\/\/isef2-caba.infd.edu.ar\/sitio\/seleccion-de-antecedentes\/\" aria-label=\"More on Selecci\u00f3n de antecedentes\">[+]<\/a><\/p>\n","protected":false},"author":1468,"featured_media":0,"parent":0,"menu_order":0,"comment_status":"closed","ping_status":"closed","template":"","meta":[],"acf":[],"_links":{"self":[{"href":"https:\/\/isef2-caba.infd.edu.ar\/sitio\/wp-json\/wp\/v2\/pages\/1330"}],"collection":[{"href":"https:\/\/isef2-caba.infd.edu.ar\/sitio\/wp-json\/wp\/v2\/pages"}],"about":[{"href":"https:\/\/isef2-caba.infd.edu.ar\/sitio\/wp-json\/wp\/v2\/types\/page"}],"author":[{"embeddable":true,"href":"https:\/\/isef2-caba.infd.edu.ar\/sitio\/wp-json\/wp\/v2\/users\/1468"}],"replies":[{"embeddable":true,"href":"https:\/\/isef2-caba.infd.edu.ar\/sitio\/wp-json\/wp\/v2\/comments?post=1330"}],"version-history":[{"count":155,"href":"https:\/\/isef2-caba.infd.edu.ar\/sitio\/wp-json\/wp\/v2\/pages\/1330\/revisions"}],"predecessor-version":[{"id":5042,"href":"https:\/\/isef2-caba.infd.edu.ar\/sitio\/wp-json\/wp\/v2\/pages\/1330\/revisions\/5042"}],"wp:attachment":[{"href":"https:\/\/isef2-caba.infd.edu.ar\/sitio\/wp-json\/wp\/v2\/media?parent=1330"}],"curies":[{"name":"wp","href":"https:\/\/api.w.org\/{rel}","templated":true}]}}