{"id":1325,"date":"2018-06-29T17:21:10","date_gmt":"2018-06-29T20:21:10","guid":{"rendered":"https:\/\/isef2-caba.infd.edu.ar\/sitio\/solicitud-de-constancias\/"},"modified":"2026-02-19T14:46:11","modified_gmt":"2026-02-19T17:46:11","slug":"solicitud-de-constancias","status":"publish","type":"page","link":"https:\/\/isef2-caba.infd.edu.ar\/sitio\/solicitud-de-constancias\/","title":{"rendered":"Solicitud de constancias"},"content":{"rendered":"<p>Ingresar a los siguientes enlaces seg\u00fan lo que se quiera solicitar (Algunas solicitudes requieren ingresar con una cuenta de Gmail)<\/p>\n<p>No se emiten constancias de 100%. Si est\u00e1s egresado\/a, por favor solicitar Constancia de T\u00edtulo en Tr\u00e1mite.\u00a0 En el caso que quieras solicitar un nuevo T\u00edtulo y\/o anal\u00edtico de estudios completos por robo, extrav\u00edo y\/o deterioro y egresaste antes del 1\/11\/2023 deber\u00e1s realizar la solicitud a trav\u00e9s de <a href=\"https:\/\/bacolaborativa.buenosaires.gob.ar\/confirmacion\/1698433537224\">BA Colaborativa<\/a><\/p>\n<p>Alumna\/o regular- Deber\u00e1s gestionarla a trav\u00e9s del <a href=\"https:\/\/guarani-autogestionfdocente.bue.edu.ar\/\">SIU-GUARAN\u00cd<\/a><\/p>\n<p><a href=\"https:\/\/forms.gle\/6Lo29svRFr6SBsdB6\">Salario Familiar<\/a><\/p>\n<p><a href=\"https:\/\/forms.gle\/K3tpsHy683ekNhNU9\">Constancia de t\u00edtulo en tr\u00e1mite <\/a><\/p>\n<p><a href=\"https:\/\/forms.gle\/6Lo29svRFr6SBsdB6\">Solicitud de plan de estudios con <strong>carga horaria<\/strong><\/a><\/p>\n<p><a href=\"https:\/\/docs.google.com\/forms\/d\/e\/1FAIpQLScr58sItac7bW-cZB8tUtzPDgIwKHF4TIyvE6NvUHGPsPgMnw\/viewform\">Certificaci\u00f3n de programas<\/a><\/p>\n<p><a href=\"https:\/\/forms.gle\/6Lo29svRFr6SBsdB6\">Situaci\u00f3n acad\u00e9mica <\/a> &#8211; Podr\u00e1s gestionarla a traves del <a href=\"https:\/\/guarani-autogestionfdocente.bue.edu.ar\/\">SIU- GUARAN\u00cd<\/a> (Verifica que tu situaci\u00f3n acad\u00e9mica este completa)<\/p>\n<p><a href=\"https:\/\/forms.gle\/6Lo29svRFr6SBsdB6\">Situaci\u00f3n acad\u00e9mica<\/a> (Certificada)<\/p>\n<p><a href=\"https:\/\/forms.gle\/6Lo29svRFr6SBsdB6\">Porcentaje de materias aprobadas (certificada)<\/a> Podr\u00e1s gestionarla a trav\u00e9s del SIU-GUARANI (Verifica que tu situaci\u00f3 acad\u00e9mica este completa)<\/p>\n<p><a href=\"https:\/\/forms.gle\/DJFiAvoEjUmU1G228\">Certificado anal\u00edtico de estudios parciales (Legalizado)<\/a><\/p>\n<p><a href=\"https:\/\/forms.gle\/DJFiAvoEjUmU1G228\">Certificado anal\u00edtico de Pase (Legalizada)<\/a><\/p>\n<p><a href=\"https:\/\/docs.google.com\/forms\/d\/e\/1FAIpQLScr58sItac7bW-cZB8tUtzPDgIwKHF4TIyvE6NvUHGPsPgMnw\/viewform\">Constancia para Homologaci\u00f3n de t\u00edtulos<\/a><\/p>\n\n\n<p><\/p>\n","protected":false},"excerpt":{"rendered":"<p>Ingresar a los siguientes enlaces seg\u00fan lo que se quiera solicitar (Algunas solicitudes requieren ingresar con una cuenta de Gmail) No se emiten constancias de 100%. Si est\u00e1s egresado\/a, por favor solicitar Constancia de T\u00edtulo en Tr\u00e1mite.\u00a0 En el caso que quieras solicitar un nuevo T\u00edtulo y\/o anal\u00edtico de estudios completos por robo, extrav\u00edo y\/o &#8230; <a title=\"Solicitud de constancias\" class=\"read-more\" href=\"https:\/\/isef2-caba.infd.edu.ar\/sitio\/solicitud-de-constancias\/\" aria-label=\"More on Solicitud de constancias\">[+]<\/a><\/p>\n","protected":false},"author":1468,"featured_media":0,"parent":0,"menu_order":0,"comment_status":"closed","ping_status":"closed","template":"","meta":[],"acf":[],"_links":{"self":[{"href":"https:\/\/isef2-caba.infd.edu.ar\/sitio\/wp-json\/wp\/v2\/pages\/1325"}],"collection":[{"href":"https:\/\/isef2-caba.infd.edu.ar\/sitio\/wp-json\/wp\/v2\/pages"}],"about":[{"href":"https:\/\/isef2-caba.infd.edu.ar\/sitio\/wp-json\/wp\/v2\/types\/page"}],"author":[{"embeddable":true,"href":"https:\/\/isef2-caba.infd.edu.ar\/sitio\/wp-json\/wp\/v2\/users\/1468"}],"replies":[{"embeddable":true,"href":"https:\/\/isef2-caba.infd.edu.ar\/sitio\/wp-json\/wp\/v2\/comments?post=1325"}],"version-history":[{"count":27,"href":"https:\/\/isef2-caba.infd.edu.ar\/sitio\/wp-json\/wp\/v2\/pages\/1325\/revisions"}],"predecessor-version":[{"id":5245,"href":"https:\/\/isef2-caba.infd.edu.ar\/sitio\/wp-json\/wp\/v2\/pages\/1325\/revisions\/5245"}],"wp:attachment":[{"href":"https:\/\/isef2-caba.infd.edu.ar\/sitio\/wp-json\/wp\/v2\/media?parent=1325"}],"curies":[{"name":"wp","href":"https:\/\/api.w.org\/{rel}","templated":true}]}}