{"id":1287,"date":"2018-06-29T17:20:55","date_gmt":"2018-06-29T20:20:55","guid":{"rendered":"https:\/\/isef2-caba.infd.edu.ar\/sitio\/publicaciones\/"},"modified":"2025-08-14T11:40:48","modified_gmt":"2025-08-14T14:40:48","slug":"publicaciones","status":"publish","type":"page","link":"https:\/\/isef2-caba.infd.edu.ar\/sitio\/publicaciones\/","title":{"rendered":"Publicaciones"},"content":{"rendered":"<h1 class=\"titulo1\">ART\u00cdCULOS DE REVISTA<\/h1>\n<ul>\n<li>Farinola, M. G., &amp; Bortz, J. E. (2025). La presencia de George Demen\u00ff en el Sistema Argentino de Educaci\u00f3n F\u00edsica a principios del siglo XX. Anuario De Historia De La Educaci\u00f3n, 26(1). <a href=\"_wp_link_placeholder\" data-wplink-edit=\"true\">https:\/\/www.saiehe.org.ar\/anuario\/revista\/article\/view\/621<\/a><\/li>\n<li>Polo, M. &amp; Sganga, M (2024). Demandas de carga externa y diferencias posicionales en partidos de f\u00fatbol formativo de elite mediante GPS. Kronos, 23(1).&nbsp;<a href=\"https:\/\/g-se.com\/demandas-de-carga-externa-y-diferencias-posicionales-en-partidos-de-futbol-formativo-de-elite-mediante-gps-3068-sa-o66a39b74f1f49\" target=\"_blank\" rel=\"nofollow noopener noreferrer\" data-saferedirecturl=\"https:\/\/www.google.com\/url?q=https:\/\/g-se.com\/demandas-de-carga-externa-y-diferencias-posicionales-en-partidos-de-futbol-formativo-de-elite-mediante-gps-3068-sa-o66a39b74f1f49&amp;source=gmail&amp;ust=1727285505867000&amp;usg=AOvVaw3OKyl-zFlkmtG9BCeZoXDM\">https:\/\/g-se.com\/demandas-de-<wbr>carga-externa-y-diferencias-<wbr>posicionales-en-partidos-de-<wbr>futbol-formativo-de-elite-<wbr>mediante-gps-3068-sa-<wbr>o66a39b74f1f49<\/a><\/li>\n<li>Farinola, M. G., &amp; Bortz, J. E. (2024). La antropometr\u00eda en el sistema de educaci\u00f3n f\u00edsica de Enrique Jos\u00e9 Romero Brest a principios del siglo XX. Educaci\u00f3n F\u00edsica Y Ciencia, 26(2), e296.&nbsp;<a href=\"https:\/\/doi.org\/10.24215\/23142561e296\" target=\"_blank\" rel=\"nofollow noopener noreferrer\" data-saferedirecturl=\"https:\/\/www.google.com\/url?q=https:\/\/doi.org\/10.24215\/23142561e296&amp;source=gmail&amp;ust=1727285505867000&amp;usg=AOvVaw2StYPKLJRatWT7_-kTmLbz\">https:\/\/doi.org\/10.24215\/<wbr>23142561e296<\/a><\/li>\n<li><span style=\"font-size: revert;\">Farinola, G. M., &amp; Sganga, M. (2022). Puntos de corte de indicadores antropom\u00e9tricos para hipertensi\u00f3n e hiperglucemia en adultos argentinos. Revista de la Facultad de Ciencias M\u00e9dicas, 79(3), 260. <\/span><a style=\"font-size: revert;\" href=\"https:\/\/www.ncbi.nlm.nih.gov\/pmc\/articles\/PMC9590817\/\">https:\/\/www.ncbi.nlm.nih.gov\/pmc\/articles\/PMC9590817\/<\/a><\/li>\n<li>Farinola, M., Dardano, P., &amp; Maroni, G. (2020). Propuesta de evaluaci\u00f3n de la condici\u00f3n f\u00edsica para poblaci\u00f3n general: Bater\u00eda Dickens. Educaci\u00f3n F\u00edsica Y Ciencia, 22(1), e114. <a style=\"font-size: revert;\" href=\"https:\/\/doi.org\/10.24215\/23142561e114\" target=\"_blank\" rel=\"noopener\" data-saferedirecturl=\"https:\/\/www.google.com\/url?q=https:\/\/doi.org\/10.24215\/23142561e114&amp;source=gmail&amp;ust=1624531017072000&amp;usg=AFQjCNGYxZAWB1vnEiAABw7AmUqX8A7weg\">https:\/\/doi.org\/10.24215\/<wbr>23142561e114<\/a><span style=\"font-size: revert;\">.&nbsp;<\/span><a style=\"font-size: revert;\" href=\"https:\/\/www.efyc.fahce.unlp.edu.ar\/article\/view\/EFyCe114\" target=\"_blank\" rel=\"nofollow noopener noreferrer\" data-saferedirecturl=\"https:\/\/www.google.com\/url?q=https:\/\/www.efyc.fahce.unlp.edu.ar\/article\/view\/EFyCe114&amp;source=gmail&amp;ust=1624531017072000&amp;usg=AFQjCNFlp8-oL6wqlUw6oRARz4tFB-AF0g\">https:\/\/www.<wbr>efyc.fahce.unlp.edu.ar\/<wbr>article\/view\/EFyCe114<\/a><\/li>\n<li>Sganga, M., &amp; Farinola, M. G. (2019). Validaci\u00f3n de dos pruebas de predicci\u00f3n de la potencia muscular en el ejercicio de press de banca.&nbsp;<i style=\"font-size: revert;\">Kronos<\/i><span style=\"font-size: revert;\">, 18(2). ISSN: 1579-5225 &#8211; e-ISSN: 2603-9052.<\/span><a style=\"font-size: revert;\" href=\"https:\/\/journal.onlineeducation.center\/api-oas\/v1\/articles\/sa-c5e080dcb9c0f7\/export-pdf\" target=\"_blank\" rel=\"nofollow noopener\">&nbsp;https:\/\/journal.onlineeducation.center\/api-oas\/v1\/articles\/sa-c5e080dcb9c0f7\/export-pdf<\/a><\/li>\n<li>Maroni, G., Polo, H., Ghioldi, M., Ybarra, E., Farinola, M. (2017). Asociaci\u00f3n entre aptitud cardiorrespiratoria y riesgo cardiovascular en el ingreso a la carrera de Educaci\u00f3n F\u00edsica. <em id=\"m_8471775897506324159yui_3_16_0_ym19_1_1505762700058_11905\">Educaci\u00f3n F\u00edsica y Ciencia<\/em>&nbsp;19(1): e025.&nbsp;ISSN 2314-2561&nbsp;<span id=\"m_8471775897506324159yui_3_16_0_ym19_1_1505762700058_11906\" style=\"text-decoration: underline;\"><span id=\"m_8471775897506324159yui_3_16_0_ym19_1_1505762700058_11907\"><a href=\"http:\/\/www.efyc.fahce.unlp.edu.ar\/article\/view\/EFyCe025\/8539\" target=\"_blank\" rel=\"noopener\" data-saferedirecturl=\"https:\/\/www.google.com\/url?hl=es&amp;q=http:\/\/www.efyc.fahce.unlp.edu.ar\/article\/view\/EFyCe025\/8539&amp;source=gmail&amp;ust=1505921885604000&amp;usg=AFQjCNFV_xlexpvb-Mw4DgWJnZtME2BTTg\">http:\/\/www.efyc.fahce.unlp.edu.ar\/article\/view\/EFyCe025\/8539<\/a><\/span><\/span><\/li>\n<li>Farinola, M., Arcuri, C., Polo, M., La Valle, L., Spagnuolo, A., Otero, L., Santamar\u00eda, S. (2017). Aptitud f\u00edsica relacionada a la salud y tiempo de pantalla en j\u00f3venes de escuelas secundarias de Ciudad Aut\u00f3noma de Buenos Aires.&nbsp;<em id=\"m_8471775897506324159yui_3_16_0_ym19_1_1505762700058_11913\" style=\"font-size: revert;\">Publicaciones de docentes, ISEF N\u00ba2 \u201cFederico W. Dickens\u201d<\/em><span style=\"font-size: revert;\">.&nbsp;<\/span><a id=\"m_8471775897506324159yui_3_16_0_ym19_1_1505762700058_11914\" style=\"font-size: revert;\" href=\"http:\/\/es.calameo.com\/read\/00509246909c99c1112b8\" target=\"_blank\" rel=\"noopener\" data-saferedirecturl=\"https:\/\/www.google.com\/url?hl=es&amp;q=http:\/\/es.calameo.com\/read\/00509246909c99c1112b8&amp;source=gmail&amp;ust=1505921885604000&amp;usg=AFQjCNGg7NDDLwDeaeJlb_rFmfZ1PmrJ-A\">http:\/\/es.calameo.com\/read\/00509246909c99c1112b8<\/a><\/li>\n<li>Farinola, M. (2010). Conducta sedentaria y salud: estar sentados \u00bfpuede perjudicarnos? <em style=\"font-size: revert;\">Revista electr\u00f3nica de Ciencias Aplicadas al Deporte<\/em><span style=\"font-size: revert;\"> 3 (N\u00ba8). &nbsp;<\/span><a style=\"font-size: revert;\" href=\"http:\/\/www.calameo.com\/read\/005092469531176dd9c88\">http:\/\/www.calameo.com\/read\/005092469531176dd9c88<\/a><\/li>\n<li>Polo, M., Farinola, M. (2010). Somatotipo de tenistas varones de las categor\u00edas hasta 16 y hasta 18 a\u00f1os de la Ciudad Aut\u00f3noma de Buenos Aires. <em style=\"font-size: revert;\">Revista electr\u00f3nica de Ciencias Aplicadas al Deporte <\/em><span style=\"font-size: revert;\">3 (N\u00ba 10).&nbsp;<\/span><a style=\"font-size: revert;\" href=\"http:\/\/www.calameo.com\/read\/00509246973b91c57aeed\">http:\/\/www.calameo.com\/read\/00509246973b91c57aeed<\/a><\/li>\n<li>Farinola, M. (2010). Evaluaci\u00f3n de la aptitud f\u00edsica relacionada a la salud en ni\u00f1os y adolescentes. <em style=\"font-size: revert;\">Revista electr\u00f3nica de Ciencias Aplicadas al Deporte<\/em><span style=\"font-size: revert;\"> 3 (N\u00ba 11).&nbsp;<\/span><a style=\"font-size: revert;\" href=\"http:\/\/www.calameo.com\/read\/005092469c4ea636b16c6\">http:\/\/www.calameo.com\/read\/005092469c4ea636b16c6<\/a><\/li>\n<li>Farinola, M., Polo, M., La Valle, L., Arcuri, C. (2009). Niveles de actividad f\u00edsica en alumnos\/as del Instituto Superior de Educaci\u00f3n F\u00edsica N\u00ba 2 Federico W. Dickens. <em style=\"font-size: revert;\">Revista electr\u00f3nica de Ciencias Aplicadas al Deporte<\/em><span style=\"font-size: revert;\"> 2: N\u00ba 5.&nbsp;<\/span><a style=\"font-size: revert;\" href=\"http:\/\/www.calameo.com\/read\/005092469864bd9c75529\">http:\/\/www.calameo.com\/read\/005092469864bd9c75529<\/a><\/li>\n<li>Murias, J., Lanatta, D., Arcuri, C., La\u00ed\u00f1o, F. (2007). Metabolic and functional responses playing tennis on different surfaces. <em style=\"font-size: revert;\">Journal of Strength and Conditioning Research<\/em><span style=\"font-size: revert;\"> 21: 112-117. <\/span><a style=\"font-size: revert;\" href=\"http:\/\/www.ncbi.nlm.nih.gov\/pubmed\/17313272\">http:\/\/www.ncbi.nlm.nih.gov\/pubmed\/17313272<\/a><\/li>\n<li>Farinola, M. (2006). Explicaci\u00f3n de un modelo integrador sobre la relaci\u00f3n de causalidad entre la actividad f\u00edsica, la salud y el riesgo de muerte prematura. <em style=\"font-size: revert;\">apunts EDUCACI\u00d3N F\u00cdSICA Y DEPORTES<\/em><span style=\"font-size: revert;\"> 85: 15-27. <\/span><a style=\"font-size: revert;\" href=\"http:\/\/www.revista-apunts.com\/es\/hemeroteca?article=113\">http:\/\/www.revista-apunts.com\/es\/hemeroteca?article=113<\/a><\/li>\n<li>La\u00ed\u00f1o, F., Arcuri, C. (2005). <em style=\"font-size: revert;\">Proyecto Dickens: Perfil antropom\u00e9trico en estudiantes de educaci\u00f3n f\u00edsica<\/em><span style=\"font-size: revert;\">. Direcci\u00f3n General de Educaci\u00f3n Superior. Secretar\u00eda de Educaci\u00f3n. CABA. 54 p.<\/span><\/li>\n<li><span style=\"font-size: revert;\">F<\/span>arinola, M. (2004). Relaci\u00f3n entre actividad f\u00edsica, aptitud f\u00edsica, salud y riesgo de muerte. <em style=\"font-size: revert;\">Medicina del Ejercicio<\/em><span style=\"font-size: revert;\"> A\u00f1o XIX Nro 2: 5-16.<\/span><\/li>\n<li>Farinola, M., Papini, H. (2004). Utilizaci\u00f3n de la Circunferencia de Cintura como indicador del riesgo de padecer enfermedades asociadas al exceso de grasa intraabdominal. <em style=\"font-size: revert;\">Revista de la Sociedad Argentina de Diabetes<\/em><span style=\"font-size: revert;\"> 38 Nro 4: 225-231.<\/span><\/li>\n<li>Giorno, P., Mart\u00ednez, L. (2002). Biomec\u00e1nica de los m\u00fasculos abdominales y flexores de cadera. revisi\u00f3n y aportes para la interpretaci\u00f3n de ejercicios espec\u00edficos. <em style=\"font-size: revert;\">PubliCE Standard<\/em><span style=\"font-size: revert;\">. <\/span><a style=\"font-size: revert;\" href=\"http:\/\/g-se.com\/es\/biomecanica\/articulos\/biomecanica-de-los-musculos-abdominales-y-flexores-de-cadera.-revision-y-aportes-para-la-interpretacion-de-ejercicios-especificos-237\">http:\/\/g-se.com\/es\/biomecanica\/articulos\/biomecanica-de-los-musculos-abdominales-y-flexores-de-cadera.-revision-y-aportes-para-la-interpretacion-de-ejercicios-especificos-237<\/a><\/li>\n<li><span style=\"font-size: revert;\">La Valle, L. (2000). Revisi\u00f3n bibliogr\u00e1fica sobre las pruebas de evaluaci\u00f3n de la potencia aer\u00f3bica en pruebas de campo. <\/span><em style=\"font-size: revert;\">PubliCE Standard<\/em><span style=\"font-size: revert;\">. <\/span><a style=\"font-size: revert;\" href=\"http:\/\/g-se.com\/es\/evaluacion-deportiva\/articulos\/revision-bibliografica-sobre-las-pruebas-de-evaluacion-de-la-potencia-aerobica-en-pruebas-de-campo-244\">http:\/\/g-se.com\/es\/evaluacion-deportiva\/articulos\/revision-bibliografica-sobre-las-pruebas-de-evaluacion-de-la-potencia-aerobica-en-pruebas-de-campo-244<\/a><\/li>\n<\/ul>\n<h1>CAP\u00cdTULOS DE LIBROS<\/h1>\n<div id=\"m_-2941890407062073441yui_3_16_0_ym19_1_1501517743114_86253\">\n<ul>\n<li id=\"m_8471775897506324159yui_3_16_0_ym19_1_1505762700058_11969\"><span id=\"m_8471775897506324159yui_3_16_0_ym19_1_1505762700058_11923\" lang=\"ES-MX\">Farinola, M. (2014). Una perspectiva evolucionista del ejercicio f\u00edsico. En Baz\u00e1n, N.&nbsp;<em id=\"m_8471775897506324159yui_3_16_0_ym19_1_1505762700058_11924\">Bases fisiol\u00f3gicas del ejercicio<\/em>. (pp. 3-15). Paidotribo: Barcelona. ISBN 9788499100777<a id=\"m_8471775897506324159yui_3_16_0_ym19_1_1505762700058_11925\" href=\"http:\/\/www.paidotribo.com\/ficha.aspx?cod=01100\" target=\"_blank\" rel=\"noopener\" data-saferedirecturl=\"https:\/\/www.google.com\/url?hl=es&amp;q=http:\/\/www.paidotribo.com\/ficha.aspx?cod%3D01100&amp;source=gmail&amp;ust=1505921885604000&amp;usg=AFQjCNGEeJpnPlUZEr2wu1E1AqY5Y_rtUA\">http:\/\/www.paidotribo.com\/ficha.aspx?cod=01100<\/a><\/span><\/li>\n<li>Polo, M. (2014). Fuerza. En Baz\u00e1n, N. <em id=\"m_8471775897506324159yui_3_16_0_ym19_1_1505762700058_11930\">Bases fisiol\u00f3gicas del ejercicio<\/em>. (pp. 865-882). Paidotribo: Barcelona. ISBN 9788499100777&nbsp;<a id=\"m_8471775897506324159yui_3_16_0_ym19_1_1505762700058_11931\" href=\"http:\/\/www.paidotribo.com\/ficha.aspx?cod=01100\" target=\"_blank\" rel=\"noopener\" data-saferedirecturl=\"https:\/\/www.google.com\/url?hl=es&amp;q=http:\/\/www.paidotribo.com\/ficha.aspx?cod%3D01100&amp;source=gmail&amp;ust=1505921885604000&amp;usg=AFQjCNGEeJpnPlUZEr2wu1E1AqY5Y_rtUA\">http:\/\/www.paidotribo.com\/ficha.aspx?cod=01100<\/a><\/li>\n<\/ul>\n<\/div>\n<h1 class=\"titulo1\"><\/h1>\n<h1 class=\"titulo1\">PONENCIAS EN CONGRESOS Y JORNADAS<\/h1>\n<ul>\n<li class=\"titulo1\">2017, 23 de septiembre. Chubut Deportes, Gobierno de Chubut.&nbsp;<em>\u00abBater\u00eda Dickens: Una propuesta de evaluaci\u00f3n de la condici\u00f3n f\u00edsica relacionada a la salud en poblaci\u00f3n general adulta argentina<\/em>\u00ab. En VIII Congreso de Educaci\u00f3n F\u00edsica y Deporte Escolar. Chubut, Argentina.<\/li>\n<li class=\"titulo1\">2016, 1 de octubre. ISEF N\u00b0 2 \u201cFederico W. Dickens\u201d. \u201c<em id=\"m_-4889911767447596096yui_3_16_0_ym19_1_1488487444689_94456\" style=\"font-size: revert;\">Actividad F\u00edsica para la salud y Educaci\u00f3n F\u00edsica \u00bfUna Educaci\u00f3n F\u00edsica sin f\u00edsico?\u201d<\/em><span style=\"font-size: revert;\">&nbsp;En I Jornadas de Educaci\u00f3n F\u00edsica, Sociedad y Cultura.<\/span><\/li>\n<li><span style=\"font-size: revert;\">2016, 9 de septiembre. Facultad de Educaci\u00f3n y Salud, Universidad Provincial de C\u00f3rdoba. <\/span><em id=\"m_-4889911767447596096yui_3_16_0_ym19_1_1488487444689_94458\" style=\"font-size: revert;\">\u201cLa Promoci\u00f3n de la Actividad F\u00edsica como intervenci\u00f3n profesional emergente\u201d<\/em><span style=\"font-size: revert;\">. En Encuentro Nacional de Educaci\u00f3n F\u00edsica a los 70 a\u00f1os del IPEF. C\u00f3rdoba, Argentina.<\/span><\/li>\n<li><span style=\"font-size: revert;\">2014, 3 de octubre. Laboratorio de Actividad y Aptitud F\u00edsica, ISEF N\u00ba2 \u201cFederico W. Dickens\u201d. \u201c<\/span><em style=\"font-size: revert;\">Introducci\u00f3n hist\u00f3rica a la evaluaci\u00f3n masiva de la aptitud f\u00edsica en j\u00f3venes<\/em><span style=\"font-size: revert;\">\u201d. En Jornada de Evaluaci\u00f3n de la Aptitud F\u00edsica en Ni\u00f1os y Adolescentes. <\/span><a style=\"font-size: revert;\" href=\"https:\/\/drive.google.com\/folderview?id=0B75LLVo1y2SjRllaUHdzbnZpMjA&amp;usp=sharing\">https:\/\/drive.google.com\/folderview?id=0B75LLVo1y2SjRllaUHdzbnZpMjA&amp;usp=sharing<\/a><\/li>\n<li><span style=\"font-size: revert;\">2014, 3 de octubre. Laboratorio de Actividad y Aptitud F\u00edsica, ISEF N\u00ba2 \u201cFederico W. Dickens\u201d. \u201c<\/span><em style=\"font-size: revert;\">Evaluaci\u00f3n de la aptitud f\u00edsica relacionada a la salud en una escuela p\u00fablica de la Ciudad Aut\u00f3noma de Buenos Aires: aplicaci\u00f3n de la bater\u00eda Fitnessgram<\/em><span style=\"font-size: revert;\">\u201d. En Jornada de Evaluaci\u00f3n de la Aptitud F\u00edsica en Ni\u00f1os y Adolescentes. <\/span><a style=\"font-size: revert;\" href=\"https:\/\/drive.google.com\/folderview?id=0B75LLVo1y2SjRllaUHdzbnZpMjA&amp;usp=sharing\">https:\/\/drive.google.com\/folderview?id=0B75LLVo1y2SjRllaUHdzbnZpMjA&amp;usp=sharing<\/a><\/li>\n<li><span style=\"font-size: revert;\">2013, 3 de noviembre. YMCA \u2013 Asociaci\u00f3n Cristiana de J\u00f3venes. <\/span><em style=\"font-size: revert;\">\u201cAntropometr\u00eda y salud\u201d<\/em><span style=\"font-size: revert;\">. En 8\u00b0 YMCA Body &amp; Mind.<\/span><\/li>\n<li><span style=\"font-size: revert;\">2012, 13 de octubre. Red de Actividad F\u00edsica para Adultos Mayores de Argentina (RAFAM). \u201c<\/span><em style=\"font-size: revert;\">La actividad f\u00edsica como medio de transporte en el adulto mayor\u201d.<\/em><span style=\"font-size: revert;\"> En II Jornada Nacional de Actividad F\u00edsica para un Envejecimiento Saludable. ISEF N\u00ba2 \u201cFederico W. Dickens\u201d.<\/span><\/li>\n<li><span style=\"font-size: revert;\">2011, 1 de octubre. Red de Actividad F\u00edsica para Adultos Mayores de Argentina (RAFAM). <\/span><em style=\"font-size: revert;\">\u201cEvaluaci\u00f3n de la aptitud f\u00edsica en el adulto mayor\u201d<\/em><span style=\"font-size: revert;\">. En I Jornada Nacional de Actividad F\u00edsica para un Envejecimiento Saludable. ISEF N\u00ba2 \u201cFederico W. Dickens\u201d. <\/span><a style=\"font-size: revert;\" href=\"upload\/Evaluacion_en_el_adulto_mayor_Dickens_2011b.pdf\">http:\/\/isef2.caba.infd.edu.ar\/sitio\/upload\/Evaluacion_en_el_adulto_mayor_Dickens_2011b.pdf<\/a><\/li>\n<li><span style=\"font-size: revert;\">2010, 22 al 24 de abril. Sociedad Argentina de Pediatr\u00eda. <\/span><em style=\"font-size: revert;\">\u201cTaller: Antropometr\u00eda y salud en j\u00f3venes\u201d<\/em><span style=\"font-size: revert;\">. En 2das Jornadas Nacionales de Actividad F\u00edsica y Deportiva en el Ni\u00f1o y el Adolescente. <\/span><a style=\"font-size: revert;\" href=\"http:\/\/www.sap.org.ar\/docs\/congresos\/2010\/deporte\/claseresumida.pdf\">http:\/\/www.sap.org.ar\/docs\/congresos\/2010\/deporte\/claseresumida.pdf<\/a><\/li>\n<li><span style=\"font-size: revert;\">2009. Instituto Superior de Educaci\u00f3n F\u00edsica de Catamarca. \u201c<\/span><em style=\"font-size: revert;\">Actividad f\u00edsica como estrategia de prevenci\u00f3n primaria\u201d<\/em><span style=\"font-size: revert;\">. En III Congreso Nacional de Educaci\u00f3n F\u00edsica, Deporte y Calidad de Vida.<\/span><\/li>\n<li><span style=\"font-size: revert;\">2007, 29 al 31 de agosto. Universidad Nacional de Luj\u00e1n. <\/span><em style=\"font-size: revert;\">\u201c\u00bfLa actividad f\u00edsica beneficia, o la inactividad f\u00edsica perjudica, nuestra salud y bienestar?\u201d<\/em><span style=\"font-size: revert;\"> En III Jornadas Acad\u00e9micas del INEF Gral. Manuel Belgrano.<\/span><\/li>\n<li><span style=\"font-size: revert;\">2006, 25 de noviembre. YMCA \u2013 Asociaci\u00f3n Cristiana de J\u00f3venes. <\/span><em style=\"font-size: revert;\">\u201cE<\/em><em style=\"font-size: revert;\">valuaci\u00f3n de la maduraci\u00f3n y el crecimiento: Su aplicaci\u00f3n a la actividad f\u00edsica y el deporte\u201d.<\/em><span style=\"font-size: revert;\"> En Jornadas YMCA de Ni\u00f1ez y Adolescencia<\/span><em style=\"font-size: revert;\">.<\/em><\/li>\n<li><span style=\"font-size: revert;\">2003, 23 de octubre. ISEF N\u00ba2 \u201cFederico W. Dickens\u201d. \u201c<\/span><em style=\"font-size: revert;\">Trabajo Pr\u00e1ctico de Campo\u201d<\/em><span style=\"font-size: revert;\">. En I Jornada de Actividad F\u00edsica y Salud de la Ciudad de Buenos Aires.<\/span><\/li>\n<\/ul>\n<h1 class=\"titulo1\">CONGRESOS Y JORNADAS ORGANIZADAS<\/h1>\n<ul>\n<li>2014, 3 de octubre. Laboratorio de Actividad y Aptitud F\u00edsica, ISEF N\u00ba2 \u201cFederico W. Dickens\u201d. <em>Jornada de Evaluaci\u00f3n de la Aptitud F\u00edsica en Ni\u00f1os y Adolescentes: D\u00f3nde estamos y a d\u00f3nde vamos en Argentina<\/em>.<\/li>\n<li><span style=\"font-size: revert;\">2009, 9 de septiembre. Laboratorio de Fisiolog\u00eda del Ejercicio y Biomec\u00e1nica, ISEF N\u00ba2 \u201cFederico W. Dickens\u201d. <\/span><em style=\"font-size: revert;\">Jornada de Actividad F\u00edsica en el Ni\u00f1o y el Adolescente: Uniendo Teor\u00eda y Pr\u00e1ctica<\/em><span style=\"font-size: revert;\">.<\/span><\/li>\n<li><span style=\"font-size: revert;\">2006, Septiembre. Laboratorio de Fisiolog\u00eda del Ejercicio y Biomec\u00e1nica, ISEF N\u00ba2 \u201cFederico W. Dickens\u201d. <\/span><em style=\"font-size: revert;\">III Jornadas de Actividad F\u00edsica y Salud de la Ciudad de Buenos Aires<\/em><span style=\"font-size: revert;\">.<\/span><\/li>\n<li><span style=\"font-size: revert;\">2004, octubre. Laboratorio de Fisiolog\u00eda del Ejercicio y Biomec\u00e1nica, ISEF N\u00ba2 \u201cFederico W. Dickens\u201d. <\/span><em style=\"font-size: revert;\">II Jornadas de Actividad F\u00edsica y Salud de la Ciudad de Buenos Aires<\/em><span style=\"font-size: revert;\">. Club N\u00e1utico Hacoaj.<\/span><\/li>\n<li><span style=\"font-size: revert;\">2003, 23 de octubre. Laboratorio de Fisiolog\u00eda del Ejercicio y Biomec\u00e1nica, ISEF N\u00ba2 \u201cFederico W. Dickens\u201d. <\/span><em style=\"font-size: revert;\">I Jornada de Actividad F\u00edsica y Salud de la Ciudad de Buenos Aires.&nbsp;<\/em><\/li>\n<\/ul>\n","protected":false},"excerpt":{"rendered":"<p>ART\u00cdCULOS DE REVISTA Farinola, M. G., &amp; Bortz, J. E. (2025). La presencia de George Demen\u00ff en el Sistema Argentino de Educaci\u00f3n F\u00edsica a principios del siglo XX. Anuario De Historia De La Educaci\u00f3n, 26(1). https:\/\/www.saiehe.org.ar\/anuario\/revista\/article\/view\/621 Polo, M. &amp; Sganga, M (2024). Demandas de carga externa y diferencias posicionales en partidos de f\u00fatbol formativo de &#8230; <a title=\"Publicaciones\" class=\"read-more\" href=\"https:\/\/isef2-caba.infd.edu.ar\/sitio\/publicaciones\/\" aria-label=\"More on Publicaciones\">[+]<\/a><\/p>\n","protected":false},"author":1468,"featured_media":0,"parent":0,"menu_order":0,"comment_status":"closed","ping_status":"closed","template":"","meta":[],"acf":[],"_links":{"self":[{"href":"https:\/\/isef2-caba.infd.edu.ar\/sitio\/wp-json\/wp\/v2\/pages\/1287"}],"collection":[{"href":"https:\/\/isef2-caba.infd.edu.ar\/sitio\/wp-json\/wp\/v2\/pages"}],"about":[{"href":"https:\/\/isef2-caba.infd.edu.ar\/sitio\/wp-json\/wp\/v2\/types\/page"}],"author":[{"embeddable":true,"href":"https:\/\/isef2-caba.infd.edu.ar\/sitio\/wp-json\/wp\/v2\/users\/1468"}],"replies":[{"embeddable":true,"href":"https:\/\/isef2-caba.infd.edu.ar\/sitio\/wp-json\/wp\/v2\/comments?post=1287"}],"version-history":[{"count":14,"href":"https:\/\/isef2-caba.infd.edu.ar\/sitio\/wp-json\/wp\/v2\/pages\/1287\/revisions"}],"predecessor-version":[{"id":4944,"href":"https:\/\/isef2-caba.infd.edu.ar\/sitio\/wp-json\/wp\/v2\/pages\/1287\/revisions\/4944"}],"wp:attachment":[{"href":"https:\/\/isef2-caba.infd.edu.ar\/sitio\/wp-json\/wp\/v2\/media?parent=1287"}],"curies":[{"name":"wp","href":"https:\/\/api.w.org\/{rel}","templated":true}]}}