{"id":1263,"date":"2018-06-29T17:20:45","date_gmt":"2018-06-29T20:20:45","guid":{"rendered":"https:\/\/isef2-caba.infd.edu.ar\/sitio\/inscripcion-a-examenes\/"},"modified":"2023-03-31T13:43:51","modified_gmt":"2023-03-31T16:43:51","slug":"inscripcion-a-examenes","status":"publish","type":"page","link":"https:\/\/isef2-caba.infd.edu.ar\/sitio\/inscripcion-a-examenes\/","title":{"rendered":"Inscripci\u00f3n a ex\u00e1menes"},"content":{"rendered":"<header class=\"entry-header\">\n<h1 style=\"text-align: center;\">Mesa especial Abril 2023<\/h1>\n<p>Solo para aquellas\/os que adeuden 1 (UNA) materia para recibirse. Per\u00edodo de inscripci\u00f3n: del 3 al 7\/4<\/p>\n<p>Formulario:<\/p>\n<p><span data-sheets-value=\"{&quot;1&quot;:2,&quot;2&quot;:&quot;Formulario de Inscripci\u00f3n&quot;}\" data-sheets-userformat=\"{&quot;2&quot;:62147,&quot;3&quot;:{&quot;1&quot;:0},&quot;4&quot;:[null,2,10797812],&quot;9&quot;:1,&quot;10&quot;:1,&quot;12&quot;:0,&quot;15&quot;:&quot;Amatic SC&quot;,&quot;16&quot;:36,&quot;17&quot;:1,&quot;18&quot;:1}\"><a href=\"https:\/\/forms.gle\/9fmGas2q1UekceXS8\"><img decoding=\"async\" loading=\"lazy\" class=\"aligncenter wp-image-811\" src=\"https:\/\/isef2-caba.infd.edu.ar\/sitio\/wp-content\/uploads\/2018\/06\/LOGO_INGRESAR.png\" alt=\"\" width=\"237\" height=\"71\" \/><\/a><\/span><\/p>\n<h1><\/h1>\n<h1><\/h1>\n<h1><\/h1>\n<h1 class=\"entry-title\">Ex\u00e1menes finales Previos, Libres y Complementarios Febrero 2022<\/h1>\n<\/header>\n<div class=\"entry-content\">\n<div class=\"addtoany_share_save_container addtoany_content addtoany_content_top\">\n<div class=\"a2a_kit a2a_kit_size_32 addtoany_list\" data-a2a-url=\"https:\/\/isef2-caba.infd.edu.ar\/sitio\/examenes-finales-previos-libres-y-complementarios-julio-agosto-2019\/\" data-a2a-title=\"Ex\u00e1menes finales Previos, Libres y Complementarios Diciembre 2019\"><a class=\"a2a_button_facebook\" title=\"Facebook\" href=\"https:\/\/isef2-caba.infd.edu.ar\/#facebook\" target=\"_blank\" rel=\"nofollow noopener\"><span class=\"a2a_label\">Facebook<\/span><\/a><a class=\"a2a_button_twitter\" title=\"Twitter\" href=\"https:\/\/isef2-caba.infd.edu.ar\/#twitter\" target=\"_blank\" rel=\"nofollow noopener\"><span class=\"a2a_label\">Twitter<\/span><\/a><a class=\"a2a_dd addtoany_share_save addtoany_share\" href=\"https:\/\/www.addtoany.com\/share#url=https%3A%2F%2Fisef2-caba.infd.edu.ar%2Fsitio%2Fexamenes-finales-previos-libres-y-complementarios-julio-agosto-2019%2F&amp;title=Ex%C3%A1menes%20finales%20Previos%2C%20Libres%20y%20Complementarios%20Diciembre%202019\"><span class=\"a2a_label a2a_localize\" data-a2a-localize=\"inner,Share\">Compartir<\/span><\/a><\/div>\n<\/div>\n<h2 class=\"_2cuy _509y _2vxa\"><\/h2>\n<h2 class=\"_2cuy _509y _2vxa\">IMPORTANTE!!!<\/h2>\n<h4 dir=\"auto\" style=\"text-align: center;\">Examenes finales: NATACION<\/h4>\n<h4 dir=\"auto\" style=\"text-align: center;\">Los examenes se realizar\u00e1n en el Colegio Hipolito Vieytes (Av. Gaona 1502, CABA).<\/h4>\n<h4 dir=\"auto\" style=\"text-align: center;\">Horarios:<\/h4>\n<h4 dir=\"auto\" style=\"text-align: center;\">TM: 10,00hs<\/h4>\n<h4 dir=\"auto\" style=\"text-align: center;\">TT: 13,30hs<\/h4>\n<h4 dir=\"auto\" style=\"text-align: center;\">TV: ambos horarios<\/h4>\n<h1>INSCRIPCION \u21927\/2\/2022 al 13\/02\/2022<\/h1>\n<div class=\"text_exposed_show\">\n<h4>Importante<\/h4>\n<h3 style=\"text-align: center;\"><a href=\"https:\/\/docs.google.com\/spreadsheets\/d\/e\/2PACX-1vSdGKPVpn9iX7OZcSpaADrexkEM1wtVWb_mDu0PJ92PHdXY5sxcxXvcHgiVlIqj5KTIpnOHTmHrzxN8\/pubhtml?gid=0&amp;single=true\">Ver correlatividades vigentes<\/a><\/h3>\n<h4><\/h4>\n<p><em><strong>Horarios de examen:\u00a0<\/strong><\/em><br \/>\nTurno ma\u00f1ana: 8,30hs<br \/>\nTurno Tarde: 13,30hs<br \/>\nTurno Vespertino: 18,30hs<\/p>\n<p>Cronograma de ex\u00e1menes\u00a0 a la mesa- Febrero 2022. (Modalidad presencial)<\/p>\n<ul>\n<li><a href=\"https:\/\/docs.google.com\/spreadsheets\/d\/e\/2PACX-1vSAk2wccSkN74aWIGz83VjxGjk5foq0UEjfCcnjum864ZshhRR0L4mVMBFO1o7YqGpu60oa51NKbrIa\/pub?gid=0&amp;single=true&amp;output=pdf\">TURNO MA\u00d1ANA 1er SEMANA (Te\u00f3ricos-pr\u00e1cticos) &#8211; 1\u00b0 Llamado<\/a><\/li>\n<li><a href=\"https:\/\/docs.google.com\/spreadsheets\/d\/e\/2PACX-1vSAk2wccSkN74aWIGz83VjxGjk5foq0UEjfCcnjum864ZshhRR0L4mVMBFO1o7YqGpu60oa51NKbrIa\/pub?gid=176995021&amp;single=true&amp;output=pdf\">TURNO MA\u00d1ANA 2da SEMANA (Te\u00f3rico-pr\u00e1ctico) -2\u00b0 Llamado<\/a><\/li>\n<li><a href=\"https:\/\/docs.google.com\/spreadsheets\/d\/e\/2PACX-1vSAk2wccSkN74aWIGz83VjxGjk5foq0UEjfCcnjum864ZshhRR0L4mVMBFO1o7YqGpu60oa51NKbrIa\/pub?gid=1898766228&amp;single=true&amp;output=pdf\">TURNO MA\u00d1ANA 3er SEMANA (Te\u00f3rico-pr\u00e1ctico) -2\u00b0 Llamado<\/a><\/li>\n<\/ul>\n<ul>\n<li><a href=\"https:\/\/docs.google.com\/spreadsheets\/d\/e\/2PACX-1vTgpNsjuTQhf7XSh_ZG21ZCOlxPXJbCKYRnR8V__L8cTDcKLC1hVo_Dt0I7APO-h07z9JMS-3K53jt3\/pub?gid=678249836&amp;single=true&amp;output=pdf\">TURNO TARDE 1er SEMANA (Te\u00f3ricos-pr\u00e1cticos)- 1\u00b0 Llamado<\/a><\/li>\n<li><a href=\"https:\/\/docs.google.com\/spreadsheets\/d\/e\/2PACX-1vTgpNsjuTQhf7XSh_ZG21ZCOlxPXJbCKYRnR8V__L8cTDcKLC1hVo_Dt0I7APO-h07z9JMS-3K53jt3\/pub?gid=186490782&amp;single=true&amp;output=pdf\">TURNO TARDE 2da SEMANA (Te\u00f3rico-pr\u00e1ctico) &#8211; 2\u00b0 Llamado<\/a><\/li>\n<li><a href=\"https:\/\/docs.google.com\/spreadsheets\/d\/e\/2PACX-1vTgpNsjuTQhf7XSh_ZG21ZCOlxPXJbCKYRnR8V__L8cTDcKLC1hVo_Dt0I7APO-h07z9JMS-3K53jt3\/pub?gid=1811078069&amp;single=true&amp;output=pdf\">TURNO TARDE 3er SEMANA (Te\u00f3rico-pr\u00e1ctico) &#8211;\u00a0 2\u00b0 Llamado<\/a><\/li>\n<\/ul>\n<ul>\n<li><a href=\"https:\/\/docs.google.com\/spreadsheets\/d\/e\/2PACX-1vRlR1KOoZg_k_9ItfISEb8y7YVY_VImC141pIRDRmwhxOlGUcg2SvQDfwMXeRiB7Hm5tBnEIY4CP8ms\/pub?gid=285767302&amp;single=true&amp;output=pdf\">TURNO VESPERTINO 1er SEMANA (Te\u00f3ricos-pr\u00e1cticos)- 1\u00b0 Llamado<\/a><\/li>\n<li><a href=\"https:\/\/docs.google.com\/spreadsheets\/d\/e\/2PACX-1vRlR1KOoZg_k_9ItfISEb8y7YVY_VImC141pIRDRmwhxOlGUcg2SvQDfwMXeRiB7Hm5tBnEIY4CP8ms\/pub?gid=497477159&amp;single=true&amp;output=pdf\">TURNO VESPERTINO 2da SEMANA (Te\u00f3rico-pr\u00e1ctico) .\u00a0 2\u00b0 Llamado<\/a><\/li>\n<li><a href=\"https:\/\/docs.google.com\/spreadsheets\/d\/e\/2PACX-1vRlR1KOoZg_k_9ItfISEb8y7YVY_VImC141pIRDRmwhxOlGUcg2SvQDfwMXeRiB7Hm5tBnEIY4CP8ms\/pub?gid=928681771&amp;single=true&amp;output=pdf\">TURNO VESPERTINO 3er SEMANA (Te\u00f3rico-pr\u00e1ctico)-\u00a0 2\u00b0 Llamado<\/a><\/li>\n<\/ul>\n<h3>Formulario de inscripci\u00f3n a ex\u00e1menes<\/h3>\n<\/div>\n<\/div>\n<div>\n<p><span data-sheets-value=\"{&quot;1&quot;:2,&quot;2&quot;:&quot;Formulario de Inscripci\u00f3n&quot;}\" data-sheets-userformat=\"{&quot;2&quot;:62147,&quot;3&quot;:{&quot;1&quot;:0},&quot;4&quot;:[null,2,10797812],&quot;9&quot;:1,&quot;10&quot;:1,&quot;12&quot;:0,&quot;15&quot;:&quot;Amatic SC&quot;,&quot;16&quot;:36,&quot;17&quot;:1,&quot;18&quot;:1}\"><a href=\"https:\/\/forms.gle\/QhTpGL8TcoJrg9bX8\"><img decoding=\"async\" loading=\"lazy\" class=\"aligncenter wp-image-811\" src=\"https:\/\/isef2-caba.infd.edu.ar\/sitio\/wp-content\/uploads\/2018\/06\/LOGO_INGRESAR.png\" alt=\"\" width=\"237\" height=\"71\" \/><\/a><\/span><\/p>\n<\/div>\n","protected":false},"excerpt":{"rendered":"<p>Mesa especial Abril 2023 Solo para aquellas\/os que adeuden 1 (UNA) materia para recibirse. Per\u00edodo de inscripci\u00f3n: del 3 al 7\/4 Formulario: Ex\u00e1menes finales Previos, Libres y Complementarios Febrero 2022 FacebookTwitterCompartir IMPORTANTE!!! Examenes finales: NATACION Los examenes se realizar\u00e1n en el Colegio Hipolito Vieytes (Av. Gaona 1502, CABA). Horarios: TM: 10,00hs TT: 13,30hs TV: ambos &#8230; <a title=\"Inscripci\u00f3n a ex\u00e1menes\" class=\"read-more\" href=\"https:\/\/isef2-caba.infd.edu.ar\/sitio\/inscripcion-a-examenes\/\" aria-label=\"More on Inscripci\u00f3n a ex\u00e1menes\">[+]<\/a><\/p>\n","protected":false},"author":1468,"featured_media":0,"parent":0,"menu_order":0,"comment_status":"closed","ping_status":"closed","template":"","meta":[],"acf":[],"_links":{"self":[{"href":"https:\/\/isef2-caba.infd.edu.ar\/sitio\/wp-json\/wp\/v2\/pages\/1263"}],"collection":[{"href":"https:\/\/isef2-caba.infd.edu.ar\/sitio\/wp-json\/wp\/v2\/pages"}],"about":[{"href":"https:\/\/isef2-caba.infd.edu.ar\/sitio\/wp-json\/wp\/v2\/types\/page"}],"author":[{"embeddable":true,"href":"https:\/\/isef2-caba.infd.edu.ar\/sitio\/wp-json\/wp\/v2\/users\/1468"}],"replies":[{"embeddable":true,"href":"https:\/\/isef2-caba.infd.edu.ar\/sitio\/wp-json\/wp\/v2\/comments?post=1263"}],"version-history":[{"count":21,"href":"https:\/\/isef2-caba.infd.edu.ar\/sitio\/wp-json\/wp\/v2\/pages\/1263\/revisions"}],"predecessor-version":[{"id":3461,"href":"https:\/\/isef2-caba.infd.edu.ar\/sitio\/wp-json\/wp\/v2\/pages\/1263\/revisions\/3461"}],"wp:attachment":[{"href":"https:\/\/isef2-caba.infd.edu.ar\/sitio\/wp-json\/wp\/v2\/media?parent=1263"}],"curies":[{"name":"wp","href":"https:\/\/api.w.org\/{rel}","templated":true}]}}