{"id":1243,"date":"2018-06-29T17:20:37","date_gmt":"2018-06-29T20:20:37","guid":{"rendered":"https:\/\/isef2-caba.infd.edu.ar\/sitio\/horarios\/"},"modified":"2026-03-02T15:23:21","modified_gmt":"2026-03-02T18:23:21","slug":"horarios","status":"publish","type":"page","link":"https:\/\/isef2-caba.infd.edu.ar\/sitio\/horarios\/","title":{"rendered":"Horarios"},"content":{"rendered":"<h2>IMPORTANTE:<\/h2>\n<h5>Durante el ciclo lectivo 2026 los horarios podr\u00e1n ser modificados sin previo aviso. Siempre dentro del turno correspondiente. Deber\u00e1n revisar continuamente la siguiente cartelera de horario para informarse. (Recomendamos no descargarlo, sino verlos online para que puedan ver las modificaciones)<\/h5>\n<h4>Estamos probando un nuevo sistema de publicaci\u00f3n de horarios. Pod\u00e9s filtrar por diferentes par\u00e1metros como A\u00f1o, turno, comisi\u00f3n, docente, etc. Se actualizar\u00e1 la informacion del espacio asignado en el d\u00eda, ausencias y cualquier modificaci\u00f3n que ocurra. Ingresa al siguiente enlace:<\/h4>\n<h4><a href=\"https:\/\/lookerstudio.google.com\/reporting\/5d503bd9-442e-486a-82b5-ef405c8792ab\">Formato Pantalla (Pc o Tablet)<\/a><\/h4>\n<h4><a href=\"https:\/\/lookerstudio.google.com\/reporting\/96548acc-7568-4971-bc19-475485b02399\">Formato Celular<\/a><\/h4>\n<h6 style=\"text-align: center;\">\u00a0<\/h6>\n<p>\u00a0<\/p>\n<h6 style=\"text-align: left;\">Publicaci\u00f3n formato tradicional:<\/h6>\n<h3 style=\"text-align: center;\"><a href=\"https:\/\/docs.google.com\/spreadsheets\/d\/e\/2PACX-1vQ9pMScFNJpi4OFraIyiACe26syJq05nOMM8vLsH4hQqOlKV7sImzBaqzXMvdnRmpR8tq3zkNma3g4O\/pubhtml?gid=1618297122&amp;single=true\">TURNO MA\u00d1ANA<\/a><\/h3>\n<h3 style=\"text-align: center;\">\u00a0<a href=\"https:\/\/docs.google.com\/spreadsheets\/d\/e\/2PACX-1vQ9pMScFNJpi4OFraIyiACe26syJq05nOMM8vLsH4hQqOlKV7sImzBaqzXMvdnRmpR8tq3zkNma3g4O\/pubhtml?gid=344258253&amp;single=true\">TURNO TARDE<\/a><\/h3>\n<h3 style=\"text-align: center;\"><a href=\"https:\/\/docs.google.com\/spreadsheets\/d\/e\/2PACX-1vQ9pMScFNJpi4OFraIyiACe26syJq05nOMM8vLsH4hQqOlKV7sImzBaqzXMvdnRmpR8tq3zkNma3g4O\/pubhtml?gid=292082847&amp;single=true\">TURNO VESPERTINO<\/a><\/h3>\n<p><!--more--><\/p>\n<p><!--more--><\/p>\n\n\n<p><\/p>\n","protected":false},"excerpt":{"rendered":"<p>IMPORTANTE: Durante el ciclo lectivo 2026 los horarios podr\u00e1n ser modificados sin previo aviso. Siempre dentro del turno correspondiente. Deber\u00e1n revisar continuamente la siguiente cartelera de horario para informarse. (Recomendamos no descargarlo, sino verlos online para que puedan ver las modificaciones) Estamos probando un nuevo sistema de publicaci\u00f3n de horarios. Pod\u00e9s filtrar por diferentes par\u00e1metros &#8230; <a title=\"Horarios\" class=\"read-more\" href=\"https:\/\/isef2-caba.infd.edu.ar\/sitio\/horarios\/\" aria-label=\"More on Horarios\">[+]<\/a><\/p>\n","protected":false},"author":1468,"featured_media":0,"parent":0,"menu_order":0,"comment_status":"closed","ping_status":"closed","template":"","meta":[],"acf":[],"_links":{"self":[{"href":"https:\/\/isef2-caba.infd.edu.ar\/sitio\/wp-json\/wp\/v2\/pages\/1243"}],"collection":[{"href":"https:\/\/isef2-caba.infd.edu.ar\/sitio\/wp-json\/wp\/v2\/pages"}],"about":[{"href":"https:\/\/isef2-caba.infd.edu.ar\/sitio\/wp-json\/wp\/v2\/types\/page"}],"author":[{"embeddable":true,"href":"https:\/\/isef2-caba.infd.edu.ar\/sitio\/wp-json\/wp\/v2\/users\/1468"}],"replies":[{"embeddable":true,"href":"https:\/\/isef2-caba.infd.edu.ar\/sitio\/wp-json\/wp\/v2\/comments?post=1243"}],"version-history":[{"count":161,"href":"https:\/\/isef2-caba.infd.edu.ar\/sitio\/wp-json\/wp\/v2\/pages\/1243\/revisions"}],"predecessor-version":[{"id":5263,"href":"https:\/\/isef2-caba.infd.edu.ar\/sitio\/wp-json\/wp\/v2\/pages\/1243\/revisions\/5263"}],"wp:attachment":[{"href":"https:\/\/isef2-caba.infd.edu.ar\/sitio\/wp-json\/wp\/v2\/media?parent=1243"}],"curies":[{"name":"wp","href":"https:\/\/api.w.org\/{rel}","templated":true}]}}