{"id":1241,"date":"2018-06-29T17:20:36","date_gmt":"2018-06-29T20:20:36","guid":{"rendered":"https:\/\/isef2-caba.infd.edu.ar\/sitio\/recursantes\/"},"modified":"2019-03-18T08:33:26","modified_gmt":"2019-03-18T11:33:26","slug":"recursantes","status":"publish","type":"page","link":"https:\/\/isef2-caba.infd.edu.ar\/sitio\/recursantes\/","title":{"rendered":"Recursantes (Confirmaci\u00f3n)"},"content":{"rendered":"<p>Ingresar al siguiente enlace para ver el listado de materias asignadas:<\/p>\n<p><img decoding=\"async\" loading=\"lazy\" title=\"\" src=\"https:\/\/isef2-caba.infd.edu.ar\/sitio\/wp-content\/uploads\/2018\/06\/LOGO_INGRESAR.png\" alt=\"\" width=\"203\" height=\"61\" border=\"0\" \/><\/p>\n<p>Pasos a seguir:<\/p>\n<p>1- Ver en el listado si fue asignada la materia solicitada<\/p>\n<p>2- comprar en fotocopiadora el formulario de matriculaci\u00f3n (2 copias). Tambi\u00e9n se puede descargar al final de esta p\u00e1gina<\/p>\n<p>3- Confirmar en bedel\u00eda las materias asignadas.<\/p>\n<p>La materia deber\u00e1 ser confirmada en bedel\u00eda hasta el Lunes 25\/03. Una vez entregado el formulario de matriculaci\u00f3n\u00a0(2 copias) ya puede comenzar a cursar y se tomar\u00e1 asistencia.<\/p>\n<p>Si por algun motivo no puede continuar cursando se deber\u00e1 renunciar a la vacante asignada hasta el\u00a0 30\/05. Caso contrario no podr\u00e1 rendir dicha c\u00e1tedra en el mes de Diciembre como complementario y perder\u00e1 la prioridad para solicitar recursar en el a\u00f1o 2020.<\/p>\n<p>El alumno recursante puede presentarse a rendir como PREVIO\/LIBRE (si complet\u00f3 la cursada de la materia al menos una vez) en las mesas de agosto. En el caso de aprobar se dar\u00e1 de baja a la vacante.<\/p>\n<p>Formulario de Matriculaci\u00f3n Recursantes 2019 (Presentar 2 copias)<\/p>\n<p><a href=\"https:\/\/docs.google.com\/spreadsheets\/d\/e\/2PACX-1vSdGKPVpn9iX7OZcSpaADrexkEM1wtVWb_mDu0PJ92PHdXY5sxcxXvcHgiVlIqj5KTIpnOHTmHrzxN8\/pubhtml\">Listado de Materias y c\u00f3digos.<\/a><\/p>\n","protected":false},"excerpt":{"rendered":"<p>Ingresar al siguiente enlace para ver el listado de materias asignadas: Pasos a seguir: 1- Ver en el listado si fue asignada la materia solicitada 2- comprar en fotocopiadora el formulario de matriculaci\u00f3n (2 copias). Tambi\u00e9n se puede descargar al final de esta p\u00e1gina 3- Confirmar en bedel\u00eda las materias asignadas. La materia deber\u00e1 ser &#8230; <a title=\"Recursantes (Confirmaci\u00f3n)\" class=\"read-more\" href=\"https:\/\/isef2-caba.infd.edu.ar\/sitio\/recursantes\/\" aria-label=\"More on Recursantes (Confirmaci\u00f3n)\">[+]<\/a><\/p>\n","protected":false},"author":1468,"featured_media":0,"parent":0,"menu_order":0,"comment_status":"closed","ping_status":"closed","template":"","meta":[],"acf":[],"_links":{"self":[{"href":"https:\/\/isef2-caba.infd.edu.ar\/sitio\/wp-json\/wp\/v2\/pages\/1241"}],"collection":[{"href":"https:\/\/isef2-caba.infd.edu.ar\/sitio\/wp-json\/wp\/v2\/pages"}],"about":[{"href":"https:\/\/isef2-caba.infd.edu.ar\/sitio\/wp-json\/wp\/v2\/types\/page"}],"author":[{"embeddable":true,"href":"https:\/\/isef2-caba.infd.edu.ar\/sitio\/wp-json\/wp\/v2\/users\/1468"}],"replies":[{"embeddable":true,"href":"https:\/\/isef2-caba.infd.edu.ar\/sitio\/wp-json\/wp\/v2\/comments?post=1241"}],"version-history":[{"count":3,"href":"https:\/\/isef2-caba.infd.edu.ar\/sitio\/wp-json\/wp\/v2\/pages\/1241\/revisions"}],"predecessor-version":[{"id":1860,"href":"https:\/\/isef2-caba.infd.edu.ar\/sitio\/wp-json\/wp\/v2\/pages\/1241\/revisions\/1860"}],"wp:attachment":[{"href":"https:\/\/isef2-caba.infd.edu.ar\/sitio\/wp-json\/wp\/v2\/media?parent=1241"}],"curies":[{"name":"wp","href":"https:\/\/api.w.org\/{rel}","templated":true}]}}