{"id":1231,"date":"2018-06-29T17:20:33","date_gmt":"2018-06-29T20:20:33","guid":{"rendered":"https:\/\/isef2-caba.infd.edu.ar\/sitio\/activa-salud\/"},"modified":"2025-07-07T12:21:59","modified_gmt":"2025-07-07T15:21:59","slug":"activa-salud","status":"publish","type":"page","link":"https:\/\/isef2-caba.infd.edu.ar\/sitio\/activa-salud\/","title":{"rendered":"Activa Salud"},"content":{"rendered":"<div>\n<div>\n<p>Gran clase Intergeneracional e Interdisciplinaria<\/p>\n<p>Programa Activa Salud<br \/>\nEstudiantes del ISEF Dickens<br \/>\nDoctores del Posgrado en Medicina del Deporte de la UBA<br \/>\nFundaci\u00f3n Rafam Argentina<\/p>\n<p>&nbsp;<\/p>\n<p><img decoding=\"async\" loading=\"lazy\" class=\"aligncenter size-medium wp-image-2382\" src=\"https:\/\/isef2-caba.infd.edu.ar\/sitio\/wp-content\/uploads\/2019\/11\/Activa-Salud-10-2019-3-1000x488.jpeg\" alt=\"\" width=\"1000\" height=\"488\" srcset=\"https:\/\/isef2-caba.infd.edu.ar\/sitio\/wp-content\/uploads\/2019\/11\/Activa-Salud-10-2019-3-1000x488.jpeg 1000w, https:\/\/isef2-caba.infd.edu.ar\/sitio\/wp-content\/uploads\/2019\/11\/Activa-Salud-10-2019-3-768x374.jpeg 768w, https:\/\/isef2-caba.infd.edu.ar\/sitio\/wp-content\/uploads\/2019\/11\/Activa-Salud-10-2019-3.jpeg 1280w\" sizes=\"(max-width: 1000px) 100vw, 1000px\" \/><\/p>\n<p><img decoding=\"async\" loading=\"lazy\" class=\"aligncenter size-medium wp-image-2383\" src=\"https:\/\/isef2-caba.infd.edu.ar\/sitio\/wp-content\/uploads\/2019\/11\/Activa-Salud-10-2019-4-1000x488.jpeg\" alt=\"\" width=\"1000\" height=\"488\" srcset=\"https:\/\/isef2-caba.infd.edu.ar\/sitio\/wp-content\/uploads\/2019\/11\/Activa-Salud-10-2019-4-1000x488.jpeg 1000w, https:\/\/isef2-caba.infd.edu.ar\/sitio\/wp-content\/uploads\/2019\/11\/Activa-Salud-10-2019-4-768x374.jpeg 768w, https:\/\/isef2-caba.infd.edu.ar\/sitio\/wp-content\/uploads\/2019\/11\/Activa-Salud-10-2019-4.jpeg 1280w\" sizes=\"(max-width: 1000px) 100vw, 1000px\" \/><\/p>\n<p><img decoding=\"async\" loading=\"lazy\" class=\"aligncenter size-medium wp-image-2384\" src=\"https:\/\/isef2-caba.infd.edu.ar\/sitio\/wp-content\/uploads\/2019\/11\/Activa-Salud-10-2019-1-1000x563.jpeg\" alt=\"\" width=\"1000\" height=\"563\" srcset=\"https:\/\/isef2-caba.infd.edu.ar\/sitio\/wp-content\/uploads\/2019\/11\/Activa-Salud-10-2019-1-1000x563.jpeg 1000w, https:\/\/isef2-caba.infd.edu.ar\/sitio\/wp-content\/uploads\/2019\/11\/Activa-Salud-10-2019-1-768x432.jpeg 768w, https:\/\/isef2-caba.infd.edu.ar\/sitio\/wp-content\/uploads\/2019\/11\/Activa-Salud-10-2019-1.jpeg 1280w\" sizes=\"(max-width: 1000px) 100vw, 1000px\" \/><\/p>\n<p><img decoding=\"async\" loading=\"lazy\" class=\"aligncenter size-medium wp-image-2381\" src=\"https:\/\/isef2-caba.infd.edu.ar\/sitio\/wp-content\/uploads\/2019\/11\/Activa-Salud-10-2019-2-563x1000.jpeg\" alt=\"\" width=\"563\" height=\"1000\" srcset=\"https:\/\/isef2-caba.infd.edu.ar\/sitio\/wp-content\/uploads\/2019\/11\/Activa-Salud-10-2019-2-563x1000.jpeg 563w, https:\/\/isef2-caba.infd.edu.ar\/sitio\/wp-content\/uploads\/2019\/11\/Activa-Salud-10-2019-2.jpeg 720w\" sizes=\"(max-width: 563px) 100vw, 563px\" \/><\/p>\n<\/div>\n<div><\/div>\n<div>\n<p>D\u00eda Mundial de las Personas Mayores 2018<\/p>\n<\/div>\n<div><\/div>\n<div>El Profesorado de Educaci\u00f3n F\u00edsica F. W. Dickens junto a la Fundaci\u00f3n Rafam Argentina llevaron a cabo el encuentro por el D\u00eda Mundial de las Personas Mayores el domingo 7 de octubre en el gimnasio Torrecillas de la instituci\u00f3n.<\/div>\n<div>El el encuentro participaron estudiantes de educaci\u00f3n f\u00edsica del ISEF DICKENS, del Instituto Sagrado coraz\u00f3n de Boulogne, del Puef UNLU Y DE la Undav conjuntamente con personas mayores de distintos programas de Actividad F\u00edsica de la Fundaci\u00f3n Rafam Argentina .<\/div>\n<div><\/div>\n<div>Felicitamos a todos los estudiantes por sundesencolvimiento tan profesional y agradecemos al rector del ISEF DICKENS Lic. Oscar coso acompa\u00f1ar las acciones de la Fundaci\u00f3n para mejorar la calidad de vida de las personas mayores.<\/div>\n<div><\/div>\n<div>Mg. Silvia Maranzano<\/div>\n<div>Presidente<\/div>\n<div>Fundaci\u00f3n Rafam Argentina y Rafam Internacional<\/div>\n<div><img decoding=\"async\" loading=\"lazy\" class=\"aligncenter\" src=\"https:\/\/lh3.googleusercontent.com\/ks1gyWBVTUs24bkFthgJJhskUQjf8vixFmsRNF3piLiWAt05rsBCjuhfPMVxa4eyscGfixxIQtRS1DKatYR_hl3eg9k0sGDFH6shZoXVmHthR7k2ZWWxDBKuFgL1Znwe4p0LTLFZcA=w2400\" alt=\"\" width=\"1035\" height=\"582\"><\/div>\n<div><\/div>\n<\/div>\n<div><img decoding=\"async\" loading=\"lazy\" class=\"aligncenter\" src=\"https:\/\/lh3.googleusercontent.com\/0o7xS4nbWlDR28CX0NtBdfri0mdfx_H4vNhf6QlZgTPa6Pk09veOYcEbDR6vTD0PsYSL6a0by-9luEWlK2wI_4yTXnlBaTv6g-UAe94fjP3CsLWLa0ype6doOC2sRSMAWnaXEeJjFA=w2400\" alt=\"\" width=\"1041\" height=\"586\"><\/div>\n<div>\n<hr>\n<p>Campa\u00f1a Mundial Abrazame te Necesito Abracemos al Planeta 2018<\/p>\n<p>&nbsp;<\/p>\n<hr>\n<p>&nbsp;<\/p>\n<p style=\"text-align: center;\">&nbsp;&nbsp;<img decoding=\"async\" title=\"logo\" src=\"https:\/\/isef2-caba.infd.edu.ar\/sitio\/wp-content\/uploads\/2018\/06\/logo_activa_salud.jpg\" alt=\"logo\" border=\"0\"><\/p>\n<p style=\"text-align: justify;\">Activa Salud es un Programa de Actividad F\u00edsica para Adultos Mayores de 50 a\u00f1os. Surge en el a\u00f1o 2005 bajo la necesidad de generar un espacio en la comunidad educativa del Instituto Superior de Educaci\u00f3n F\u00edsica Federico Williams Dickens&nbsp; de practica pedag\u00f3gica en Educaci\u00f3n no Formal en los alumnos que cursan la asignatura AFATE (Actividad F\u00edsica para el Adulto y la Tercera Edad) y de esta forma promover h\u00e1bitos de vida saludable en los mayores de 50 a\u00f1os para preservar su autonom\u00eda.<\/p>\n<p style=\"text-align: justify;\">La actividad fue convocante y en el a\u00f1o 2007 pasamos a formar parte de la RAFA-PANA, Red de Actividad F\u00edsica de las Am\u00e9ricas con la cual nos alineamos en la promoci\u00f3n de salud a trav\u00e9s del ejercicio f\u00edsico para mejorar la calidad de vida con instituciones como el ACSM, CDC, Celafiscs, IHUPE.<\/p>\n<p style=\"text-align: justify;\">En el a\u00f1o 2008 Activa Salud es uno de los Programas que integra la RAAF, Red Argentina de Actividad F\u00edsica y participamos promoviendo la actividad y la instituci\u00f3n en&nbsp; distintos eventos que se organizan como el \u201cD\u00eda Mundial de la Actividad F\u00edsica\u201d, \u201cD\u00eda Mundial de la Salud\u201d.<\/p>\n<p style=\"text-align: justify;\">En esta oportunidad comenzamos a festejar el \u201cD\u00eda Mundial de las Personas Mayores\u201d (1er. domingo de octubre) en el que se lleva a cabo una clase de gimnasia integradora y un circuito de salud.<\/p>\n<p style=\"text-align: justify;\">En el a\u00f1o 2009 participamos en la Feria Mundial de Municipios Saludables y entre otras participaciones realizamos la 2da edici\u00f3n del D\u00eda Mundial de las Personas Mayores.<\/p>\n<p style=\"text-align: justify;\">Metas 2010<\/p>\n<ul>\n<li style=\"text-align: justify;\">Sumar instituciones a nuestras actividades.<\/li>\n<li style=\"text-align: justify;\">Promover Activa Salud&nbsp; en la comunidad como Programa que funciona en una Instituci\u00f3n Superior de Formacion Docente.<\/li>\n<li style=\"text-align: justify;\">Construir espacios de cooperaci\u00f3n mutua entre instituciones.<\/li>\n<li style=\"text-align: justify;\">Comenzar a desarrollar una Red de Actividad F\u00edsica para personas Mayores de 50 a\u00f1os con la participaci\u00f3n de profesores que cursan la especialidad en Salud, del ISEF F W Dickens.<\/li>\n<li style=\"text-align: justify;\">3ra Edici\u00f3n del D\u00eda Mundial de las Personas Mayores.<\/li>\n<li style=\"text-align: justify;\">Informar a la comunidad&nbsp; de los beneficios de la pr\u00e1ctica de actividad f\u00edsica con charlas dictadas por profesionales en el tema.<\/li>\n<\/ul>\n<\/div>\n","protected":false},"excerpt":{"rendered":"<p>Gran clase Intergeneracional e Interdisciplinaria Programa Activa Salud Estudiantes del ISEF Dickens Doctores del Posgrado en Medicina del Deporte de la UBA Fundaci\u00f3n Rafam Argentina &nbsp; D\u00eda Mundial de las Personas Mayores 2018 El Profesorado de Educaci\u00f3n F\u00edsica F. W. Dickens junto a la Fundaci\u00f3n Rafam Argentina llevaron a cabo el encuentro por el D\u00eda &#8230; <a title=\"Activa Salud\" class=\"read-more\" href=\"https:\/\/isef2-caba.infd.edu.ar\/sitio\/activa-salud\/\" aria-label=\"More on Activa Salud\">[+]<\/a><\/p>\n","protected":false},"author":1468,"featured_media":0,"parent":0,"menu_order":0,"comment_status":"closed","ping_status":"closed","template":"","meta":[],"acf":[],"_links":{"self":[{"href":"https:\/\/isef2-caba.infd.edu.ar\/sitio\/wp-json\/wp\/v2\/pages\/1231"}],"collection":[{"href":"https:\/\/isef2-caba.infd.edu.ar\/sitio\/wp-json\/wp\/v2\/pages"}],"about":[{"href":"https:\/\/isef2-caba.infd.edu.ar\/sitio\/wp-json\/wp\/v2\/types\/page"}],"author":[{"embeddable":true,"href":"https:\/\/isef2-caba.infd.edu.ar\/sitio\/wp-json\/wp\/v2\/users\/1468"}],"replies":[{"embeddable":true,"href":"https:\/\/isef2-caba.infd.edu.ar\/sitio\/wp-json\/wp\/v2\/comments?post=1231"}],"version-history":[{"count":5,"href":"https:\/\/isef2-caba.infd.edu.ar\/sitio\/wp-json\/wp\/v2\/pages\/1231\/revisions"}],"predecessor-version":[{"id":4845,"href":"https:\/\/isef2-caba.infd.edu.ar\/sitio\/wp-json\/wp\/v2\/pages\/1231\/revisions\/4845"}],"wp:attachment":[{"href":"https:\/\/isef2-caba.infd.edu.ar\/sitio\/wp-json\/wp\/v2\/media?parent=1231"}],"curies":[{"name":"wp","href":"https:\/\/api.w.org\/{rel}","templated":true}]}}