{"id":1214,"date":"2018-06-29T17:20:27","date_gmt":"2018-06-29T20:20:27","guid":{"rendered":"https:\/\/isef2-caba.infd.edu.ar\/sitio\/historia-2\/"},"modified":"2025-06-06T14:22:00","modified_gmt":"2025-06-06T17:22:00","slug":"historia-2","status":"publish","type":"page","link":"https:\/\/isef2-caba.infd.edu.ar\/sitio\/historia-2\/","title":{"rendered":"Historia(en construccion)"},"content":{"rendered":"\n<h2 class=\"wp-block-heading\" style=\"font-size:38px;line-height:1.4\">Creaci\u00f3n<\/h2>\n\n\n\n<div class=\"wp-block-columns is-layout-flex wp-container-3\">\n<div class=\"wp-block-column is-layout-flow\">\n<p style=\"font-size:16px\">El Instituto Nacional de Educaci\u00f3n F\u00edsica de Capital Federal, dependiente de la entonces Direcci\u00f3n Nacional de Educaci\u00f3n F\u00edsica Deportes y Recreaci\u00f3n del Ministerio de Educaci\u00f3n fue creado en Parque Chacabuco por resoluci\u00f3n N\u00ba 919 de fecha 11\/04\/1985 durante la presidencia del Dr. Ra\u00fal Alfons\u00edn. Se le impone el nombre de \u00abFederico W. Dickens\u00bb por resoluci\u00f3n 973\/86 firmado por el Dr. Alconada Arambur\u00fa, Ministro de Educaci\u00f3n y Justicia.<\/p>\n\n\n\n<h2 class=\"wp-block-heading\" style=\"font-size:38px;line-height:1.4\">El predio propio, un trabajo entre todos<\/h2>\n<\/div>\n\n\n\n<div class=\"wp-block-column is-layout-flow\">\n<p style=\"font-size:16px\">Esta Instituci\u00f3n fue transferida a la Municipalidad de la Ciudad de Buenos Aires a partir del 1\u00ba de enero de 1994, seg\u00fan Acta Complementaria N\u00ba4 (Convenio de transferencia de los Servicios Educativos Nacionales ubicados en el territorio de la Municipalidad).A partir del 5 de noviembre de 1996, las autoridades del Instituto son elegidas por votaci\u00f3n de todos los claustros, seg\u00fan resoluci\u00f3n 1884\/96.<\/p>\n<\/div>\n<\/div>\n\n\n\n<div class=\"wp-block-columns is-layout-flex wp-container-6\">\n<div class=\"wp-block-column is-layout-flow\">\n<p style=\"font-size:16px\">El d\u00eda 9 de octubre de 1997, el Jefe de Gobierno &#8211; Dr. Fernando de la R\u00faa -, el Secretario de Educaci\u00f3n &#8211; Dr. Horacio Sanguinetti &#8211; y el Secretario de Promoci\u00f3n Social &#8211; Ing. Rafael Kohanoff- de la Ciudad de Buenos Aires, firmaron el decreto N\u00ba 1433\/97 por el cual se le da el uso de las instalaciones del sector &#8216;viejo&#8217; (el que da a la Calle Curapalig\u00fce al 1150) del Parque Chacabuco a nuestro Instituto.Este logro es fruto de una lucha iniciada a principios de 1996, y con actividades intensificadas en los \u00faltimos meses de 1997 que tuvieron su m\u00e1xima expresi\u00f3n durante la semana en la cual se realizaron clases en la Plaza de Mayo y frente a la sede del Gobierno de la Ciudad de Buenos Aires, culminando con actividades deportivas y recreativas en Av. de Mayo, al pie del Cabildo.<\/p>\n\n\n\n<p style=\"font-size:16px\">El Instituto Nacional de Educaci\u00f3n F\u00edsica de Capital Federal, dependiente de la entonces Direcci\u00f3n Nacional de Educaci\u00f3n F\u00edsica Deportes y Recreaci\u00f3n del Ministerio de Educaci\u00f3n fue creado en Parque Chacabuco por resoluci\u00f3n N\u00ba 919 de fecha 11\/04\/1985 durante la presidencia del Dr. Ra\u00fal Alfons\u00edn. Se le impone el nombre de \u00abFederico W. Dickens\u00bb por resoluci\u00f3n 973\/86 firmado por el Dr. Alconada Arambur\u00fa, Ministro de Educaci\u00f3n y Justicia.<\/p>\n\n\n\n<h2 class=\"wp-block-heading\" style=\"font-size:38px;line-height:1.4\">El presente<\/h2>\n<\/div>\n\n\n\n<div class=\"wp-block-column is-layout-flow\">\n<p style=\"font-size:16px\">Para entender la magnitud de este acontecimiento, es la primera vez en la historia que el gobierno de la Ciudad cede un espacio propio a un Instituto de Educaci\u00f3n F\u00edsica. Este es un paso gigante para la educaci\u00f3n p\u00fablica y para la Educaci\u00f3n F\u00edsica Argentina en particular.Esto fue posible gracias al accionar de toda la comunidad educativa: estudiantes, docentes, no docentes, egresados y personal directivo y a la buena voluntad de las autoridades del Gobierno de la Ciudad.<\/p>\n<\/div>\n<\/div>\n\n\n\n<div class=\"wp-block-columns is-layout-flex wp-container-9\">\n<div class=\"wp-block-column is-layout-flow\">\n<p>A partir del 22 de abril de 1998 se iniciaron las clases en el predio de Curapalig\u00fce 1150 y el 14 de setiembre se inauguraron oficialmente las obras con la presencia del Secretario de Educaci\u00f3n Prof. Mario Giannoni y del Director de Deportes del Gobierno de la Ciudad de Buenos Aires, Dr. Santiago Leyden.<\/p>\n\n\n\n<p>A partir del ciclo lectivo 2000 se logr\u00f3 hacer efectiva la construcci\u00f3n de un gimnasio debajo de la autopista para la utilizaci\u00f3n exclusiva del Instituto, el cual fue inaugurado oficialmente por el Jefe de Gobierno de la Ciudad de Buenos Aires Dr. Enrique Olivera y el Secretario de Educaci\u00f3n Prof. Mario Giannoni.<\/p>\n<\/div>\n\n\n\n<div class=\"wp-block-column is-layout-flow\"><div class=\"wp-block-image\">\n<figure class=\"alignright size-large is-resized\"><img decoding=\"async\" loading=\"lazy\" src=\"https:\/\/isef2-caba.infd.edu.ar\/sitio\/wp-content\/uploads\/2018\/06\/imagen_Dickens.jpg\" alt=\"\" width=\"302\" height=\"445\"\/><\/figure><\/div><\/div>\n<\/div>\n\n\n\n<div class=\"wp-block-columns is-layout-flex wp-container-13\">\n<div class=\"wp-block-column is-layout-flow\">\n<p>\u201cNo vine como elaborador de triunfos ni como productor de resultados. Vine para demostrar que el deporte forma caballeros, que limpia por fuera y por dentro cuando se lo practica con honor y dignidad. Que aleja del vicio. Que m\u00e1s all\u00e1 de las marcas y t\u00edtulos hay cosas mucho m\u00e1s importantes como el equilibrio y la dignidad, que llegan con el placer de competir. Los t\u00edtulos y las marcas se pueden contabilizar y por lo tanto superar. Aquellas, en cambio, son conquistas definitivas.\u201d<\/p>\n<\/div>\n\n\n\n<div class=\"wp-block-column is-layout-flow\">\n<p>\u201cLos hombres no son mejores cuando marcan en la pista un segundo menos o en la cancha un punto m\u00e1s. Los hombres son mejores cuando se sienten capaces de darle un abrazo al rival. Acepto al caballero, rechazo al simple campe\u00f3n.\u201d<\/p>\n\n\n\n<div class=\"wp-block-columns is-layout-flex wp-container-11\"><\/div>\n<\/div>\n<\/div>\n\n\n\n<hr class=\"wp-block-separator has-alpha-channel-opacity\"\/>\n\n\n\n<h2 class=\"wp-block-heading\">Trayectoria profesional de Federico W. Dickens<\/h2>\n\n\n\n<div class=\"wp-block-columns is-layout-flex wp-container-16\">\n<div class=\"wp-block-column is-layout-flow\">\n<p>Federico W. Dickens fue maestro de juventudes, pero tambi\u00e9n de maestros. Pocos hombres tuvieron tan importante influencia en la formaci\u00f3n de destacados deportistas, profesionales de alto nivel, y en la difusi\u00f3n de importantes deportes como Nataci\u00f3n, Basquetbol, Beisbol y particularmente Atletismo, al que aplic\u00f3 los conceptos del entrenamiento cient\u00edfico. Con su gu\u00eda las delegaciones argentinas obtuvieron resonantes \u00e9xitos, por lo que el lapso de tiempo en que tuvo a su cargo nuestros equipos representativos fue llamado \u00abla \u00e9poca de oro del Atletismo argentino\u00bb.<\/p>\n\n\n\n<p>Dickens naci\u00f3 en Arkansas, Estados Unidos de Norteam\u00e9rica, el d\u00eda 14 de setiembre de 1889. Se gradu\u00f3 en Educaci\u00f3n F\u00edsica en el Springfield College de Massachusetts, Universidad perteneciente a la Asociaci\u00f3n Cristiana de J\u00f3venes (Y.M.C.A.), casa de altos estudios abierta a la comunidad, dedicada al desarrollo integral de las personas. \u201cEl alma, la mente y el cuerpo del hombre conforman una unidad y deben cultivarse arm\u00f3nicamente, para lograr individuos sanos y con un sentimiento altruista de la vida.\u201d Este ideal est\u00e1 simbolizado por un tri\u00e1ngulo equil\u00e1tero, que es el emblema de la Y.M.C.A. en todo el mundo. Estos conceptos inspiraron permanentemente a Dickens, y son la clave, junto con su rica personalidad, de la trascendencia de su labor.<\/p>\n<\/div>\n\n\n\n<div class=\"wp-block-column is-layout-flow\">\n<p>Dickens lleg\u00f3 a la Argentina en el a\u00f1o 1920 y asumi\u00f3 el cargo de Director del Departamento de Educaci\u00f3n F\u00edsica de la Asociaci\u00f3n Cristiana de J\u00f3venes de Buenos Aires, cargo que ejerci\u00f3 hasta 1928, formando muchos l\u00edderes que tuvieron destacada actuaci\u00f3n en la Instituci\u00f3n y fuera de ella.<\/p>\n\n\n\n<p>Tras varios a\u00f1os de actuaci\u00f3n en Chile, retorn\u00f3 a nuestro pa\u00eds \u2013 su segunda patria \u2013 y se hizo cargo de la Direcci\u00f3n del Departamento de Educaci\u00f3n F\u00edsica del Ateneo de la Juventud, permaneciendo en el cargo entre los a\u00f1os 1938 y 1942. Tambi\u00e9n en el Ateneo cumpli\u00f3 una tarea de honda repercusi\u00f3n, afirmando su condici\u00f3n de \u00abMaestro de Juventudes\u00bb.<\/p>\n\n\n\n<p>Otras tres importantes instituciones lo contaron como colaborador: el Club Universitario de Buenos Aires, donde se desempe\u00f1\u00f3 como Director Gerente entre 1942 y 1944; la Universidad Nacional de Tucum\u00e1n desde 1948 hasta 1952, actuando como Director de Educaci\u00f3n F\u00edsica; y el club Comunicaciones en el que dirigi\u00f3 el Departamento de Educaci\u00f3n F\u00edsica en el per\u00edodo 1952-1953.<\/p>\n\n\n\n<p>En su primera \u00e9poca en Argentina, Dickens fue Asesor T\u00e9cnico del Comit\u00e9 Ol\u00edmpico Argentino y Jefe de Entrenadores de los equipos que representaron al pa\u00eds en atletismo. As\u00ed acompa\u00f1\u00f3 a los deportistas que compitieron en los campeonatos sudamericanos entre los a\u00f1os 1922 y 1931 y en los Juegos Ol\u00edmpicos de Par\u00eds en 1924 y Amsterdam en 1928.<\/p>\n\n\n\n<p>Fue representante de la Fundaci\u00f3n Interamericana de Educaci\u00f3n de la Oficina de Asuntos Interamericanos del Departamento de Estado de EE.UU., entre 1946 y 1948. En el per\u00edodo 1954-1955 pronunci\u00f3 conferencias en Argentina, Chile, Bolivia, Paraguay y Cuba. Como coordinador de los Juegos Panamericanos, realizados en Chicago (EE.UU.), visit\u00f3 26 pa\u00edses entre los a\u00f1os 1957 y 1959.<\/p>\n\n\n\n<p>En ocasi\u00f3n de su \u00faltima visita a nuestro pa\u00eds, en noviembre de 1965, firm\u00f3 el acta de constituci\u00f3n de la Fundaci\u00f3n Juan Gast\u00f3n Vignes, siendo designado Miembro Honorario N\u00ba 1.<\/p>\n\n\n\n<p>Sirvi\u00f3 a la Argentina a trav\u00e9s de medio siglo. Su nombre estar\u00e1 por siempre ligado a la Educaci\u00f3n F\u00edsica, y el Deporte en nuestro pa\u00eds, ejemplo de consagraci\u00f3n a la formaci\u00f3n de deportistas y de maestros en el Instituto Nacional de Educaci\u00f3n F\u00edsica del que fue profesor y Jefe de Profesores entre 1939 y 1948. Falleci\u00f3 en Washington, EE.UU., el 5 de julio de 1974.<\/p>\n<\/div>\n<\/div>\n\n\n\n<h2 class=\"wp-block-heading\">Testimonios<\/h2>\n\n\n\n<div class=\"wp-block-columns is-layout-flex wp-container-19\">\n<div class=\"wp-block-column is-layout-flow\">\n<p>Fragmentos de discursos pronunciados en actos vinculados a la \u00faltima visita de Mr. Dickens a la Argentina (1965) y en homenajes con motivo de su fallecimiento (1977).<\/p>\n\n\n\n<p>\u00abDickens vigoriz\u00f3 una formaci\u00f3n integral, una educaci\u00f3n cuyo centro deb\u00eda ser el joven y no la simple transmisi\u00f3n de conocimientos\u2026 Con su infinita bondad leg\u00f3 al coraz\u00f3n de sus atletas\u2026 La amistad es la uni\u00f3n del alma de dos personas virtuosas, porque los malos s\u00f3lo tienen c\u00f3mplices, los interesados socios, los pr\u00edncipes cortesanos, los voluptuosos compa\u00f1eros de vicio; s\u00f3lo los hombres honrados tienen amigos. Por esa poderosa raz\u00f3n, Federico Dickens, rodeamos a Ud. y a su se\u00f1ora con el profundo afecto y admiraci\u00f3n que provocan los hombres honrados y virtuosos como Ud.\u00bb<\/p>\n\n\n\n<p>Prof. C\u00e9sar V\u00e1zquez, primer Director General de Educaci\u00f3n F\u00edsica de la Rep\u00fablica Argentina. Diciembre 20 de 1965.<\/p>\n\n\n\n<p>\u00abLo conoc\u00ed y trat\u00e9 desde muy cerca durante a\u00f1os, como participante en competencias deportivas, como observador sediento de recoger toda su calidad de hombre poco com\u00fan y como profesor del siempre querido I.N.E.F., donde fui compa\u00f1ero de este gigante. Su palabra consejera y alentadora inspiraba confianza, respeto y tranquilidad, y as\u00ed fue sembrando una caravana interminable de atletas y maestros que, como los p\u00e1jaros y las flores cubren el territorio de la Naci\u00f3n.\u00bb<\/p>\n\n\n\n<p>Prof. y deportista Ra\u00fal Landini. Setiembre 5 de 1977.<\/p>\n\n\n\n<p>\u00abMe animo a afirmar que es el fundador del deporte argentino\u2026 porque es la primera gran personalidad que tuvo nuestro deporte\u2026 porque se\u00f1al\u00f3 nuevos caminos, porque fue un modelo, respondiendo a una concepci\u00f3n coherente y esmerada de la conducta deportiva\u2026 porque su esfuerzo, por primera vez, tuvimos la imagen de un deporte argentino fuerte y poderoso, capaz de competir en un pi\u00e9 de igualdad con el de los dem\u00e1s pa\u00edses, por la seguridad y empuje de sus atletas que actuaban con dinamismo insospechado\u2026 Fue fundador porque fue pionero del deporte grande, porque en todas las instituciones en las cuales actu\u00f3 dej\u00f3 siempre afirmado un pedestal sobre bases gran\u00edticas, sobre el cual los seguidores pod\u00edan construir el deporte del futuro.\u00bb<\/p>\n\n\n\n<p>Prof. Enrique Romero Brest. Setiembre 6 de 1974.<\/p>\n<\/div>\n\n\n\n<div class=\"wp-block-column is-layout-flow\">\n<p>\u00abHombre singular, con estilo did\u00e1ctico propio y efectivo y en el que lo cognoscitivo y lo intuitivo en el entrenamiento f\u00edsico y psicol\u00f3gico de atletas y deportistas, emanaba en muchas ocasiones de una fuente oculta de inspiraci\u00f3n\u2026 Su capacidad t\u00e9cnica era m\u00faltiple. Desde una vibrante clase de calistenia, hasta la capacidad para exigir el esfuerzo atl\u00e9tico persistente, total, casi dram\u00e1tico, exitoso, bordeando y el r\u00e9cord o logr\u00e1ndolo\u00bb.<\/p>\n\n\n\n<p>Prof. Inspector Alfredo Loughlin Setiembre 7 de 1977.<\/p>\n\n\n\n<p>\u00abUna de esas tardes, nuestro Director nos present\u00f3 a Mr. Dickens, y ese ha de haber sido uno de los m\u00e1s importantes de nuestras vidas, porque enseguida algunos, m\u00e1s lentamente otros, pudimos advertir que est\u00e1bamos ante un hacedor de hombres\u2026 porque model\u00f3 e hizo\u2026 Era tambi\u00e9n t\u00e9cnico de alto fuste, diestro para ense\u00f1ar los fundamentos y los secretos \u00edntimos de los deportes\u2026 capaz d armar en pocos meses, con muchachos comunes, equipos fuertes, bien unidos, dispuestos a luchas con virilidad y limpieza y haciendo gala de las t\u00e9cnicas m\u00e1s avanzadas. Creo que la clave para comprender mejor a Mr. Dickens est\u00e1 tambi\u00e9n en sus propias palabras: \u2018Lo que da uno es lo que recibe. El amor refleja el amor\u2019.\u00bb<\/p>\n\n\n\n<p>Prof. Jorge Sarav\u00ed Rivi\u00e8re. Setiembre 7 de 1977.<\/p>\n\n\n\n<p>\u00abLas tres d\u00e9cadas que corrieron entre los a\u00f1os 1920-1950 lo consagraron como el padre de nuestros deportes m\u00e1s puros: atletismo, b\u00e1squetbol, voleibol, s\u00f3ftbol, b\u00e9isbol, rugby. Hace pocos d\u00edas en la cena de Asociaci\u00f3n Cristiana de J\u00f3venes, dije que Mr. Dickens es la personificaci\u00f3n m\u00e1s perfecta que he conocido, del s\u00edmbolo de dicha entidad mundial, el tri\u00e1ngulo que significa alma, mente y cuerpo. Tres puntales sobre los que \u00e9l busc\u00f3 orientar su vida y la de sus semejantes, y dig\u00e1moslo: lo consigui\u00f3\u00bb.<\/p>\n\n\n\n<p>Sr. Livingston Franklin Mitchell. Octubre 19 de 1965.<\/p>\n\n\n\n<p>El 1\u00ba de octubre de 1986 se cumpli\u00f3 la ceremonia oficial en que se impuso oficialmente el nombre de \u00abFederico W. Dickens\u00bb al Instituto Nacional de Educaci\u00f3n F\u00edsica N\u00ba 2.<\/p>\n\n\n\n<p>Especialmente invitados por la Comisi\u00f3n de Homenaje estuvieron presente los cinco hijos de Mr. Dickens: Joyce, Cornellie, Federico, Samuel y Carlos, dos de ellos nacidos en Argentina y residentes todos en Estados Unidos de Norteam\u00e9rica.<\/p>\n<\/div>\n<\/div>\n","protected":false},"excerpt":{"rendered":"<p>Creaci\u00f3n El Instituto Nacional de Educaci\u00f3n F\u00edsica de Capital Federal, dependiente de la entonces Direcci\u00f3n Nacional de Educaci\u00f3n F\u00edsica Deportes y Recreaci\u00f3n del Ministerio de Educaci\u00f3n fue creado en Parque Chacabuco por resoluci\u00f3n N\u00ba 919 de fecha 11\/04\/1985 durante la presidencia del Dr. Ra\u00fal Alfons\u00edn. Se le impone el nombre de \u00abFederico W. Dickens\u00bb por &#8230; <a title=\"Historia(en construccion)\" class=\"read-more\" href=\"https:\/\/isef2-caba.infd.edu.ar\/sitio\/historia-2\/\" aria-label=\"More on Historia(en construccion)\">[+]<\/a><\/p>\n","protected":false},"author":1468,"featured_media":0,"parent":0,"menu_order":0,"comment_status":"closed","ping_status":"closed","template":"","meta":[],"acf":[],"_links":{"self":[{"href":"https:\/\/isef2-caba.infd.edu.ar\/sitio\/wp-json\/wp\/v2\/pages\/1214"}],"collection":[{"href":"https:\/\/isef2-caba.infd.edu.ar\/sitio\/wp-json\/wp\/v2\/pages"}],"about":[{"href":"https:\/\/isef2-caba.infd.edu.ar\/sitio\/wp-json\/wp\/v2\/types\/page"}],"author":[{"embeddable":true,"href":"https:\/\/isef2-caba.infd.edu.ar\/sitio\/wp-json\/wp\/v2\/users\/1468"}],"replies":[{"embeddable":true,"href":"https:\/\/isef2-caba.infd.edu.ar\/sitio\/wp-json\/wp\/v2\/comments?post=1214"}],"version-history":[{"count":9,"href":"https:\/\/isef2-caba.infd.edu.ar\/sitio\/wp-json\/wp\/v2\/pages\/1214\/revisions"}],"predecessor-version":[{"id":4789,"href":"https:\/\/isef2-caba.infd.edu.ar\/sitio\/wp-json\/wp\/v2\/pages\/1214\/revisions\/4789"}],"wp:attachment":[{"href":"https:\/\/isef2-caba.infd.edu.ar\/sitio\/wp-json\/wp\/v2\/media?parent=1214"}],"curies":[{"name":"wp","href":"https:\/\/api.w.org\/{rel}","templated":true}]}}