{"id":1197,"date":"2018-06-29T17:20:17","date_gmt":"2018-06-29T20:20:17","guid":{"rendered":"https:\/\/isef2-caba.infd.edu.ar\/sitio\/historia\/"},"modified":"2025-08-20T11:18:50","modified_gmt":"2025-08-20T14:18:50","slug":"historia","status":"publish","type":"page","link":"https:\/\/isef2-caba.infd.edu.ar\/sitio\/historia\/","title":{"rendered":"Historia"},"content":{"rendered":"\n<p>En el marco del Centro de Producci\u00f3n de Conocimiento en Educaci\u00f3n F\u00edsica (PROCEF), espacio destinado a la investigaci\u00f3n en el profesorado y que funciona en el ISEF N\u00ba 2 \u201cProf. Federico W. Dickens\u201d desde el a\u00f1o 2020, durante el transcurso de 2025 -a\u00f1o en que se conmemoran los 40 a\u00f1os de creaci\u00f3n del instituto- se ha llevado adelante un estudio cualitativo de car\u00e1cter exploratorio que busca reconstruir la memoria institucional a partir de los relatos de quienes lo habitaron y lo habitan. El objetivo del estudio en curso <em>Reconstrucci\u00f3n de una memoria institucional: aportes desde las voces de los protagonistas del Instituto Superior de Educaci\u00f3n F\u00edsica Nro. 2 \u201cProf. Federico W. Dickens\u201d <\/em>(Fins, Klein y Moreno, 2025) es indagar los procesos y din\u00e1micas que han configurado, y que siguen modelando, la identidad institucional del ISEF N\u00ba 2, con la intenci\u00f3n de comprender c\u00f3mo esos recorridos hist\u00f3ricos inciden en las pr\u00e1cticas educativas actuales y en los sentidos que estas producen. Es decir, se trata de recuperar la emergencia de diversas voces que permitan evocar experiencias, conflictos, posicionamientos y tensiones en torno a la vida institucional. En este recorrido, proponemos dos l\u00edneas para profundizar en la historia del ISEF N\u00b02 Federico W. Dickens. A continuaci\u00f3n se presenta un breve recorrido hist\u00f3rico en relaci\u00f3n a la creaci\u00f3n institucional y a la figura de Federico W. Dickens<\/p>\n\n\n\n<p><strong>ACERCA DE LA INSTITUCI\u00d3N<\/strong><\/p>\n\n\n\n<p><strong>MOVILIZACIONES PARA ACCEDER A LA EDUCACI\u00d3N<\/strong><\/p>\n\n\n\n<p>El Decreto N\u00ba 1433\/97 , firmado el 9 de octubre de 1997, autoriz\u00f3 el funcionamiento del Instituto de Educaci\u00f3n F\u00edsica N.\u00ba 2 \u00abProf. Federico W. Dickens\u00bb en un sector del Polideportivo Parque Chacabuco. Sin embargo, la historia de nuestro profesorado tiene ra\u00edces previas a ese documento. En una investigaci\u00f3n realizada con anterioridad se concluye que \u201cel retorno de la democracia (finalizada la \u00faltima dictadura c\u00edvico-militar), el clima epocal&nbsp; de&nbsp; ampliaci\u00f3n&nbsp; de&nbsp; derechos (durante el alfonsinismo),&nbsp; los&nbsp; debates&nbsp; incorporados&nbsp; a&nbsp; partir&nbsp; del&nbsp; Congreso Pedag\u00f3gico, las l\u00f3gicas espec\u00edficas estructurales en el ISEF N\u00b01 \u201cE. Romero Brest\u201d (los cupos reducidos) y las luchas estudiantiles en torno al ingreso que all\u00ed se fogonearon (grupo de aspirantes que quedan afuera a pesar de haber aprobado el ingreso), deriv\u00f3 en la necesidad pol\u00edtica de construir otro instituto nacional de Educaci\u00f3n F\u00edsica de gesti\u00f3n estatal en la ciudad de Buenos Aires\u201d. Y es que, posiblemente, sin ninguno de esos componentes, el ISEF N\u00b02 hoy no existir\u00eda. Por eso, el rol de ese grupo de \u201caspirantes de estudiantes\u201d, como ellos mismos se autodenominaron, que se quedaron sin vacantes en el ISEF N\u00b01, sus reclamos, movilizaciones y luchas dieron inicio a un proceso que culmin\u00f3 con la resoluci\u00f3n 919\/85 de creaci\u00f3n del INEF Parque Chacabuco del a\u00f1o 1985.&nbsp;&nbsp;<\/p>\n\n\n\n<p>De acuerdo a la investigaci\u00f3n en curso que se realiza en el PROCEF, afirmamos que en el proceso de conformaci\u00f3n de la identidad institucional del ISEF N.\u00b0 2, la participaci\u00f3n activa y colectiva de su comunidad fue un rasgo distintivo. Las acciones de protesta, organizadas frente a diversas situaciones de falta de acceso o precariedad, no solo responden a demandas concretas, sino que tambi\u00e9n expresan un modo de habitar la instituci\u00f3n, defenderla y as\u00ed <em>construirla<\/em>. De este modo, las pr\u00e1cticas de movilizaci\u00f3n se convirtieron en una forma de construcci\u00f3n identitaria que trascend\u00eda lo pedag\u00f3gico para volverse pol\u00edtica y simb\u00f3licamente potente.<\/p>\n\n\n\n<p><strong>MOVILIZACIONES PARA GARANTIZAR CONDICIONES DIGNAS DE CURSADAS<\/strong><\/p>\n\n\n\n<p>Conforme lo analizado en la investigaci\u00f3n en curso, desde su fundaci\u00f3n en 1985, el ISEF N.\u00b0 2 atraves\u00f3 distintas sedes hasta su radicaci\u00f3n definitiva en el Parque Chacabuco en 1998, todas ellas ubicadas en la zona centro-sur de la actual Ciudad Aut\u00f3noma de Buenos Aires. Desde mediados de 1985 hasta junio de 1986, la primera localizaci\u00f3n fue, precisamente, el predio del Parque Chacabuco, donde funcionaba el Centro Nacional de Educaci\u00f3n F\u00edsica N.\u00ba 1, dependiente de la Municipalidad de la Ciudad de Buenos Aires, cuyas instalaciones fueron consideradas adecuadas por las autoridades educativas nacionales.&nbsp; Se le impone el nombre de \u00abFederico W. Dickens\u00bb por resoluci\u00f3n 973\/86 firmado por el Dr. Alconada Arambur\u00fa, Ministro de Educaci\u00f3n y Justicia en 1986 y 8 a\u00f1os m\u00e1s tarde el profesorado fue transferido a la Municipalidad de la Ciudad de Buenos Aires a partir del 1\u00ba de enero de 1994, seg\u00fan Acta Complementaria N\u00ba4 (Convenio de transferencia de los Servicios Educativos Nacionales ubicados en el territorio de la Municipalidad). De esa manera, la instituci\u00f3n pasa de llamarse INEF Parque Chacabuco en 1985 a tener la denominaci\u00f3n actual, ISEF N\u00b02 Federico W. Dickens desde 1994.<\/p>\n\n\n\n<p>No obstante, la localizaci\u00f3n en el predio del Parque Chacabuco se vio atravesada por diversas dificultades, particularmente en lo referido a las condiciones edilicias y de seguridad. De este modo, el Instituto desarroll\u00f3 sus actividades en el Club Deportivo Espa\u00f1ol de Buenos Aires (Av. Santiago de Compostela 3801), entre 1986 y 1996; en el Club Ferro Carril Oeste (Av. Avellaneda 1240), entre 1996 y 1997; y en un conjunto de oficinas situadas en la calle San Juan 250 (San Telmo), durante un breve per\u00edodo de transici\u00f3n mientras se reacondicionaban las instalaciones en el Parque Chacabuco. A partir del 5 de noviembre de 1996, las autoridades del Instituto son elegidas por votaci\u00f3n de todos los claustros, seg\u00fan resoluci\u00f3n 1884\/96.<\/p>\n\n\n\n<p><strong>MOVILIZACIONES PARA GARANTIZAR UN PREDIO PROPIO<\/strong><\/p>\n\n\n\n<p>De acuerdo a lo que planteamos desde el PROCEF como resultado de nuestra investigaci\u00f3n, desde 1997, el ISEF N.\u00b0 2 retom\u00f3 su actividad en ese predio, consolidando su sede definitiva a partir de 1998. El Decreto N\u00ba 1433\/97, firmado el 9 de octubre de 1997, autoriz\u00f3 el funcionamiento del Instituto de Educaci\u00f3n F\u00edsica N.\u00ba 2 \u00abProf. Federico W. Dickens\u00bb en un sector del Polideportivo Parque Chacabuco. Esta normativa manifiesta que \u201cla Direcci\u00f3n de Educaci\u00f3n Superior que depende de la Direcci\u00f3n General de Educaci\u00f3n, de la Secretar\u00eda de Educaci\u00f3n solicita la construcci\u00f3n de un establecimiento para la regulaci\u00f3n del funcionamiento del Instituto de Educaci\u00f3n F\u00edsica N\u00b0 2 \u201cProfesor Federico W. Dickens\u201d en un predio perteneciente a la Secretar\u00eda de Promoci\u00f3n Social de esta jurisdicci\u00f3n\u201d. El d\u00eda 9 de octubre de 1997, el Jefe de Gobierno \u2013 Dr. Fernando de la R\u00faa -, el Secretario de Educaci\u00f3n \u2013 Dr. Horacio Sanguinetti \u2013 y el Secretario de Promoci\u00f3n Social \u2013 Ing. Rafael Kohanoff- de la Ciudad de Buenos Aires, firmaron el decreto N\u00ba 1433\/97 por el cual se le da el uso de las instalaciones del sector \u2018viejo\u2019 (el que da a la Calle Curapalig\u00fce al 1150) del Parque Chacabuco a nuestro Instituto.&nbsp;<\/p>\n\n\n\n<p>Este logro es fruto de una lucha iniciada a principios de 1996, y con actividades intensificadas en los \u00faltimos meses de 1997 que tuvieron su m\u00e1xima expresi\u00f3n durante la semana en la cual se realizaron clases en la Plaza de Mayo y frente a la sede del Gobierno de la Ciudad de Buenos Aires, culminando con actividades deportivas y recreativas en Av. de Mayo, al pie del Cabildo.&nbsp;<\/p>\n\n\n\n<p>Para entender la magnitud de este acontecimiento, es la primera vez en la historia que el gobierno de la Ciudad cede un espacio propio a un Instituto de Educaci\u00f3n F\u00edsica. Este es un paso gigante para la educaci\u00f3n p\u00fablica y para la Educaci\u00f3n F\u00edsica Argentina en particular. Esto fue posible gracias al accionar de toda la comunidad educativa: estudiantes, docentes, no docentes, egresados y personal directivo.<\/p>\n\n\n\n<p><strong>\u201cLUCHAS\u201d IDENTITARIAS<\/strong><\/p>\n\n\n\n<p>Remitirnos a las \u201cluchas\u201d que atraves\u00f3 la comunidad educativa del ISEF N\u00b02 \u201cFederico W. Dickens\u201d no pretende generar controversias; al contrario, pretendemos dar cuenta de que el profesorado est\u00e1 atravesado por una historia reclamos, reivindicaciones y resistencias que moldearon nuestra identidad ya que surge de la movilizaci\u00f3n estudiantil y se consolida con la exigencia de condiciones \u00f3ptimas de cursada en la que participa la comunidad educativa, lo que deriva en los traslados hacia Deportivo Espa\u00f1ol en primer lugar, Ferrocarril Oeste m\u00e1s tarde y finalmente en las mejoras edilicias y retorno a las instalaciones en el Parque Chacabuco.<\/p>\n\n\n\n<figure class=\"wp-block-image size-full\"><img decoding=\"async\" loading=\"lazy\" width=\"1599\" height=\"899\" src=\"https:\/\/isef2-caba.infd.edu.ar\/sitio\/wp-content\/uploads\/2025\/08\/IMG-20250715-WA0004-1.gif\" alt=\"\" class=\"wp-image-4957\"\/><\/figure>\n\n\n\n<p><\/p>\n","protected":false},"excerpt":{"rendered":"<p>En el marco del Centro de Producci\u00f3n de Conocimiento en Educaci\u00f3n F\u00edsica (PROCEF), espacio destinado a la investigaci\u00f3n en el profesorado y que funciona en el ISEF N\u00ba 2 \u201cProf. Federico W. Dickens\u201d desde el a\u00f1o 2020, durante el transcurso de 2025 -a\u00f1o en que se conmemoran los 40 a\u00f1os de creaci\u00f3n del instituto- se &#8230; <a title=\"Historia\" class=\"read-more\" href=\"https:\/\/isef2-caba.infd.edu.ar\/sitio\/historia\/\" aria-label=\"More on Historia\">[+]<\/a><\/p>\n","protected":false},"author":1468,"featured_media":0,"parent":0,"menu_order":0,"comment_status":"closed","ping_status":"closed","template":"","meta":[],"acf":[],"_links":{"self":[{"href":"https:\/\/isef2-caba.infd.edu.ar\/sitio\/wp-json\/wp\/v2\/pages\/1197"}],"collection":[{"href":"https:\/\/isef2-caba.infd.edu.ar\/sitio\/wp-json\/wp\/v2\/pages"}],"about":[{"href":"https:\/\/isef2-caba.infd.edu.ar\/sitio\/wp-json\/wp\/v2\/types\/page"}],"author":[{"embeddable":true,"href":"https:\/\/isef2-caba.infd.edu.ar\/sitio\/wp-json\/wp\/v2\/users\/1468"}],"replies":[{"embeddable":true,"href":"https:\/\/isef2-caba.infd.edu.ar\/sitio\/wp-json\/wp\/v2\/comments?post=1197"}],"version-history":[{"count":4,"href":"https:\/\/isef2-caba.infd.edu.ar\/sitio\/wp-json\/wp\/v2\/pages\/1197\/revisions"}],"predecessor-version":[{"id":4974,"href":"https:\/\/isef2-caba.infd.edu.ar\/sitio\/wp-json\/wp\/v2\/pages\/1197\/revisions\/4974"}],"wp:attachment":[{"href":"https:\/\/isef2-caba.infd.edu.ar\/sitio\/wp-json\/wp\/v2\/media?parent=1197"}],"curies":[{"name":"wp","href":"https:\/\/api.w.org\/{rel}","templated":true}]}}