{"id":1176,"date":"2018-06-29T17:20:08","date_gmt":"2018-06-29T20:20:08","guid":{"rendered":"https:\/\/isef2-caba.infd.edu.ar\/sitio\/egresados\/"},"modified":"2025-05-19T09:20:15","modified_gmt":"2025-05-19T12:20:15","slug":"egresados","status":"publish","type":"page","link":"https:\/\/isef2-caba.infd.edu.ar\/sitio\/egresados\/","title":{"rendered":"Egresados"},"content":{"rendered":"<h2 class=\"Estilo8\">Retiro de T\u00edtulos<\/h2>\n<p>\u00daNICAMENTE podr\u00e1n ser retirados aquellos T\u00edtulos confeccionados en FORMATO PAPEL (Fecha de Egreso hasta 30\/10\/2023).<\/p>\n<p>Se retiran en Administraci\u00f3n de Lunes a Viernes de 10 a 14hs. En caso de no poder concurrir personalmente, un tercero podr\u00e1 hacerlo acompa\u00f1ado de su DNI (original) y fotocopia del DNI del interesado con autorizaci\u00f3n escrita (<a href=\"https:\/\/drive.google.com\/file\/d\/1bx44cv7Uv6sCpgDKN5NScltMR9IIXNOZ\/view?usp=sharing\">click aqu\u00ed<\/a> )<\/p>\n<p class=\"Estilo8\"><a href=\"https:\/\/docs.google.com\/spreadsheets\/d\/e\/2PACX-1vTt7k0PFPNIYTlga3jqx9bhH270hGjV0pWlVY3vmd8opizit5mc3cerEEfCiMxyASdbVs5mpGgwzbv9\/pubhtml?gid=1531915763&amp;single=true\">Listado de T\u00edtulos y Anal\u00edticos para Retirar (Formato Papel)<\/a><\/p>\n<p>Aquellos Egresados\/as a partir del 01\/11\/2023, recibir\u00e1n en la casilla de correo declarada al momento de solicitar <a href=\"https:\/\/docs.google.com\/forms\/d\/e\/1FAIpQLSeXbtVEi0gtbmyF_7mKm05-ro2zkWN-6PB0KVv1Wk4bnf7BHA\/viewform\">constancia de t\u00edtulo en tr\u00e1mite<\/a>, un link para ingresar al mismo y que tambi\u00e9n estar\u00e1 disponible en:<\/p>\n<p><a href=\"https:\/\/refe.educacion.gob.ar\/busqueda\">Sistema de T\u00edtulo digital (Ingresar y verificar si se encuentra disponible)<\/a><\/p>\n<p>Para m\u00e1s informaci\u00f3n respecto del nuevo sistema de titulaci\u00f3n digital, por favor visita la siguiente p\u00e1gina:<\/p>\n<p><a href=\"https:\/\/www.argentina.gob.ar\/educacion\/direccion-de-validez-nacional-de-titulos-y-estudios\/registro-federal-de-egreso-refe\">Direcci\u00f3n de Validez Nacional de T\u00edtulos y Estudios<\/a><\/p>\n<p>&#8212;&#8212;&#8212;&#8212;&#8212;&#8212;&#8212;&#8212;&#8212;&#8212;&#8212;&#8212;&#8212;&#8212;&#8212;&#8212;&#8212;&#8212;&#8212;&#8211;<\/p>\n<h4 class=\"Estilo5\"><span style=\"color: #003399;\"><span style=\"font-size: 13.3333px;\"><b>Recuerdos<\/b><\/span><\/span><\/h4>\n<p><a href=\"https:\/\/photos.app.goo.gl\/D9nTpINtvvRoPdug2\">Fotos de las promociones de Egresados<\/a><\/p>\n<p><a href=\"https:\/\/photos.app.goo.gl\/f2DHF6BMYrDFLQ8u7\">25 a\u00f1os del Instituto<\/a><\/p>\n","protected":false},"excerpt":{"rendered":"<p>Retiro de T\u00edtulos \u00daNICAMENTE podr\u00e1n ser retirados aquellos T\u00edtulos confeccionados en FORMATO PAPEL (Fecha de Egreso hasta 30\/10\/2023). Se retiran en Administraci\u00f3n de Lunes a Viernes de 10 a 14hs. En caso de no poder concurrir personalmente, un tercero podr\u00e1 hacerlo acompa\u00f1ado de su DNI (original) y fotocopia del DNI del interesado con autorizaci\u00f3n escrita &#8230; <a title=\"Egresados\" class=\"read-more\" href=\"https:\/\/isef2-caba.infd.edu.ar\/sitio\/egresados\/\" aria-label=\"More on Egresados\">[+]<\/a><\/p>\n","protected":false},"author":1468,"featured_media":0,"parent":0,"menu_order":0,"comment_status":"closed","ping_status":"closed","template":"","meta":[],"acf":[],"_links":{"self":[{"href":"https:\/\/isef2-caba.infd.edu.ar\/sitio\/wp-json\/wp\/v2\/pages\/1176"}],"collection":[{"href":"https:\/\/isef2-caba.infd.edu.ar\/sitio\/wp-json\/wp\/v2\/pages"}],"about":[{"href":"https:\/\/isef2-caba.infd.edu.ar\/sitio\/wp-json\/wp\/v2\/types\/page"}],"author":[{"embeddable":true,"href":"https:\/\/isef2-caba.infd.edu.ar\/sitio\/wp-json\/wp\/v2\/users\/1468"}],"replies":[{"embeddable":true,"href":"https:\/\/isef2-caba.infd.edu.ar\/sitio\/wp-json\/wp\/v2\/comments?post=1176"}],"version-history":[{"count":18,"href":"https:\/\/isef2-caba.infd.edu.ar\/sitio\/wp-json\/wp\/v2\/pages\/1176\/revisions"}],"predecessor-version":[{"id":4696,"href":"https:\/\/isef2-caba.infd.edu.ar\/sitio\/wp-json\/wp\/v2\/pages\/1176\/revisions\/4696"}],"wp:attachment":[{"href":"https:\/\/isef2-caba.infd.edu.ar\/sitio\/wp-json\/wp\/v2\/media?parent=1176"}],"curies":[{"name":"wp","href":"https:\/\/api.w.org\/{rel}","templated":true}]}}