{"id":1167,"date":"2018-06-29T17:20:04","date_gmt":"2018-06-29T20:20:04","guid":{"rendered":"https:\/\/isef2-caba.infd.edu.ar\/sitio\/laboratorio\/"},"modified":"2025-06-02T08:51:25","modified_gmt":"2025-06-02T11:51:25","slug":"laboratorio","status":"publish","type":"page","link":"https:\/\/isef2-caba.infd.edu.ar\/sitio\/laboratorio\/","title":{"rendered":"Laboratorio"},"content":{"rendered":"<p>&nbsp;<\/p>\n<h1><span style=\"color: #000080;\">Laboratorio de Actividad y Aptitud F\u00edsica \u00abLic. Pedro Giorno\u00bb<\/span><\/h1>\n<p><strong>&nbsp;<\/strong><\/p>\n<p><strong>El Laboratorio y sus temas de inter\u00e9s<\/strong><\/p>\n<p>En el Laboratorio se llevan a cabo actividades de <strong>capacitaci\u00f3n de nuestros alumnos, de investigaci\u00f3n, y de extensi\u00f3n.<\/strong> La finalidad de estas actividades es acrecentar el conocimiento de los estudiantes para que as\u00ed puedan realizar intervenciones profesionales exitosas. Adem\u00e1s estimulamos la investigaci\u00f3n para que, de este modo, no s\u00f3lo transmitamos el conocimiento sino tambi\u00e9n lo podamos construir. Nuestro inter\u00e9s se concentra en dos \u00e1reas del conocimiento:<\/p>\n<ul>\n<li>Evaluaci\u00f3n de la aptitud f\u00edsica en diferentes contextos y su relaci\u00f3n con los distintos aspectos de la vida cotidiana.<\/li>\n<li>Evaluaci\u00f3n de actividad f\u00edsica en diferentes contextos y su relaci\u00f3n con los distintos aspectos de la vida cotidiana.<\/li>\n<\/ul>\n<p>A partir del estudio de estos temas intentamos contribuir a mejorar el ejercicio profesional en la educaci\u00f3n f\u00edsica en particular y en la actividad f\u00edsica en general.<\/p>\n<p>En 2004 se reestructur\u00f3 la <a href=\"http:\/\/www.institutodickens.edu.ar\/Templates\/Templates\/Templates\/organizacion.html\" target=\"_self\" rel=\"noopener\">organizaci\u00f3n<\/a> interna del laboratorio y a partir de all\u00ed funcionamos con un sistema de tres \u00e1reas: <strong>\u00c1rea de Grado, \u00c1rea de Investigaci\u00f3n y \u00c1rea de Extensi\u00f3n<\/strong>.<\/p>\n<p><strong>\u00c1rea de Grado: El Laboratorio y la formaci\u00f3n de los futuros docentes.<\/strong><\/p>\n<p>En el Laboratorio se cursan los <em>Talleres de diagn\u00f3stico y control de las capacidades f\u00edsicas en el ni\u00f1o, el adolescente<\/em>,&nbsp;<em>el adulto y el adulto mayor<\/em>.<\/p>\n<p>Estos Talleres son cuatrimestrales y se cursan en el 2do y el 4to a\u00f1o de la carrera<\/p>\n<p><strong>\u00c1rea de Investigaci\u00f3n: El Laboratorio, la producci\u00f3n y la difusi\u00f3n del conocimiento cient\u00edfico espec\u00edfico.<\/strong><\/p>\n<p>El prop\u00f3sito del \u00c1rea de Investigaci\u00f3n es producir conocimiento cient\u00edfico espec\u00edfico y difundirlo a la comunidad cient\u00edfico-educativa en particular y a la sociedad en general. La difusi\u00f3n de las producciones y revisiones se lleva a cabo a trav\u00e9s del \u00e1rea de grado (para los alumnos del ISEF), a trav\u00e9s de presentaciones en congresos y de publicaciones en revistas cient\u00edficas gr\u00e1ficas y\/o digitales (para la comunidad en general y profesionales en particular).<\/p>\n<p><em><span style=\"text-decoration: underline;\">Objetivos del \u00e1rea:<\/span><\/em><\/p>\n<ul>\n<li>Llevar a cabo producci\u00f3n cient\u00edfica de manera articulada con el Dpto. de Investigaci\u00f3n del ISEF y de manera independiente.<\/li>\n<li>Realizar actualizaciones y revisiones aplicadas.<\/li>\n<li>Actualizar los contenidos de los diferentes niveles de trabajos pr\u00e1cticos del \u00c1rea de Grado.<\/li>\n<li>Llevar a cabo ateneos de actualizaci\u00f3n para los docentes-investigadores de la instituci\u00f3n.<\/li>\n<li>Publicar en revistas de la especialidad a nivel nacional e internacional.<\/li>\n<li>Llevar a cabo presentaciones en diferentes foros (Congresos, Jornadas, etc.).<\/li>\n<\/ul>\n<p><strong>\u00c1rea de Extensi\u00f3n: El Laboratorio y la colaboraci\u00f3n con terceros.<\/strong><strong>&nbsp;<\/strong><\/p>\n<p>El \u00c1rea de Extensi\u00f3n tendr\u00e1 llegada a contextos externos al ISEF.<\/p>\n<p><em><span style=\"text-decoration: underline;\">Sus prop\u00f3sitos son:<\/span><\/em><\/p>\n<ul>\n<li>Colaborar con otras instituciones y emprendimientos de los \u00e1mbitos educativos formal y no formal.<\/li>\n<li>Contribuir al perfeccionamiento de profesionales provenientes de otras disciplinas en nuestras \u00e1reas tem\u00e1ticas de inter\u00e9s.<\/li>\n<\/ul>\n<p><em><span style=\"text-decoration: underline;\">Objetivos del \u00c1rea:<\/span><\/em><\/p>\n<ul>\n<li>Llevar a cabo capacitaci\u00f3n externa, articulada con el Depto. de Capacitaci\u00f3n y Extensi\u00f3n del ISEF.<\/li>\n<li>Organizar y participar en proyectos y encuentros de la especialidad.<\/li>\n<li>Realizar evaluaciones de actividad f\u00edsica y aptitud f\u00edsica fuera de las instalaciones del ISEF.<\/li>\n<\/ul>\n<p><strong>El Laboratorio y las oportunidades laborales y de perfeccionamiento para los estudiantes, egresados y docentes egresados de nuestro instituto.<\/strong><\/p>\n<p>En el laboratorio la mayor\u00eda de los docentes que participan son estudiantes o egresados de nuestro instituto, y frecuentemente \u00e9ste ha sido su primer empleo formal relacionado con la educaci\u00f3n f\u00edsica. Algunos de los profesores que comenzaron su carrera docente en el laboratorio hoy son profesionales capaces y destacados en otras c\u00e1tedras a su cargo. Esto hace que el Laboratorio, en relaci\u00f3n a los profesores egresados, cumpla con una doble funci\u00f3n: de contenci\u00f3n y pronta inserci\u00f3n laboral por un lado y de capacitaci\u00f3n continua por otro.<br \/>\nEn este sentido el Laboratorio realiza cursos de capacitaci\u00f3n para ingresar como ayudantes de trabajos pr\u00e1cticos (<em>Escuela de Ayudantes<\/em>). Y los alumnos\/as que participan de esta actividad son aquellos que han respondido al respectivo llamado y aquellos que se han acercado por inter\u00e9s y voluntad propia. De esta manera retroalimentamos de manera continua nuestro plantel de ayudantes y profesores.<\/p>\n","protected":false},"excerpt":{"rendered":"<p>&nbsp; Laboratorio de Actividad y Aptitud F\u00edsica \u00abLic. Pedro Giorno\u00bb &nbsp; El Laboratorio y sus temas de inter\u00e9s En el Laboratorio se llevan a cabo actividades de capacitaci\u00f3n de nuestros alumnos, de investigaci\u00f3n, y de extensi\u00f3n. La finalidad de estas actividades es acrecentar el conocimiento de los estudiantes para que as\u00ed puedan realizar intervenciones profesionales &#8230; <a title=\"Laboratorio\" class=\"read-more\" href=\"https:\/\/isef2-caba.infd.edu.ar\/sitio\/laboratorio\/\" aria-label=\"More on Laboratorio\">[+]<\/a><\/p>\n","protected":false},"author":1468,"featured_media":0,"parent":0,"menu_order":0,"comment_status":"closed","ping_status":"closed","template":"","meta":[],"acf":[],"_links":{"self":[{"href":"https:\/\/isef2-caba.infd.edu.ar\/sitio\/wp-json\/wp\/v2\/pages\/1167"}],"collection":[{"href":"https:\/\/isef2-caba.infd.edu.ar\/sitio\/wp-json\/wp\/v2\/pages"}],"about":[{"href":"https:\/\/isef2-caba.infd.edu.ar\/sitio\/wp-json\/wp\/v2\/types\/page"}],"author":[{"embeddable":true,"href":"https:\/\/isef2-caba.infd.edu.ar\/sitio\/wp-json\/wp\/v2\/users\/1468"}],"replies":[{"embeddable":true,"href":"https:\/\/isef2-caba.infd.edu.ar\/sitio\/wp-json\/wp\/v2\/comments?post=1167"}],"version-history":[{"count":2,"href":"https:\/\/isef2-caba.infd.edu.ar\/sitio\/wp-json\/wp\/v2\/pages\/1167\/revisions"}],"predecessor-version":[{"id":4743,"href":"https:\/\/isef2-caba.infd.edu.ar\/sitio\/wp-json\/wp\/v2\/pages\/1167\/revisions\/4743"}],"wp:attachment":[{"href":"https:\/\/isef2-caba.infd.edu.ar\/sitio\/wp-json\/wp\/v2\/media?parent=1167"}],"curies":[{"name":"wp","href":"https:\/\/api.w.org\/{rel}","templated":true}]}}