{"id":1161,"date":"2018-06-29T17:20:02","date_gmt":"2018-06-29T20:20:02","guid":{"rendered":"https:\/\/isef2-caba.infd.edu.ar\/sitio\/carrera\/"},"modified":"2025-05-20T14:08:11","modified_gmt":"2025-05-20T17:08:11","slug":"carrera","status":"publish","type":"page","link":"https:\/\/isef2-caba.infd.edu.ar\/sitio\/carrera\/","title":{"rendered":"Carrera"},"content":{"rendered":"<p>ORGANIZACI\u00d3N DEL INSTITUTO<\/p>\n<h1>CARACTER\u00cdSTICAS DEL INSTITUTO \u201cF. W. DICKENS\u201d.<\/h1>\n<p>Es un establecimiento de Ense\u00f1anza Superior, dependiente de la <strong>Secretar\u00eda de Educaci\u00f3n del Gobierno de la Ciudad de Buenos Aires.<\/strong><\/p>\n<h3>T\u00edtulos que otorga<\/h3>\n<p>Profesor de Educaci\u00f3n Superior en Educaci\u00f3n F\u00edsica (al t\u00e9rmino de 4\u00b0a\u00f1o, seg\u00fan Resoluci\u00f3n 219 <a title=\"Resoluci\u00f3n 219 A \" href=\"upload\/img\/Resolucion_219_Dickens_001.jpg\" target=\"_blank\" rel=\"noopener\">p\u00e1gina 1<\/a> y <a title=\"Resoluci\u00f3n 219 B\" href=\"upload\/img\/resolucion_219_dickens_2_001.jpg\" target=\"_blank\" rel=\"noopener\">p\u00e1gina \u00a02<\/a>)<\/p>\n<h3>Sede:<\/h3>\n<p>El Instituto \u201cFederico W. Dickens\u201d, es el primer Instituto de Educaci\u00f3n F\u00edsica del Gobierno de la Ciudad con sede propia, sito en Curapalig\u00fce 1150, Capital Federal.<\/p>\n<h3>Horarios de clases<\/h3>\n<p>Turno Ma\u00f1ana: De 8.00 a 13.00 hs<\/p>\n<p>Turno Tarde: de 13.00 a 18.00 hs.<\/p>\n<p>Turno Vespertino: 18.00 a 23.00 hs<\/p>\n<p><strong><span style=\"text-decoration: underline;\">Importante<\/span><\/strong><strong><span style=\"text-decoration: underline;\">:<\/span><\/strong> la materia Nataci\u00f3n de 1\u00b0 y\u00a0 2\u00b0\u00a0 a\u00f1o y Pr\u00e1ctica de la Ense\u00f1anza de 2\u00b0, 3\u00b0 y 4\u00b0 a\u00f1o <strong>se cursan en contraturno<\/strong>. Tambi\u00e9n deber\u00e1n cumplir fuera del horario escolar con los Trabajos Pr\u00e1cticos que consten en los programas de las distintas asignaturas.<\/p>\n<h1>Normas Generales:<\/h1>\n<p>1)\u00a0\u00a0 D\u00edas de clase: Lunes a Viernes clases curriculares, debiendo cumplimentar alg\u00fan taller, en contraturno u horario vespertino. Los d\u00edas s\u00e1bados, se podr\u00e1 cursar tanto clases cuniculares como otras modalidades de cursada, de acuerdo a las necesidades\u00a0 acad\u00e9micas o institucionales<\/p>\n<p>2)\u00a0\u00a0 Las clases de Nataci\u00f3n se dictar\u00e1n en horarios contrarios a las que cursan habitualmente, en los lugares que oportunamente se determinen.<\/p>\n<p>3)\u00a0\u00a0 La c\u00e1tedra de <strong>Vida en la\u00a0 Naturaleza, <\/strong>para su aprobaci\u00f3n programa un campamento de 48 o 72 hs. <strong>como m\u00ednimo<\/strong>; cuyos gastos ser\u00e1n costeados por los propios alumnos. Podr\u00e1 cumplirse en s\u00e1bado, domingo y\/o feriado. Tambi\u00e9n se realizar\u00e1n pr\u00e1cticas docentes en esta \u00e1rea.<\/p>\n<p>4)\u00a0\u00a0 <strong>Pr\u00e1ctica de la Ense\u00f1anza:\u00a0<\/strong>Siendo el profesorado de Educaci\u00f3n f\u00edsica una carrera eminentemente docente, donde el eje troncal de la misma es la practica de la ense\u00f1anza, la Instituci\u00f3n podr\u00e1 implementar\u00a0 distintas instancias de intervenci\u00f3n pedag\u00f3gica en los diferentes \u00e1mbitos desde el primer a\u00f1o de cursada. Dichas propuestas did\u00e1ctico pedag\u00f3gicas se llevaran a cabo tanto en el \u00e1mbito formal como en el no formal, pudiendo ser alguna de ellas en el nivel inicial, primario, medio, superior, nataci\u00f3n, escuelas deportivas, gimnasios, geri\u00e1tricos y toda actividad que se considere fortalecedora para la capacitaci\u00f3n acad\u00e9mico profesional del alumno.<\/p>\n<p>Estas acciones ser\u00e1n abordadas durante los diferentes a\u00f1os de acuerdo a las necesidades de organizaci\u00f3n de la carrera, lo mismo que la cantidad necesaria de instancias para la\u00a0 aprobaci\u00f3n de las mismas.<\/p>\n<p>La implementaci\u00f3n de dichas acciones docentes estar\u00e1n supeditadas en d\u00edas y horarios a la posible oferta \u00a0propuesta por la Instituci\u00f3n.<\/p>\n<p>El Profesor de Did\u00e1ctica y Pr\u00e1ctica de la Ense\u00f1anza asignar\u00e1 las Instituciones, horarios, lugares, grados, grupos y rotaciones que les correspondan durante el per\u00edodo de Pr\u00e1ctica en diferentes contextos educativos.<\/p>\n<p>5)\u00a0\u00a0 De acuerdo al decreto N\u00ba 1433\/97, todos los alumnos del Instituto \u201cF. W. Dickens\u201d realizar\u00e1n\u00a0 Pr\u00e1cticas pedag\u00f3gicas en Escuelas Deportivas, las cuales podr\u00e1n ser tambi\u00e9n dentro del \u00e1mbito de la Direcci\u00f3n de Deportes del Gobierno de la Ciudad de Buenos Aires o en Escuelas Deportivas.<\/p>\n","protected":false},"excerpt":{"rendered":"<p>ORGANIZACI\u00d3N DEL INSTITUTO CARACTER\u00cdSTICAS DEL INSTITUTO \u201cF. W. DICKENS\u201d. Es un establecimiento de Ense\u00f1anza Superior, dependiente de la Secretar\u00eda de Educaci\u00f3n del Gobierno de la Ciudad de Buenos Aires. T\u00edtulos que otorga Profesor de Educaci\u00f3n Superior en Educaci\u00f3n F\u00edsica (al t\u00e9rmino de 4\u00b0a\u00f1o, seg\u00fan Resoluci\u00f3n 219 p\u00e1gina 1 y p\u00e1gina \u00a02) Sede: El Instituto \u201cFederico &#8230; <a title=\"Carrera\" class=\"read-more\" href=\"https:\/\/isef2-caba.infd.edu.ar\/sitio\/carrera\/\" aria-label=\"More on Carrera\">[+]<\/a><\/p>\n","protected":false},"author":1468,"featured_media":0,"parent":0,"menu_order":0,"comment_status":"closed","ping_status":"closed","template":"","meta":[],"acf":[],"_links":{"self":[{"href":"https:\/\/isef2-caba.infd.edu.ar\/sitio\/wp-json\/wp\/v2\/pages\/1161"}],"collection":[{"href":"https:\/\/isef2-caba.infd.edu.ar\/sitio\/wp-json\/wp\/v2\/pages"}],"about":[{"href":"https:\/\/isef2-caba.infd.edu.ar\/sitio\/wp-json\/wp\/v2\/types\/page"}],"author":[{"embeddable":true,"href":"https:\/\/isef2-caba.infd.edu.ar\/sitio\/wp-json\/wp\/v2\/users\/1468"}],"replies":[{"embeddable":true,"href":"https:\/\/isef2-caba.infd.edu.ar\/sitio\/wp-json\/wp\/v2\/comments?post=1161"}],"version-history":[{"count":2,"href":"https:\/\/isef2-caba.infd.edu.ar\/sitio\/wp-json\/wp\/v2\/pages\/1161\/revisions"}],"predecessor-version":[{"id":4742,"href":"https:\/\/isef2-caba.infd.edu.ar\/sitio\/wp-json\/wp\/v2\/pages\/1161\/revisions\/4742"}],"wp:attachment":[{"href":"https:\/\/isef2-caba.infd.edu.ar\/sitio\/wp-json\/wp\/v2\/media?parent=1161"}],"curies":[{"name":"wp","href":"https:\/\/api.w.org\/{rel}","templated":true}]}}